{"id":1005,"date":"2015-11-16T11:20:50","date_gmt":"2015-11-16T11:20:50","guid":{"rendered":"http:\/\/leus.com.br\/site\/?post_type=product&#038;p=1005"},"modified":"2020-02-20T16:59:08","modified_gmt":"2020-02-20T19:59:08","slug":"cp6060-sasab-chave-impacto-34","status":"publish","type":"product","link":"https:\/\/www.leus.com.br\/?product=cp6060-sasab-chave-impacto-34","title":{"rendered":"CP6060 SASAB &#8211; CHAVE IMPACTO 3\/4&#8243;"},"content":{"rendered":"<p><strong>Benef\u00edcios<\/strong><\/p>\n<ul class=\"features_list\">\n<li>\n<h4>Melhor impacto de 3\/4 &#8220;para soltar parafusos grandes em industrias muito exigentes.<\/h4>\n<\/li>\n<li>\n<h4>Conforto e controle, gra\u00e7as a um design ergon\u00f4mico e resistente.<\/h4>\n<\/li>\n<li>\n<h4>&#8221; Torque Ilimitado&#8221; por causa de sua dupla embreagem.<\/h4>\n<\/li>\n<li>\n<h4>Durabilidade inigual\u00e1vel com mecanismo confi\u00e1vel e caixa dur\u00e1vel.<\/h4>\n<\/li>\n<li>\n<h4>Constru\u00e7\u00e3o compactada em 3 partes \u00a0de f\u00e1cil manuten\u00e7\u00e3o.<\/h4>\n<\/li>\n<\/ul>\n<p><strong>Caracter\u00edsticas<\/strong><\/p>\n<ul class=\"features_list\">\n<li>\n<h4>Chave de impacto resistente de 3\/4&#8243;<\/h4>\n<\/li>\n<li>\n<h4>Embreagem com 2 garras<\/h4>\n<\/li>\n<li>\n<h4>Corpo de alum\u00ednio e caixa de embreagem em a\u00e7o<\/h4>\n<\/li>\n<li>\n<h4>Retentor de soquete tipo furado<\/h4>\n<\/li>\n<\/ul>\n<h4><strong>Part number<\/strong> T024059<br \/>\n<strong>Model<\/strong> CP6060 SASAB<br \/>\n<strong>Joint type:<\/strong> soft Joint type: soft<br \/>\n<strong>Joint type:<\/strong> hard Joint type: hard<br \/>\n<strong>Handle type<\/strong> Pistol<br \/>\n<strong>Square drive<\/strong> 3\/4&#8243;<br \/>\n<strong>Working Torque Range (fwd)<\/strong> 265-880 Nm 195-650<br \/>\n<strong>Maximum Torque (fwd)<\/strong> 1350 Nm 995 ft.lbs<br \/>\n<strong>Maximum Torque (reverse)<\/strong> 1356 Nm 1000 ft.lbs<br \/>\n<strong>Free speed<\/strong> 3500 rpm<br \/>\n<strong>Blows per minute<\/strong> 1000<br \/>\n<strong>Net weight<\/strong> 5.3 kg 11.7 lb<br \/>\n<strong>Power\/weight ratio<\/strong> 254.7 Nm\/kg 85 ft.lb\/lb<br \/>\n<strong>Length<\/strong> 220 mm 8.6&#8243;<br \/>\n<strong>Side to center<\/strong> 37 mm 1.46&#8243;<br \/>\n<strong>Actual air consumption<\/strong> 19.8 l\/s 42 cfm<br \/>\n<strong>Noise level<\/strong> 95 db(A)<br \/>\n<strong>Sound Power<\/strong> 106 db(A)<br \/>\n<strong>Vibration (ISO-8662-7)<\/strong> 8 m\/s\u00b2<br \/>\n<strong>Vibration \u03b1 (ISO-28927-2)<\/strong> 14.2 m\/s\u00b2<br \/>\n<strong>Vibration K (ISO-28927-2)<\/strong> 4.1 m\/s\u00b2<br \/>\n<strong>Socket retainer<\/strong> Hole<br \/>\n<strong>Clutch type<\/strong> 2-Jaw<br \/>\n<strong>Bolt size<\/strong> M25<\/h4>\n","protected":false},"excerpt":{"rendered":"<ul>\n<li id=\"tw-target-text\" class=\"tw-data-text vk_txt tw-ta tw-text-small\" dir=\"ltr\" data-placeholder=\"Tradu\u00e7\u00e3o\">\n<h4><span lang=\"pt\">Melhor 3\/4 &#8221; impacto para afrouxar os parafusos grandes em ind\u00fastrias muito exigentes \u00a0\u00a0\u00a0\u00a0<\/span><\/h4>\n<\/li>\n<li class=\"tw-data-text vk_txt tw-ta tw-text-small\" dir=\"ltr\" data-placeholder=\"Tradu\u00e7\u00e3o\">\n<h4><span lang=\"pt\">Conforto e controle do operador gra\u00e7as ao design ergon\u00f4mico perfeito, mesmo em n\u00edveis de alto torque \u00a0\u00a0\u00a0\u00a0&#8220;Never Ending&#8221; torque gra\u00e7as \u00e0 embraiagem 2 &#8211; Jaw \u00a0\u00a0\u00a0\u00a0<\/span><\/h4>\n<\/li>\n<li class=\"tw-data-text vk_txt tw-ta tw-text-small\" dir=\"ltr\" data-placeholder=\"Tradu\u00e7\u00e3o\">\n<h4><span lang=\"pt\">Durabilidade incompar\u00e1vel com mecanismo confi\u00e1vel e dur\u00e1vel habita\u00e7\u00e3o \u00a0\u00a0\u00a0\u00a0Compact constru\u00e7\u00e3o de 3 partes e de f\u00e1cil manuten\u00e7\u00e3o<\/span><\/h4>\n<\/li>\n<\/ul>\n","protected":false},"featured_media":3531,"template":"","meta":{"_links_to":"","_links_to_target":""},"product_cat":[9],"product_tag":[],"_links":{"self":[{"href":"https:\/\/www.leus.com.br\/index.php?rest_route=\/wp\/v2\/product\/1005"}],"collection":[{"href":"https:\/\/www.leus.com.br\/index.php?rest_route=\/wp\/v2\/product"}],"about":[{"href":"https:\/\/www.leus.com.br\/index.php?rest_route=\/wp\/v2\/types\/product"}],"wp:featuredmedia":[{"embeddable":true,"href":"https:\/\/www.leus.com.br\/index.php?rest_route=\/wp\/v2\/media\/3531"}],"wp:attachment":[{"href":"https:\/\/www.leus.com.br\/index.php?rest_route=%2Fwp%2Fv2%2Fmedia&parent=1005"}],"wp:term":[{"taxonomy":"product_cat","embeddable":true,"href":"https:\/\/www.leus.com.br\/index.php?rest_route=%2Fwp%2Fv2%2Fproduct_cat&post=1005"},{"taxonomy":"product_tag","embeddable":true,"href":"https:\/\/www.leus.com.br\/index.php?rest_route=%2Fwp%2Fv2%2Fproduct_tag&post=1005"}],"curies":[{"name":"wp","href":"https:\/\/api.w.org\/{rel}","templated":true}]}}