{"id":1008,"date":"2015-11-16T11:26:45","date_gmt":"2015-11-16T11:26:45","guid":{"rendered":"http:\/\/leus.com.br\/site\/?post_type=product&#038;p=1008"},"modified":"2016-11-21T18:32:17","modified_gmt":"2016-11-21T18:32:17","slug":"cp6060-sasar-chave-impacto-34","status":"publish","type":"product","link":"https:\/\/www.leus.com.br\/?product=cp6060-sasar-chave-impacto-34","title":{"rendered":"CP6060 SASAR &#8211; CHAVE IMPACTO 3\/4&#8243;"},"content":{"rendered":"<p><strong>Benef\u00edcios<\/strong><\/p>\n<ul>\n<li>\n<h4>Ferramenta resistente de 3\/4&#8243; para soltar grandes parafusos em ind\u00fastrias com alta demanda.<\/h4>\n<\/li>\n<li>\n<h4>Conforto para o operador e controle gra\u00e7as ao projeto ergon\u00f4mico perfeito mesmo em n\u00edveis de torque altos<\/h4>\n<\/li>\n<li>\n<h4>Embreagem confi\u00e1vel de 2 dentes e corpo dur\u00e1vel<\/h4>\n<\/li>\n<li>\n<h4>Constru\u00e7\u00e3o em 3 parte compactas e de f\u00e1cil manuten\u00e7\u00e3o<\/h4>\n<\/li>\n<\/ul>\n<p><strong>Caracter\u00edsticas<\/strong><\/p>\n<ul class=\"features_list\">\n<li>\n<h4>Chave de impacto resistente de 3\/4&#8243;<\/h4>\n<\/li>\n<li>\n<h4>Embreagem com 2 garras<\/h4>\n<\/li>\n<li>\n<h4>Corpo de alum\u00ednio e caixa de embreagem em a\u00e7o<\/h4>\n<\/li>\n<li>\n<h4>Retentor de soquete tipo anel<\/h4>\n<\/li>\n<\/ul>\n<h4><strong>Part number<\/strong> T024058<br \/>\n<strong>Model<\/strong> CP6060 SASAR<br \/>\n<strong>Joint type:<\/strong> soft Joint type: soft<br \/>\n<strong>Joint type:<\/strong> hard Joint type: hard<br \/>\n<strong>Handle type<\/strong> Pistol<br \/>\n<strong>Square drive<\/strong> 3\/4&#8243;<br \/>\n<strong>Working Torque Range (fwd)<\/strong> 265-880 Nm 195-650<br \/>\n<strong>Maximum Torque (fwd)<\/strong> 1350 Nm 995 ft.lbs<br \/>\n<strong>Maximum Torque (reverse)<\/strong> 1356 Nm 1000 ft.lbs<br \/>\n<strong>Free speed<\/strong> 3500 rpm<br \/>\n<strong>Blows per minute<\/strong> 1000<br \/>\n<strong>Net weight<\/strong> 5.4 kg 11.9 lb<br \/>\n<strong>Power\/weight ratio<\/strong> 250 Nm\/kg 83.6 ft.lb\/lb<br \/>\n<strong>Length<\/strong> 220 mm 8.6&#8243;<br \/>\n<strong>Side to center<\/strong> 37 mm 1.46&#8243;<br \/>\n<strong>Actual air consumption<\/strong> 19.8 l\/s 42 cfm<br \/>\n<strong>Noise level<\/strong> 95 db(A)<br \/>\n<strong>Sound Power<\/strong> 106 db(A)<br \/>\n<strong>Vibration (ISO-8662-7)<\/strong> 8 m\/s\u00b2<br \/>\n<strong>Vibration \u03b1 (ISO-28927-2)<\/strong> 14.2 m\/s\u00b2<br \/>\n<strong>Vibration K (ISO-28927-2)<\/strong> 4.1 m\/s\u00b2<br \/>\n<strong>Socket retainer<\/strong> Friction ring<br \/>\n<strong>Clutch type<\/strong> 2-Jaw<br \/>\n<strong>Bolt size<\/strong> M25<\/h4>\n","protected":false},"excerpt":{"rendered":"<ul class=\"features_list\">\n<li>\n<h4>Melhor ferramenta resistente de 3\/4&#8243; para soltar grandes parafusos em ind\u00fastrias com alta demanda<\/h4>\n<\/li>\n<li>\n<h4>Conforto para o operador e controle gra\u00e7as ao projeto ergon\u00f4mico perfeito mesmo em n\u00edveis de torque altos<\/h4>\n<\/li>\n<li>\n<h4>Embreagem confi\u00e1vel de 2 dentes e corpo dur\u00e1vel<\/h4>\n<\/li>\n<li>\n<h4>Constru\u00e7\u00e3o em 3 parte compactas e de f\u00e1cil manuten\u00e7\u00e3o<\/h4>\n<\/li>\n<\/ul>\n","protected":false},"featured_media":3534,"template":"","meta":{"_links_to":"","_links_to_target":""},"product_cat":[9],"product_tag":[],"_links":{"self":[{"href":"https:\/\/www.leus.com.br\/index.php?rest_route=\/wp\/v2\/product\/1008"}],"collection":[{"href":"https:\/\/www.leus.com.br\/index.php?rest_route=\/wp\/v2\/product"}],"about":[{"href":"https:\/\/www.leus.com.br\/index.php?rest_route=\/wp\/v2\/types\/product"}],"wp:featuredmedia":[{"embeddable":true,"href":"https:\/\/www.leus.com.br\/index.php?rest_route=\/wp\/v2\/media\/3534"}],"wp:attachment":[{"href":"https:\/\/www.leus.com.br\/index.php?rest_route=%2Fwp%2Fv2%2Fmedia&parent=1008"}],"wp:term":[{"taxonomy":"product_cat","embeddable":true,"href":"https:\/\/www.leus.com.br\/index.php?rest_route=%2Fwp%2Fv2%2Fproduct_cat&post=1008"},{"taxonomy":"product_tag","embeddable":true,"href":"https:\/\/www.leus.com.br\/index.php?rest_route=%2Fwp%2Fv2%2Fproduct_tag&post=1008"}],"curies":[{"name":"wp","href":"https:\/\/api.w.org\/{rel}","templated":true}]}}