{"id":1018,"date":"2015-11-16T11:32:38","date_gmt":"2015-11-16T11:32:38","guid":{"rendered":"http:\/\/leus.com.br\/site\/?post_type=product&#038;p=1018"},"modified":"2016-09-05T16:37:29","modified_gmt":"2016-09-05T16:37:29","slug":"cp0611p-rs-chave-impacto-1","status":"publish","type":"product","link":"https:\/\/www.leus.com.br\/?product=cp0611p-rs-chave-impacto-1","title":{"rendered":"CP0611P RS &#8211; CHAVE IMPACTO 1&#8243;"},"content":{"rendered":"<h4><strong>Benef\u00edcios<\/strong><\/h4>\n<ul class=\"features_list\">\n<li>\n<h4>Melhor desempenho do mercado para soltar grandes parafusos de forma r\u00e1pida e f\u00e1cil<\/h4>\n<\/li>\n<li>\n<h4>Conforto para o operador e controle com empunhadura lateral ajust\u00e1vel mesmo em n\u00edveis de torque altos<\/h4>\n<\/li>\n<li>\n<h4>Mecanismo de impacto confi\u00e1vel e corpo dur\u00e1vel<\/h4>\n<\/li>\n<li>\n<h4>Constru\u00e7\u00e3o em 3 parte compactas e de f\u00e1cil manuten\u00e7\u00e3o<\/h4>\n<\/li>\n<\/ul>\n<h4><strong>Caracter\u00edsticas<\/strong><\/h4>\n<ul class=\"features_list\">\n<li>\n<h4>Chave de impacto resistente de 1&#8243;<\/h4>\n<\/li>\n<li>\n<h4>Embreagem com 2 garras<\/h4>\n<\/li>\n<li>\n<h4>Corpo de alum\u00ednio e caixa de embreagem em a\u00e7o<\/h4>\n<\/li>\n<li>\n<h4>Empunhadura lateral tipo D<\/h4>\n<\/li>\n<li>\n<h4>Retentor de soquete tipo furado<\/h4>\n<\/li>\n<\/ul>\n<p><strong>Part number<\/strong> T025413 or 6151590050<br \/>\n<strong>Model<\/strong> CP0611P RS<br \/>\n<strong>Joint type:<\/strong> soft Joint type: soft<br \/>\n<strong>Joint type:<\/strong> hard Joint type: hard<br \/>\n<strong>Handle type<\/strong> Pistol<br \/>\n<strong>Square drive<\/strong> 1&#8243;<br \/>\n<strong>Working Torque Range (fwd)<\/strong> 1,220-2,440 Nm 900-1,800<br \/>\n<strong>Maximum Torque (fwd)<\/strong> 3790 Nm 2800 ft.lbs<br \/>\n<strong>Maximum Torque (reverse)<\/strong> 3790 Nm 2800 ft.lbs<br \/>\n<strong>Free speed<\/strong> 3500 rpm<br \/>\n<strong>Blows per minute<\/strong> 1020<br \/>\n<strong>Net weight<\/strong> 10.5 kg 23.1 lb<br \/>\n<strong>Power\/weight ratio<\/strong> 361 Nm\/kg 121.2 ft.lb\/lb<br \/>\n<strong>Length<\/strong> 272 mm 10.7&#8243;<br \/>\n<strong>Side to center<\/strong> 46 mm 1.81&#8243;<br \/>\n<strong>Actual air consumption<\/strong> 22.6 l\/s 48 cfm<br \/>\n<strong>Noise level<\/strong> 102 db(A)<br \/>\n<strong>Sound Power<\/strong> 113 db(A)<br \/>\n<strong>Vibration (ISO-8662-7)<\/strong> 12.4 m\/s\u00b2<br \/>\n<strong>Vibration \u03b1 (ISO-28927-2)<\/strong> 16.8 m\/s\u00b2<br \/>\n<strong>Vibration K (ISO-28927-2)<\/strong> 4.7 m\/s\u00b2<br \/>\n<strong>Socket retaine<\/strong>r Hole<br \/>\n<strong>Clutch type<\/strong> 2-Jaw<br \/>\n<strong>Bolt size<\/strong> M36<\/p>\n","protected":false},"excerpt":{"rendered":"<ul class=\"features_list\">\n<li>\n<h4>Melhor desempenho do mercado para soltar grandes parafusos de forma r\u00e1pida e f\u00e1cil<\/h4>\n<\/li>\n<li>\n<h4>Conforto para o operador e controle com empunhadura lateral ajust\u00e1vel mesmo em n\u00edveis de torque altos<\/h4>\n<\/li>\n<li>\n<h4>Mecanismo de impacto confi\u00e1vel e corpo dur\u00e1vel<\/h4>\n<\/li>\n<li>\n<h4>Constru\u00e7\u00e3o em 3 parte compactas e de f\u00e1cil manuten\u00e7\u00e3o<\/h4>\n<\/li>\n<\/ul>\n","protected":false},"featured_media":3516,"template":"","meta":{"_links_to":"","_links_to_target":""},"product_cat":[9],"product_tag":[],"_links":{"self":[{"href":"https:\/\/www.leus.com.br\/index.php?rest_route=\/wp\/v2\/product\/1018"}],"collection":[{"href":"https:\/\/www.leus.com.br\/index.php?rest_route=\/wp\/v2\/product"}],"about":[{"href":"https:\/\/www.leus.com.br\/index.php?rest_route=\/wp\/v2\/types\/product"}],"wp:featuredmedia":[{"embeddable":true,"href":"https:\/\/www.leus.com.br\/index.php?rest_route=\/wp\/v2\/media\/3516"}],"wp:attachment":[{"href":"https:\/\/www.leus.com.br\/index.php?rest_route=%2Fwp%2Fv2%2Fmedia&parent=1018"}],"wp:term":[{"taxonomy":"product_cat","embeddable":true,"href":"https:\/\/www.leus.com.br\/index.php?rest_route=%2Fwp%2Fv2%2Fproduct_cat&post=1018"},{"taxonomy":"product_tag","embeddable":true,"href":"https:\/\/www.leus.com.br\/index.php?rest_route=%2Fwp%2Fv2%2Fproduct_tag&post=1018"}],"curies":[{"name":"wp","href":"https:\/\/api.w.org\/{rel}","templated":true}]}}