{"id":1040,"date":"2015-11-16T11:56:42","date_gmt":"2015-11-16T11:56:42","guid":{"rendered":"http:\/\/leus.com.br\/site\/?post_type=product&#038;p=1040"},"modified":"2016-09-06T11:46:34","modified_gmt":"2016-09-06T11:46:34","slug":"cp6110-gased-chave-impacto-1","status":"publish","type":"product","link":"https:\/\/www.leus.com.br\/?product=cp6110-gased-chave-impacto-1","title":{"rendered":"CP6110 GASED &#8211; CHAVE IMPACTO 1&#8243;"},"content":{"rendered":"<p><strong>Benef\u00edcios<\/strong><\/p>\n<ul class=\"features_list\">\n<li>\n<h4>A melhor ferramenta resistente de 1&#8243; para aplica\u00e7\u00f5es de juntas leves<\/h4>\n<\/li>\n<li>\n<h4>Conforto para o operador com empunhadura lateral ajust\u00e1vel<\/h4>\n<\/li>\n<li>\n<h4>Embreagem confi\u00e1vel e corpo dur\u00e1vel<\/h4>\n<\/li>\n<li>\n<h4>Constru\u00e7\u00e3o de 3 partes para f\u00e1cil manuten\u00e7\u00e3o<\/h4>\n<\/li>\n<\/ul>\n<p><strong>Caracter\u00edsticas<\/strong><\/p>\n<ul class=\"features_list\">\n<li>\n<h4>Chave de impacto resistente de 1&#8243;<\/h4>\n<\/li>\n<li>\n<h4>Embreagem de martelete duplo<\/h4>\n<\/li>\n<li>\n<h4>Corpo de alum\u00ednio e caixa de embreagem em a\u00e7o<\/h4>\n<\/li>\n<li>\n<h4>Empunhadura lateral tipo D com gatilho externo<\/h4>\n<\/li>\n<li>\n<h4>Retentor de soquete tipo furado<\/h4>\n<\/li>\n<\/ul>\n<p><strong>Part number<\/strong> T024425<br \/>\n<strong>Model<\/strong> CP6110 GASED<br \/>\n<strong>Joint type:<\/strong> very soft Joint type: very soft<br \/>\n<strong>Joint type:<\/strong> soft Joint type: soft<br \/>\n<strong>Handle type<\/strong> D-Handle Outside Trigger<br \/>\n<strong>Square drive<\/strong> 1&#8243;<br \/>\n<strong>Working Torque Range (fwd)<\/strong> 510-1,695 Nm 375-1,250<br \/>\n<strong>Maximum Torque (fwd)<\/strong> 2575 Nm 1900 ft.lbs<br \/>\n<strong>Maximum Torque (reverse)<\/strong> 2575 Nm 1900 ft.lbs<br \/>\n<strong>Free speed<\/strong> 3500 rpm<br \/>\n<strong>Blows per minute<\/strong> 960<br \/>\n<strong>Net weight<\/strong> 9.75 kg 21.5 lb<br \/>\n<strong>Power\/weight ratio<\/strong> 264.1 Nm\/kg 88.4 ft.lb\/lb<br \/>\n<strong>Length<\/strong> 330 mm 12.99&#8243;<br \/>\n<strong>Side to center<\/strong> 44 mm 1.73&#8243;<br \/>\n<strong>Actual air consumption<\/strong> 25 l\/s 53 cfm<br \/>\n<strong>Noise level<\/strong> 93 db(A)<br \/>\n<strong>Sound Power<\/strong> 104 db(A)<br \/>\n<strong>Vibration (ISO-8662-7)<\/strong> 10.5 m\/s\u00b2<br \/>\n<strong>Vibration \u03b1 (ISO-28927-2)<\/strong> 18.1 m\/s\u00b2<br \/>\n<strong>Vibration K (ISO-28927-2)<\/strong> 5.9 m\/s\u00b2<br \/>\n<strong>Socket retainer<\/strong> Hole<br \/>\n<strong>Clutch type<\/strong> Twin Lobe<br \/>\n<strong>Bolt size<\/strong> M30<\/p>\n","protected":false},"excerpt":{"rendered":"<ul class=\"features_list\">\n<li>\n<h4>A melhor ferramenta resistente de 1&#8243; para aplica\u00e7\u00f5es de juntas leves<\/h4>\n<\/li>\n<li>\n<h4>Conforto para o operador com empunhadura lateral ajust\u00e1vel<\/h4>\n<\/li>\n<li>\n<h4>Embreagem confi\u00e1vel e corpo dur\u00e1vel<\/h4>\n<\/li>\n<li>\n<h4>Constru\u00e7\u00e3o de 3 partes para f\u00e1cil manuten\u00e7\u00e3o<\/h4>\n<\/li>\n<\/ul>\n","protected":false},"featured_media":3539,"template":"","meta":{"_links_to":"","_links_to_target":""},"product_cat":[9],"product_tag":[],"_links":{"self":[{"href":"https:\/\/www.leus.com.br\/index.php?rest_route=\/wp\/v2\/product\/1040"}],"collection":[{"href":"https:\/\/www.leus.com.br\/index.php?rest_route=\/wp\/v2\/product"}],"about":[{"href":"https:\/\/www.leus.com.br\/index.php?rest_route=\/wp\/v2\/types\/product"}],"wp:featuredmedia":[{"embeddable":true,"href":"https:\/\/www.leus.com.br\/index.php?rest_route=\/wp\/v2\/media\/3539"}],"wp:attachment":[{"href":"https:\/\/www.leus.com.br\/index.php?rest_route=%2Fwp%2Fv2%2Fmedia&parent=1040"}],"wp:term":[{"taxonomy":"product_cat","embeddable":true,"href":"https:\/\/www.leus.com.br\/index.php?rest_route=%2Fwp%2Fv2%2Fproduct_cat&post=1040"},{"taxonomy":"product_tag","embeddable":true,"href":"https:\/\/www.leus.com.br\/index.php?rest_route=%2Fwp%2Fv2%2Fproduct_tag&post=1040"}],"curies":[{"name":"wp","href":"https:\/\/api.w.org\/{rel}","templated":true}]}}