{"id":1042,"date":"2015-11-16T11:57:59","date_gmt":"2015-11-16T11:57:59","guid":{"rendered":"http:\/\/leus.com.br\/site\/?post_type=product&#038;p=1042"},"modified":"2016-09-06T11:51:06","modified_gmt":"2016-09-06T11:51:06","slug":"cp6120-pasel-chave-impacto-1-12","status":"publish","type":"product","link":"https:\/\/www.leus.com.br\/?product=cp6120-pasel-chave-impacto-1-12","title":{"rendered":"CP6120 PASEL &#8211; CHAVE IMPACTO 1-1\/2&#8243;"},"content":{"rendered":"<p><strong>Benef\u00edcios<\/strong><\/p>\n<ul class=\"features_list\">\n<li>\n<h4>Melhor pistola para soltar grande parafusos de forma r\u00e1pida e suave<\/h4>\n<\/li>\n<li>\n<h4>Conforto para o operador e controle com empunhadura lateral ajust\u00e1vel mesmo em n\u00edveis de torque altos<\/h4>\n<\/li>\n<li>\n<h4>Mecanismo de impacto confi\u00e1vel e corpo dur\u00e1vel<\/h4>\n<\/li>\n<li>\n<h4>Constru\u00e7\u00e3o de 3 partes compacta para f\u00e1cil manuten\u00e7\u00e3o<\/h4>\n<\/li>\n<li>\n<h4>Transfer\u00eancia completa de torque com ranhura num. 5<\/h4>\n<\/li>\n<\/ul>\n<p><strong>Caracter\u00edsticas<\/strong><\/p>\n<ul class=\"features_list\">\n<li>\n<h4>Chave de impacto resistente de 1-1\/2&#8243; com ranhura num. 5<\/h4>\n<\/li>\n<li>\n<h4>Embreagem com 2 garras confi\u00e1veis<\/h4>\n<\/li>\n<li>\n<h4>Corpo de alum\u00ednio dur\u00e1vel e caixa de embreagem em a\u00e7o<\/h4>\n<\/li>\n<li>\n<h4>Empunhadura lateral tipo D ajust\u00e1vel<\/h4>\n<\/li>\n<li>\n<h4>Gatilho interno<\/h4>\n<\/li>\n<\/ul>\n<p><strong>Part number<\/strong> T018235<br \/>\n<strong>Model<\/strong> CP6120 PASEL<br \/>\n<strong>Joint type:<\/strong> hard Joint type: hard<br \/>\n<strong>Handle type<\/strong> D-Handle Inside Trigger<br \/>\n<strong>Square drive<\/strong> #5 spline&#8221;<br \/>\n<strong>Working Torque Range (fwd)<\/strong> 815-2,710 Nm 600-2,000<br \/>\n<strong>Maximum Torque (fwd)<\/strong> 4740 Nm 3500 ft.lbs<br \/>\n<strong>Maximum Torque (reverse)<\/strong> 4740 Nm 3500 ft.lbs<br \/>\n<strong>Free speed<\/strong> 3000 rpm<br \/>\n<strong>Blows per minute<\/strong> 960<br \/>\n<strong>Net weight<\/strong> 15.4 kg 33.9 lb<br \/>\n<strong>Power\/weight ratio<\/strong> 307.8 Nm\/kg 103.2 ft.lb\/lb<br \/>\n<strong>Length<\/strong> 375 mm 14.76&#8243;<br \/>\n<strong>Side to center<\/strong> 54 mm 2.13&#8243;<br \/>\n<strong>Actual air consumption<\/strong> 28.3 l\/s 60 cfm<br \/>\n<strong>Noise level<\/strong> 102 db(A)<br \/>\n<strong>Sound Power<\/strong> 113 db(A)<br \/>\n<strong>Vibration (ISO-8662-7)<\/strong> 12.4 m\/s\u00b2<br \/>\n<strong>Vibration \u03b1 (ISO-28927-2)<\/strong> 21 m\/s\u00b2<br \/>\n<strong>Vibration K (ISO-28927-2)<\/strong> 6.6 m\/s\u00b2<br \/>\n<strong>Socket retainer<\/strong> #5 spline<br \/>\n<strong>Clutch type<\/strong> 2-Jaw<br \/>\n<strong>Bolt size<\/strong> M40<\/p>\n","protected":false},"excerpt":{"rendered":"<ul class=\"features_list\">\n<li>\n<h4>Melhor pistola para soltar grande parafusos de forma r\u00e1pida e suave<\/h4>\n<\/li>\n<li>\n<h4>Conforto para o operador e controle com empunhadura lateral ajust\u00e1vel mesmo em n\u00edveis de torque altos<\/h4>\n<\/li>\n<li>\n<h4>Mecanismo de impacto confi\u00e1vel e corpo dur\u00e1vel<\/h4>\n<\/li>\n<li>\n<h4>Constru\u00e7\u00e3o de 3 partes compacta para f\u00e1cil manuten\u00e7\u00e3o<\/h4>\n<\/li>\n<li>\n<h4>Transfer\u00eancia completa de torque com ranhura num. 5<\/h4>\n<\/li>\n<\/ul>\n","protected":false},"featured_media":3543,"template":"","meta":{"_links_to":"","_links_to_target":""},"product_cat":[9],"product_tag":[],"_links":{"self":[{"href":"https:\/\/www.leus.com.br\/index.php?rest_route=\/wp\/v2\/product\/1042"}],"collection":[{"href":"https:\/\/www.leus.com.br\/index.php?rest_route=\/wp\/v2\/product"}],"about":[{"href":"https:\/\/www.leus.com.br\/index.php?rest_route=\/wp\/v2\/types\/product"}],"wp:featuredmedia":[{"embeddable":true,"href":"https:\/\/www.leus.com.br\/index.php?rest_route=\/wp\/v2\/media\/3543"}],"wp:attachment":[{"href":"https:\/\/www.leus.com.br\/index.php?rest_route=%2Fwp%2Fv2%2Fmedia&parent=1042"}],"wp:term":[{"taxonomy":"product_cat","embeddable":true,"href":"https:\/\/www.leus.com.br\/index.php?rest_route=%2Fwp%2Fv2%2Fproduct_cat&post=1042"},{"taxonomy":"product_tag","embeddable":true,"href":"https:\/\/www.leus.com.br\/index.php?rest_route=%2Fwp%2Fv2%2Fproduct_tag&post=1042"}],"curies":[{"name":"wp","href":"https:\/\/api.w.org\/{rel}","templated":true}]}}