{"id":1052,"date":"2015-11-16T12:07:01","date_gmt":"2015-11-16T12:07:01","guid":{"rendered":"http:\/\/leus.com.br\/site\/?post_type=product&#038;p=1052"},"modified":"2016-11-24T15:45:53","modified_gmt":"2016-11-24T15:45:53","slug":"cp7732-chave-de-impacto-12-mini","status":"publish","type":"product","link":"https:\/\/www.leus.com.br\/?product=cp7732-chave-de-impacto-12-mini","title":{"rendered":"CP7732 &#8211; CHAVE DE IMPACTO 1\/2&#8243; &#8211; MINI"},"content":{"rendered":"<p><strong>Caracter\u00edsticas<\/strong><\/p>\n<h4>&#8211; Capa frontal em a\u00e7o &amp; Corpo em alum\u00ednio<br \/>\n&#8211; Opera\u00e7\u00e3o de avan\u00e7o &#8211; revers\u00e3o com uma das m\u00e3os, para destros ou canhotos<br \/>\n&#8211; 3 posi\u00e7\u00f5es de configura\u00e7\u00e3o<br \/>\n&#8211; Comprimento: 4.4&#8243; = 112 mm<br \/>\n&#8211; Martelete jumbo<\/h4>\n<table class=\"data sort_header\">\n<tbody>\n<tr class=\"\">\n<td class=\"h\">\n<h4>N\u00famero da pe\u00e7a<\/h4>\n<\/td>\n<td colspan=\"2\">\n<h4>8941077320<\/h4>\n<\/td>\n<\/tr>\n<tr class=\"\">\n<td class=\"h\">\n<h4>Modelo<\/h4>\n<\/td>\n<td colspan=\"2\">\n<h4>CP7732<\/h4>\n<\/td>\n<\/tr>\n<tr>\n<td class=\"h\">\n<h4>Tipo punho<\/h4>\n<\/td>\n<td colspan=\"2\">\n<h4>Pistola<\/h4>\n<\/td>\n<\/tr>\n<tr>\n<td class=\"h\">\n<h4>Impulsor Quadrado<\/h4>\n<\/td>\n<td>\n<h4>1\/2&#8243;<\/h4>\n<\/td>\n<td class=\"blurred\"><\/td>\n<\/tr>\n<tr>\n<td class=\"h\">\n<h4>Faixa de torque de trabalho (para frente)<\/h4>\n<\/td>\n<td>\n<h4>138-420\u00a0Nm<\/h4>\n<\/td>\n<td class=\"blurred\">\n<h4>102-310<\/h4>\n<\/td>\n<\/tr>\n<tr>\n<td class=\"h\">\n<h4>Torque M\u00e1ximo (reverso)<\/h4>\n<\/td>\n<td>\n<h4>610\u00a0Nm<\/h4>\n<\/td>\n<td class=\"blurred\">\n<h4>450\u00a0p\u00e9s.lbs<\/h4>\n<\/td>\n<\/tr>\n<tr>\n<td class=\"h\">\n<h4>Velocidade livre<\/h4>\n<\/td>\n<td colspan=\"2\">\n<h4>9000\u00a0rpm<\/h4>\n<\/td>\n<\/tr>\n<tr>\n<td class=\"h\">\n<h4>Sopros por minuto<\/h4>\n<\/td>\n<td colspan=\"2\">\n<h4>1400<\/h4>\n<\/td>\n<\/tr>\n<tr>\n<td class=\"h\">\n<h4>Peso l\u00edquido<\/h4>\n<\/td>\n<td>\n<h4>1.3\u00a0kg<\/h4>\n<\/td>\n<td class=\"blurred\">\n<h4>2.9\u00a0lb<\/h4>\n<\/td>\n<\/tr>\n<tr>\n<td class=\"h\">\n<h4>Rela\u00e7\u00e3o pot\u00eancia\/peso<\/h4>\n<\/td>\n<td>\n<h4>469.2\u00a0Nm\/kg<\/h4>\n<\/td>\n<td class=\"blurred\">\n<h4>155.2\u00a0p\u00e9s.lb\/lb<\/h4>\n<\/td>\n<\/tr>\n<tr class=\"\">\n<td class=\"h\">\n<h4>Comprimento<\/h4>\n<\/td>\n<td>\n<h4>112\u00a0mm<\/h4>\n<\/td>\n<td class=\"blurred\">\n<h4>4.4&#8243;<\/h4>\n<\/td>\n<\/tr>\n<tr class=\"\">\n<td class=\"h\">\n<h4>Lado ao centro<\/h4>\n<\/td>\n<td>\n<h4>25\u00a0mm<\/h4>\n<\/td>\n<td class=\"blurred\">\n<h4>1&#8243;<\/h4>\n<\/td>\n<\/tr>\n<tr class=\"\">\n<td class=\"h\">\n<h4>Consumo m\u00e9dio de ar<\/h4>\n<\/td>\n<td>\n<h4>2.4\u00a0l\/s<\/h4>\n<\/td>\n<td class=\"blurred\">\n<h4>5\u00a0cfm<\/h4>\n<\/td>\n<\/tr>\n<tr class=\"\">\n<td class=\"h\">\n<h4>Consumo real de ar<\/h4>\n<\/td>\n<td>\n<h4>9\u00a0l\/s<\/h4>\n<\/td>\n<td class=\"blurred\">\n<h4>19.6\u00a0cfm<\/h4>\n<\/td>\n<\/tr>\n<tr class=\"\">\n<td class=\"h\">\n<h4>Tamanho da rosca da entrada de ar<\/h4>\n<\/td>\n<td colspan=\"2\">\n<h4>0.25\u00a0&#8220;<\/h4>\n<\/td>\n<\/tr>\n<tr class=\"\">\n<td class=\"h\">\n<h4>Tamanho min. mangueira<\/h4>\n<\/td>\n<td>\n<h4>10\u00a0mm<\/h4>\n<\/td>\n<td class=\"blurred\">\n<h4>3\/8&#8243;<\/h4>\n<\/td>\n<\/tr>\n<tr class=\"\">\n<td class=\"h\">\n<h4>N\u00edvel de ru\u00eddo<\/h4>\n<\/td>\n<td colspan=\"2\">\n<h4>95\u00a0db(A)<\/h4>\n<\/td>\n<\/tr>\n<tr class=\"\">\n<td class=\"h\">\n<h4>Pot\u00eancia de som<\/h4>\n<\/td>\n<td colspan=\"2\">\n<h4>106\u00a0db(A)<\/h4>\n<\/td>\n<\/tr>\n<tr class=\"\">\n<td class=\"h\">\n<h4>Vibra\u00e7\u00e3o \u03b1 (ISO-28927-2)<\/h4>\n<\/td>\n<td colspan=\"2\">\n<h4>12.1\u00a0m\/s\u00b2<\/h4>\n<\/td>\n<\/tr>\n<tr class=\"\">\n<td class=\"h\">\n<h4>Vibra\u00e7\u00e3o K (ISO-28927-2)<\/h4>\n<\/td>\n<td colspan=\"2\">\n<h4>4.4\u00a0m\/s\u00b2<\/h4>\n<\/td>\n<\/tr>\n<tr class=\"\">\n<td class=\"h\">\n<h4>Retentor de soquete<\/h4>\n<\/td>\n<td colspan=\"2\">\n<h4>Anel de fric\u00e7\u00e3o<\/h4>\n<\/td>\n<\/tr>\n<tr class=\"\">\n<td class=\"h\">\n<h4>Tipo de embreagem<\/h4>\n<\/td>\n<td colspan=\"2\">\n<h4>Garra oscilante unica<\/h4>\n<\/td>\n<\/tr>\n<\/tbody>\n<\/table>\n<p>&nbsp;<\/p>\n<div class='et_post_video'><iframe width=\"1080\" height=\"608\" src=\"https:\/\/www.youtube.com\/embed\/v44cYjB9D3U?feature=oembed\" frameborder=\"0\" allowfullscreen><\/iframe><\/div>\n","protected":false},"excerpt":{"rendered":"<ul>\n<li>\n<h4>Melhor rela\u00e7\u00e3o peso-pot\u00eancia: 610 Nm.<\/h4>\n<\/li>\n<li>\n<h4>Ultra compacta.<\/h4>\n<\/li>\n<li>\n<h4>F\u00e1cil de Usar.<\/h4>\n<\/li>\n<li>\n<h4>Dur\u00e1vel.<\/h4>\n<\/li>\n<\/ul>\n<p>&nbsp;<\/p>\n","protected":false},"featured_media":3279,"template":"","meta":{"_links_to":"","_links_to_target":""},"product_cat":[25],"product_tag":[],"_links":{"self":[{"href":"https:\/\/www.leus.com.br\/index.php?rest_route=\/wp\/v2\/product\/1052"}],"collection":[{"href":"https:\/\/www.leus.com.br\/index.php?rest_route=\/wp\/v2\/product"}],"about":[{"href":"https:\/\/www.leus.com.br\/index.php?rest_route=\/wp\/v2\/types\/product"}],"wp:featuredmedia":[{"embeddable":true,"href":"https:\/\/www.leus.com.br\/index.php?rest_route=\/wp\/v2\/media\/3279"}],"wp:attachment":[{"href":"https:\/\/www.leus.com.br\/index.php?rest_route=%2Fwp%2Fv2%2Fmedia&parent=1052"}],"wp:term":[{"taxonomy":"product_cat","embeddable":true,"href":"https:\/\/www.leus.com.br\/index.php?rest_route=%2Fwp%2Fv2%2Fproduct_cat&post=1052"},{"taxonomy":"product_tag","embeddable":true,"href":"https:\/\/www.leus.com.br\/index.php?rest_route=%2Fwp%2Fv2%2Fproduct_tag&post=1052"}],"curies":[{"name":"wp","href":"https:\/\/api.w.org\/{rel}","templated":true}]}}