{"id":1054,"date":"2015-11-16T12:07:59","date_gmt":"2015-11-16T12:07:59","guid":{"rendered":"http:\/\/leus.com.br\/site\/?post_type=product&#038;p=1054"},"modified":"2016-11-24T17:41:18","modified_gmt":"2016-11-24T17:41:18","slug":"cp7748tl-chave-de-impacto-12","status":"publish","type":"product","link":"https:\/\/www.leus.com.br\/?product=cp7748tl-chave-de-impacto-12","title":{"rendered":"CP7748TL &#8211; CHAVE DE IMPACTO 1\/2&#8243;"},"content":{"rendered":"<p><strong>Torque Limited in forward and Extreme Torque in reverse<\/strong><\/p>\n<p><strong>\u00a0<\/strong><\/p>\n<table class=\"data sort_header\">\n<thead>\n<tr>\n<th colspan=\"3\">\n<h4><\/h4>\n<\/th>\n<\/tr>\n<\/thead>\n<tbody>\n<tr class=\"\">\n<td class=\"h\">\n<h4>N\u00famero da pe\u00e7a<\/h4>\n<\/td>\n<td colspan=\"2\">\n<h4>8941077484<\/h4>\n<\/td>\n<\/tr>\n<tr class=\"\">\n<td class=\"h\">\n<h4>Modelo<\/h4>\n<\/td>\n<td colspan=\"2\">\n<h4>CP7748TL<\/h4>\n<\/td>\n<\/tr>\n<tr class=\"\">\n<td class=\"h\">\n<h4>Tipo punho<\/h4>\n<\/td>\n<td colspan=\"2\">\n<h4>Pistola<\/h4>\n<\/td>\n<\/tr>\n<tr class=\"\">\n<td class=\"h\">\n<h4>Impulsor Quadrado<\/h4>\n<\/td>\n<td>\n<h4>1\/2&#8243;<\/h4>\n<\/td>\n<td class=\"blurred\">\n<h4><\/h4>\n<\/td>\n<\/tr>\n<tr class=\"\">\n<td class=\"h\">\n<h4>Faixa de torque de trabalho (para frente)<\/h4>\n<\/td>\n<td>\n<h4>90-96\u00a0Nm<\/h4>\n<\/td>\n<td class=\"blurred\">\n<h4>66-70<\/h4>\n<\/td>\n<\/tr>\n<tr class=\"\">\n<td class=\"h\">\n<h4>Torque M\u00e1ximo (reverso)<\/h4>\n<\/td>\n<td>\n<h4>1250\u00a0Nm<\/h4>\n<\/td>\n<td class=\"blurred\">\n<h4>920\u00a0p\u00e9s.lbs<\/h4>\n<\/td>\n<\/tr>\n<tr class=\"\">\n<td class=\"h\">\n<h4>Velocidade livre<\/h4>\n<\/td>\n<td colspan=\"2\">\n<h4>8200\u00a0rpm<\/h4>\n<\/td>\n<\/tr>\n<tr class=\"\">\n<td class=\"h\">\n<h4>Sopros por minuto<\/h4>\n<\/td>\n<td colspan=\"2\">\n<h4>850<\/h4>\n<\/td>\n<\/tr>\n<tr class=\"\">\n<td class=\"h\">\n<h4>Peso l\u00edquido<\/h4>\n<\/td>\n<td>\n<h4>2.2\u00a0kg<\/h4>\n<\/td>\n<td class=\"blurred\">\n<h4>4.8\u00a0lb<\/h4>\n<\/td>\n<\/tr>\n<tr class=\"\">\n<td class=\"h\">\n<h4>Rela\u00e7\u00e3o pot\u00eancia\/peso<\/h4>\n<\/td>\n<td>\n<h4>568.2\u00a0Nm\/kg<\/h4>\n<\/td>\n<td class=\"blurred\">\n<h4>192.1\u00a0p\u00e9s.lb\/lb<\/h4>\n<\/td>\n<\/tr>\n<tr class=\"\">\n<td class=\"h\">\n<h4>Comprimento<\/h4>\n<\/td>\n<td>\n<h4>200\u00a0mm<\/h4>\n<\/td>\n<td class=\"blurred\">\n<h4>7.8&#8243;<\/h4>\n<\/td>\n<\/tr>\n<tr class=\"\">\n<td class=\"h\">\n<h4>Lado ao centro<\/h4>\n<\/td>\n<td>\n<h4>38\u00a0mm<\/h4>\n<\/td>\n<td class=\"blurred\">\n<h4>1 1\/2&#8243;<\/h4>\n<\/td>\n<\/tr>\n<tr class=\"\">\n<td class=\"h\">\n<h4>Consumo m\u00e9dio de ar<\/h4>\n<\/td>\n<td>\n<h4>2.5\u00a0l\/s<\/h4>\n<\/td>\n<td class=\"blurred\">\n<h4>5 1\/2\u00a0cfm<\/h4>\n<\/td>\n<\/tr>\n<tr class=\"\">\n<td class=\"h\">\n<h4>Consumo real de ar<\/h4>\n<\/td>\n<td>\n<h4>10\u00a0l\/s<\/h4>\n<\/td>\n<td class=\"blurred\">\n<h4>22\u00a0cfm<\/h4>\n<\/td>\n<\/tr>\n<tr class=\"\">\n<td class=\"h\">\n<h4>Tamanho da rosca da entrada de ar<\/h4>\n<\/td>\n<td colspan=\"2\">\n<h4>0.25\u00a0&#8220;<\/h4>\n<\/td>\n<\/tr>\n<tr class=\"\">\n<td class=\"h\">\n<h4>Tamanho min. mangueira<\/h4>\n<\/td>\n<td>\n<h4>10\u00a0mm<\/h4>\n<\/td>\n<td class=\"blurred\">\n<h4>3\/8&#8243;<\/h4>\n<\/td>\n<\/tr>\n<tr class=\"\">\n<td class=\"h\">\n<h4>N\u00edvel de ru\u00eddo<\/h4>\n<\/td>\n<td colspan=\"2\">\n<h4>86\u00a0db(A)<\/h4>\n<\/td>\n<\/tr>\n<tr class=\"\">\n<td class=\"h\">\n<h4>Pot\u00eancia de som<\/h4>\n<\/td>\n<td colspan=\"2\">\n<h4>97\u00a0db(A)<\/h4>\n<\/td>\n<\/tr>\n<tr class=\"\">\n<td class=\"h\">\n<h4>Vibra\u00e7\u00e3o \u03b1 (ISO-28927-2)<\/h4>\n<\/td>\n<td colspan=\"2\">\n<h4>4.8\u00a0m\/s\u00b2<\/h4>\n<\/td>\n<\/tr>\n<tr class=\"\">\n<td class=\"h\">\n<h4>Vibra\u00e7\u00e3o K (ISO-28927-2)<\/h4>\n<\/td>\n<td colspan=\"2\">\n<h4>1.5\u00a0m\/s\u00b2<\/h4>\n<\/td>\n<\/tr>\n<tr class=\"\">\n<td class=\"h\">\n<h4>Retentor de soquete<\/h4>\n<\/td>\n<td colspan=\"2\">\n<h4>Anel de fric\u00e7\u00e3o<\/h4>\n<\/td>\n<\/tr>\n<tr class=\"\">\n<td class=\"h\">\n<h4>Tipo de embreagem<\/h4>\n<\/td>\n<td colspan=\"2\">\n<h4>Twin Hammer<\/h4>\n<\/td>\n<\/tr>\n<tr class=\"\">\n<td class=\"h\">\n<h4>Dimens\u00f5es da caixa<\/h4>\n<\/td>\n<td>\n<h4>210*206*75<\/h4>\n<\/td>\n<td class=\"blurred\">\n<h4>8.3*2.1*3<\/h4>\n<\/td>\n<\/tr>\n<tr class=\"\">\n<td class=\"h\">\n<h4>Caixa de papel\u00e3o<\/h4>\n<\/td>\n<td>\n<h4>455*230*418<\/h4>\n<\/td>\n<td class=\"blurred\">\n<h4>17.9*9.1*16.5<\/h4>\n<\/td>\n<\/tr>\n<\/tbody>\n<\/table>\n<h4><strong>\u00a0<\/strong><\/h4>\n","protected":false},"excerpt":{"rendered":"<p><strong>Part number 8941077484<br \/>\nModel CP7748TL<\/strong><\/p>\n<p>&nbsp;<\/p>\n","protected":false},"featured_media":3286,"template":"","meta":{"_links_to":"","_links_to_target":""},"product_cat":[25],"product_tag":[],"_links":{"self":[{"href":"https:\/\/www.leus.com.br\/index.php?rest_route=\/wp\/v2\/product\/1054"}],"collection":[{"href":"https:\/\/www.leus.com.br\/index.php?rest_route=\/wp\/v2\/product"}],"about":[{"href":"https:\/\/www.leus.com.br\/index.php?rest_route=\/wp\/v2\/types\/product"}],"wp:featuredmedia":[{"embeddable":true,"href":"https:\/\/www.leus.com.br\/index.php?rest_route=\/wp\/v2\/media\/3286"}],"wp:attachment":[{"href":"https:\/\/www.leus.com.br\/index.php?rest_route=%2Fwp%2Fv2%2Fmedia&parent=1054"}],"wp:term":[{"taxonomy":"product_cat","embeddable":true,"href":"https:\/\/www.leus.com.br\/index.php?rest_route=%2Fwp%2Fv2%2Fproduct_cat&post=1054"},{"taxonomy":"product_tag","embeddable":true,"href":"https:\/\/www.leus.com.br\/index.php?rest_route=%2Fwp%2Fv2%2Fproduct_tag&post=1054"}],"curies":[{"name":"wp","href":"https:\/\/api.w.org\/{rel}","templated":true}]}}