{"id":1064,"date":"2015-11-16T12:24:06","date_gmt":"2015-11-16T12:24:06","guid":{"rendered":"http:\/\/leus.com.br\/site\/?post_type=product&#038;p=1064"},"modified":"2016-11-23T17:33:12","modified_gmt":"2016-11-23T17:33:12","slug":"cp2037-chave-de-impacto-14-hex","status":"publish","type":"product","link":"https:\/\/www.leus.com.br\/?product=cp2037-chave-de-impacto-14-hex","title":{"rendered":"CP2037 &#8211; CHAVE DE IMPACTO 1\/4&#8243; HEX"},"content":{"rendered":"<p>&nbsp;<\/p>\n<p><strong>Caracter\u00edsticas<\/strong><\/p>\n<ul class=\"features_list\">\n<li>\n<h4>Parafusadeira de impacto reta com mandril de troca r\u00e1pida<\/h4>\n<\/li>\n<li>\n<h4>Mecanismo de impacto Rocking Dog duplo<\/h4>\n<\/li>\n<li>\n<h4>In\u00edcio revers\u00edvel e de alavanca<\/h4>\n<\/li>\n<li>\n<h4>Regulador de pot\u00eancia interno<\/h4>\n<\/li>\n<li>\n<h4>Ergon\u00f4mico com grampo de a\u00e7o de suspens\u00e3o<\/h4>\n<\/li>\n<\/ul>\n<table class=\"data sort_header\">\n<tbody>\n<tr class=\"\">\n<td class=\"h\">\n<h4>N\u00famero da pe\u00e7a<\/h4>\n<\/td>\n<td colspan=\"2\">\n<h4>6151922037<\/h4>\n<\/td>\n<\/tr>\n<tr class=\"\">\n<td class=\"h\">\n<h4>Modelo<\/h4>\n<\/td>\n<td colspan=\"2\">\n<h4>CP2037<\/h4>\n<\/td>\n<\/tr>\n<tr class=\"\">\n<td class=\"h\">\n<h4>Tipo de parafuso muito flex\u00edvel<\/h4>\n<\/td>\n<td colspan=\"2\">\n<h4>Tipo de parafuso muito flex\u00edvel<\/h4>\n<\/td>\n<\/tr>\n<tr class=\"\">\n<td class=\"h\">\n<h4>Tipo de parafuso flex\u00edvel<\/h4>\n<\/td>\n<td colspan=\"2\">\n<h4>Tipo de parafuso flex\u00edvel<\/h4>\n<\/td>\n<\/tr>\n<tr class=\"\">\n<td class=\"h\">\n<h4>Tipo de parafuso r\u00edgido<\/h4>\n<\/td>\n<td colspan=\"2\">\n<h4>Tipo de parafuso r\u00edgido<\/h4>\n<\/td>\n<\/tr>\n<tr class=\"\">\n<td class=\"h\">\n<h4>Drive de sa\u00edda<\/h4>\n<\/td>\n<td>\n<h4>1\/4&#8243;<\/h4>\n<\/td>\n<td class=\"blurred\"><\/td>\n<\/tr>\n<tr class=\"\">\n<td class=\"h\">\n<h4>Tipo punho<\/h4>\n<\/td>\n<td colspan=\"2\">\n<h4>Reto<\/h4>\n<\/td>\n<\/tr>\n<tr class=\"\">\n<td class=\"h\">\n<h4>Suporte do bit<\/h4>\n<\/td>\n<td colspan=\"2\">\n<h4>Troca r\u00e1pida<\/h4>\n<\/td>\n<\/tr>\n<tr class=\"\">\n<td class=\"h\">\n<h4>Tipo de embreagem<\/h4>\n<\/td>\n<td colspan=\"2\">\n<h4>Impact (Double Rocking Dog)<\/h4>\n<\/td>\n<\/tr>\n<tr class=\"\">\n<td class=\"h\">\n<h4>Velocidade livre<\/h4>\n<\/td>\n<td colspan=\"2\">\n<h4>10000\u00a0rpm<\/h4>\n<\/td>\n<\/tr>\n<tr class=\"\">\n<td class=\"h\">\n<h4>Torque max. de trabalho<\/h4>\n<\/td>\n<td>\n<h4>28\u00a0Nm<\/h4>\n<\/td>\n<td class=\"blurred\">\n<h4>20.7\u00a0p\u00e9s.lbs<\/h4>\n<\/td>\n<\/tr>\n<tr class=\"\">\n<td class=\"h\">\n<h4>Torque min. de trabalho<\/h4>\n<\/td>\n<td>\n<h4>18\u00a0Nm<\/h4>\n<\/td>\n<td class=\"blurred\">\n<h4>13.3\u00a0p\u00e9s.lbs<\/h4>\n<\/td>\n<\/tr>\n<tr class=\"\">\n<td class=\"h\">\n<h4>Peso l\u00edquido<\/h4>\n<\/td>\n<td>\n<h4>0.82\u00a0kg<\/h4>\n<\/td>\n<td class=\"blurred\">\n<h4>1.81\u00a0lb<\/h4>\n<\/td>\n<\/tr>\n<tr class=\"\">\n<td class=\"h\">\n<h4>Comprimento<\/h4>\n<\/td>\n<td>\n<h4>207\u00a0mm<\/h4>\n<\/td>\n<td class=\"blurred\">\n<h4>8.15&#8243;<\/h4>\n<\/td>\n<\/tr>\n<tr class=\"\">\n<td class=\"h\">\n<h4>Di\u00e2metro<\/h4>\n<\/td>\n<td>\n<h4>62\u00a0mm<\/h4>\n<\/td>\n<td class=\"blurred\">\n<h4>2.44&#8243;<\/h4>\n<\/td>\n<\/tr>\n<tr class=\"\">\n<td class=\"h\">\n<h4>Tamanho min. mangueira<\/h4>\n<\/td>\n<td>\n<h4>10\u00a0mm<\/h4>\n<\/td>\n<td class=\"blurred\">\n<h4>3\/8&#8243;<\/h4>\n<\/td>\n<\/tr>\n<tr class=\"\">\n<td class=\"h\">\n<h4>N\u00edvel de ru\u00eddo<\/h4>\n<\/td>\n<td colspan=\"2\">\n<h4>88\u00a0db(A)<\/h4>\n<\/td>\n<\/tr>\n<tr class=\"\">\n<td class=\"h\">\n<h4>Pot\u00eancia de som<\/h4>\n<\/td>\n<td colspan=\"2\">\n<h4>99\u00a0db(A)<\/h4>\n<\/td>\n<\/tr>\n<tr class=\"\">\n<td class=\"h\">\n<h4>Vibra\u00e7\u00e3o (ISO-8662-7)<\/h4>\n<\/td>\n<td colspan=\"2\">\n<h4>6.2\u00a0m\/s\u00b2<\/h4>\n<\/td>\n<\/tr>\n<tr class=\"\">\n<td class=\"h\">\n<h4>Vibra\u00e7\u00e3o \u03b1 (ISO-28927-2)<\/h4>\n<\/td>\n<td colspan=\"2\">\n<h4>&lt;2,5\u00a0m\/s\u00b2<\/h4>\n<\/td>\n<\/tr>\n<tr class=\"\">\n<td class=\"h\">\n<h4>Vibra\u00e7\u00e3o K (ISO-28927-2)<\/h4>\n<\/td>\n<td colspan=\"2\">\n<h4>&#8211;\u00a0m\/s\u00b2<\/h4>\n<\/td>\n<\/tr>\n<tr class=\"\">\n<td class=\"h\">\n<h4>Consumo real de ar<\/h4>\n<\/td>\n<td>\n<h4>6.1\u00a0l\/s<\/h4>\n<\/td>\n<td class=\"blurred\">\n<h4>13\u00a0cfm<\/h4>\n<\/td>\n<\/tr>\n<tr class=\"over\">\n<td class=\"h\">\n<h4>Consumo real de ar<\/h4>\n<\/td>\n<td>\n<h4>366\u00a0l\/mn<\/h4>\n<\/td>\n<td class=\"blurred\">\n<h4>13\u00a0cfm<\/h4>\n<\/td>\n<\/tr>\n<tr class=\"\">\n<td class=\"h\">\n<h4>Consumo de ar em velocidade livre<\/h4>\n<\/td>\n<td>\n<h4>6.1\u00a0l\/s<\/h4>\n<\/td>\n<td class=\"blurred\">\n<h4>13\u00a0cfm<\/h4>\n<\/td>\n<\/tr>\n<tr class=\"\">\n<td class=\"h\">\n<h4>Tamanho da rosca da entrada de ar<\/h4>\n<\/td>\n<td colspan=\"2\">\n<h4>0.25\u00a0&#8220;<\/h4>\n<\/td>\n<\/tr>\n<\/tbody>\n<\/table>\n","protected":false},"excerpt":{"rendered":"<ul class=\"features_list\">\n<li>\n<h4>Ajuste de torque r\u00e1pido<\/h4>\n<\/li>\n<li>\n<h4>Produtividade superior<\/h4>\n<\/li>\n<li>\n<h4>Ideal para diversas aplica\u00e7\u00f5es<\/h4>\n<\/li>\n<\/ul>\n","protected":false},"featured_media":3255,"template":"","meta":{"_links_to":"","_links_to_target":""},"product_cat":[25],"product_tag":[],"_links":{"self":[{"href":"https:\/\/www.leus.com.br\/index.php?rest_route=\/wp\/v2\/product\/1064"}],"collection":[{"href":"https:\/\/www.leus.com.br\/index.php?rest_route=\/wp\/v2\/product"}],"about":[{"href":"https:\/\/www.leus.com.br\/index.php?rest_route=\/wp\/v2\/types\/product"}],"wp:featuredmedia":[{"embeddable":true,"href":"https:\/\/www.leus.com.br\/index.php?rest_route=\/wp\/v2\/media\/3255"}],"wp:attachment":[{"href":"https:\/\/www.leus.com.br\/index.php?rest_route=%2Fwp%2Fv2%2Fmedia&parent=1064"}],"wp:term":[{"taxonomy":"product_cat","embeddable":true,"href":"https:\/\/www.leus.com.br\/index.php?rest_route=%2Fwp%2Fv2%2Fproduct_cat&post=1064"},{"taxonomy":"product_tag","embeddable":true,"href":"https:\/\/www.leus.com.br\/index.php?rest_route=%2Fwp%2Fv2%2Fproduct_tag&post=1064"}],"curies":[{"name":"wp","href":"https:\/\/api.w.org\/{rel}","templated":true}]}}