{"id":1109,"date":"2015-11-16T13:03:55","date_gmt":"2015-11-16T13:03:55","guid":{"rendered":"http:\/\/leus.com.br\/site\/?post_type=product&#038;p=1109"},"modified":"2020-06-05T14:50:44","modified_gmt":"2020-06-05T17:50:44","slug":"cp7759q-chave-impacto-12","status":"publish","type":"product","link":"https:\/\/www.leus.com.br\/?product=cp7759q-chave-impacto-12","title":{"rendered":"CP7759Q &#8211; CHAVE IMPACTO 1\/2&#8243;"},"content":{"rendered":"<p>&nbsp;<\/p>\n<p><strong>Caracter\u00edsticas<\/strong><\/p>\n<ul class=\"features_list\">\n<li>\n<h4>Chave de impacto de composto e fibra de carbono de 1\/2&#8243;.<\/h4>\n<\/li>\n<li>\n<h4>Tecnologia refor\u00e7ada revestida com fibra de carbono.<\/h4>\n<\/li>\n<li>\n<h4>Leve com caixa de embreagem em magn\u00e9sio.<\/h4>\n<\/li>\n<li>\n<h4>F\u00e1cil revers\u00e3o S2S: Tecnologia lado a lado patenteada.<\/h4>\n<\/li>\n<li>\n<h4>780 ft.lb &#8211; 1.054 Nm de torque m\u00e1ximo em reverso.<\/h4>\n<\/li>\n<li>\n<h4>Mecanismo de martelete duplo universal e dur\u00e1vel.<\/h4>\n<\/li>\n<li>\n<h4>Gatilho desenvolvido ergonomicamente totalmente vari\u00e1vel.<\/h4>\n<\/li>\n<li>\n<h4>Empunhadura ergon\u00f4mica em material composto.<\/h4>\n<\/li>\n<li>\n<h4>Silenciosa.<\/h4>\n<\/li>\n<li>\n<h4>Entrada de ar com rota\u00e7\u00e3o flex\u00edvel de 360\u00ba.<\/h4>\n<\/li>\n<\/ul>\n<table class=\"data sort_header\">\n<thead>\n<tr>\n<th colspan=\"3\">\n<h4><\/h4>\n<\/th>\n<\/tr>\n<\/thead>\n<tbody>\n<tr>\n<td class=\"h\">\n<h4>N\u00famero da pe\u00e7a<\/h4>\n<\/td>\n<td colspan=\"2\">\n<h4>8941077518<\/h4>\n<\/td>\n<\/tr>\n<tr class=\"\">\n<td class=\"h\">\n<h4>Modelo<\/h4>\n<\/td>\n<td colspan=\"2\">\n<h4>CP7759Q<\/h4>\n<\/td>\n<\/tr>\n<tr class=\"\">\n<td class=\"h\">\n<h4>Descontinuado<\/h4>\n<\/td>\n<td colspan=\"2\">\n<h4>Descontinuado<\/h4>\n<\/td>\n<\/tr>\n<tr class=\"\">\n<td class=\"h\">\n<h4>Tipo punho<\/h4>\n<\/td>\n<td colspan=\"2\">\n<h4>Pistola<\/h4>\n<\/td>\n<\/tr>\n<tr class=\"\">\n<td class=\"h\">\n<h4>Impulsor Quadrado<\/h4>\n<\/td>\n<td>\n<h4>1\/2&#8243;<\/h4>\n<\/td>\n<td class=\"blurred\">\n<h4><\/h4>\n<\/td>\n<\/tr>\n<tr class=\"\">\n<td class=\"h\">\n<h4>Faixa de torque de trabalho (para frente)<\/h4>\n<\/td>\n<td>\n<h4>100-630\u00a0Nm<\/h4>\n<\/td>\n<td class=\"blurred\">\n<h4>75-460<\/h4>\n<\/td>\n<\/tr>\n<tr class=\"\">\n<td class=\"h\">\n<h4>Torque M\u00e1ximo (reverso)<\/h4>\n<\/td>\n<td>\n<h4>1054\u00a0Nm<\/h4>\n<\/td>\n<td class=\"blurred\">\n<h4>780\u00a0p\u00e9s.lbs<\/h4>\n<\/td>\n<\/tr>\n<tr class=\"\">\n<td class=\"h\">\n<h4>Velocidade livre<\/h4>\n<\/td>\n<td colspan=\"2\">\n<h4>8000\u00a0rpm<\/h4>\n<\/td>\n<\/tr>\n<tr class=\"\">\n<td class=\"h\">\n<h4>Sopros por minuto<\/h4>\n<\/td>\n<td colspan=\"2\">\n<h4>1200<\/h4>\n<\/td>\n<\/tr>\n<tr class=\"\">\n<td class=\"h\">\n<h4>Peso l\u00edquido<\/h4>\n<\/td>\n<td>\n<h4>1.74\u00a0kg<\/h4>\n<\/td>\n<td class=\"blurred\">\n<h4>3.74\u00a0lb<\/h4>\n<\/td>\n<\/tr>\n<tr class=\"\">\n<td class=\"h\">\n<h4>Rela\u00e7\u00e3o pot\u00eancia\/peso<\/h4>\n<\/td>\n<td>\n<h4>605.7\u00a0Nm\/kg<\/h4>\n<\/td>\n<td class=\"blurred\">\n<h4>208.6\u00a0p\u00e9s.lb\/lb<\/h4>\n<\/td>\n<\/tr>\n<tr class=\"\">\n<td class=\"h\">\n<h4>Comprimento<\/h4>\n<\/td>\n<td>\n<h4>187\u00a0mm<\/h4>\n<\/td>\n<td class=\"blurred\">\n<h4>7.4&#8243;<\/h4>\n<\/td>\n<\/tr>\n<tr class=\"\">\n<td class=\"h\">\n<h4>Consumo m\u00e9dio de ar<\/h4>\n<\/td>\n<td>\n<h4>2.2\u00a0l\/s<\/h4>\n<\/td>\n<td class=\"blurred\">\n<h4>4.8\u00a0cfm<\/h4>\n<\/td>\n<\/tr>\n<tr class=\"\">\n<td class=\"h\">\n<h4>Consumo real de ar<\/h4>\n<\/td>\n<td>\n<h4>11\u00a0l\/s<\/h4>\n<\/td>\n<td class=\"blurred\">\n<h4>23\u00a0cfm<\/h4>\n<\/td>\n<\/tr>\n<tr class=\"\">\n<td class=\"h\">\n<h4>Consumo de ar em velocidade livre<\/h4>\n<\/td>\n<td>\n<h4>2.5\u00a0l\/s<\/h4>\n<\/td>\n<td class=\"blurred\">\n<h4>5.29\u00a0cfm<\/h4>\n<\/td>\n<\/tr>\n<tr class=\"\">\n<td class=\"h\">\n<h4>Tamanho da rosca da entrada de ar<\/h4>\n<\/td>\n<td colspan=\"2\">\n<h4>0.25\u00a0&#8220;<\/h4>\n<\/td>\n<\/tr>\n<tr class=\"\">\n<td class=\"h\">\n<h4>Tamanho min. mangueira<\/h4>\n<\/td>\n<td>\n<h4>10\u00a0mm<\/h4>\n<\/td>\n<td class=\"blurred\">\n<h4>3\/8&#8243;<\/h4>\n<\/td>\n<\/tr>\n<tr class=\"\">\n<td class=\"h\">\n<h4>N\u00edvel de ru\u00eddo<\/h4>\n<\/td>\n<td colspan=\"2\">\n<h4>93.2\u00a0db(A)<\/h4>\n<\/td>\n<\/tr>\n<tr class=\"\">\n<td class=\"h\">\n<h4>Pot\u00eancia de som<\/h4>\n<\/td>\n<td colspan=\"2\">\n<h4>104.4\u00a0db(A)<\/h4>\n<\/td>\n<\/tr>\n<tr class=\"\">\n<td class=\"h\">\n<h4>Vibra\u00e7\u00e3o \u03b1 (ISO-28927-2)<\/h4>\n<\/td>\n<td colspan=\"2\">\n<h4>8.1\u00a0m\/s\u00b2<\/h4>\n<\/td>\n<\/tr>\n<tr class=\"\">\n<td class=\"h\">\n<h4>Vibra\u00e7\u00e3o K (ISO-28927-2)<\/h4>\n<\/td>\n<td colspan=\"2\">\n<h4>1.7\u00a0m\/s\u00b2<\/h4>\n<\/td>\n<\/tr>\n<tr class=\"\">\n<td class=\"h\">\n<h4>Retentor de soquete<\/h4>\n<\/td>\n<td colspan=\"2\">\n<h4>Anel de fric\u00e7\u00e3o<\/h4>\n<\/td>\n<\/tr>\n<tr class=\"\">\n<td class=\"h\">\n<h4>Tipo de embreagem<\/h4>\n<\/td>\n<td colspan=\"2\">\n<h4>Twin hammer<\/h4>\n<\/td>\n<\/tr>\n<tr class=\"\">\n<td class=\"h\">\n<h4>Dimens\u00f5es da caixa<\/h4>\n<\/td>\n<td>\n<h4>210*220*82<\/h4>\n<\/td>\n<td class=\"blurred\">\n<h4>8,27*8,67*3,2<\/h4>\n<\/td>\n<\/tr>\n<tr class=\"\">\n<td class=\"h\">\n<h4>Caixa de papel\u00e3o<\/h4>\n<\/td>\n<td>\n<h4>670*245*130<\/h4>\n<\/td>\n<td class=\"blurred\">\n<h4>26,38*9,65*5,12<\/h4>\n<\/td>\n<\/tr>\n<\/tbody>\n<\/table>\n","protected":false},"excerpt":{"rendered":"<ul class=\"features_list\">\n<li>\n<h4>Nova tecnologia de maximiza\u00e7\u00e3o de conforto e pot\u00eancia.<\/h4>\n<\/li>\n<li>\n<h4>Maximize o conforto para o operador com uma ferramenta extremamente leve.<\/h4>\n<\/li>\n<li>\n<h4>\u00d3tima pot\u00eancia em um pacote leve.<\/h4>\n<\/li>\n<li>\n<h4>A tecnologia reversa mais conveniente e \u00fanica no mercado.<\/h4>\n<\/li>\n<li>\n<h4>Diminui a fadiga do operador.<\/h4>\n<\/li>\n<\/ul>\n","protected":false},"featured_media":3292,"template":"","meta":{"_links_to":"","_links_to_target":""},"product_cat":[25],"product_tag":[],"_links":{"self":[{"href":"https:\/\/www.leus.com.br\/index.php?rest_route=\/wp\/v2\/product\/1109"}],"collection":[{"href":"https:\/\/www.leus.com.br\/index.php?rest_route=\/wp\/v2\/product"}],"about":[{"href":"https:\/\/www.leus.com.br\/index.php?rest_route=\/wp\/v2\/types\/product"}],"wp:featuredmedia":[{"embeddable":true,"href":"https:\/\/www.leus.com.br\/index.php?rest_route=\/wp\/v2\/media\/3292"}],"wp:attachment":[{"href":"https:\/\/www.leus.com.br\/index.php?rest_route=%2Fwp%2Fv2%2Fmedia&parent=1109"}],"wp:term":[{"taxonomy":"product_cat","embeddable":true,"href":"https:\/\/www.leus.com.br\/index.php?rest_route=%2Fwp%2Fv2%2Fproduct_cat&post=1109"},{"taxonomy":"product_tag","embeddable":true,"href":"https:\/\/www.leus.com.br\/index.php?rest_route=%2Fwp%2Fv2%2Fproduct_tag&post=1109"}],"curies":[{"name":"wp","href":"https:\/\/api.w.org\/{rel}","templated":true}]}}