{"id":1111,"date":"2015-11-16T13:04:46","date_gmt":"2015-11-16T13:04:46","guid":{"rendered":"http:\/\/leus.com.br\/site\/?post_type=product&#038;p=1111"},"modified":"2016-11-24T19:32:13","modified_gmt":"2016-11-24T19:32:13","slug":"cp7763-chave-de-impacto-34","status":"publish","type":"product","link":"https:\/\/www.leus.com.br\/?product=cp7763-chave-de-impacto-34","title":{"rendered":"CP7763 &#8211; CHAVE DE IMPACTO 3\/4&#8243;"},"content":{"rendered":"<p>&nbsp;<\/p>\n<p><strong>Caracter\u00edsticas:<\/strong><\/p>\n<ul class=\"features_list\">\n<li>\n<h4>Chave de impacto de 3\/4&#8243;.<\/h4>\n<\/li>\n<li>\n<h4>Embreagem de martelete duplo.<\/h4>\n<\/li>\n<li>\n<h4>Alta pot\u00eancia: 1200 ft.lb (1.627 Nm).<\/h4>\n<\/li>\n<li>\n<h4>Tamanho compacto em apenas 11,57 lb (5,25 kg).<\/h4>\n<\/li>\n<li>\n<h4>Regulador de pot\u00eancia combinado com avan\u00e7o\/retrocesso.<\/h4>\n<\/li>\n<\/ul>\n<table class=\"data sort_header\">\n<tbody>\n<tr class=\"over\">\n<td class=\"h\">\n<h4>N\u00famero da pe\u00e7a<\/h4>\n<\/td>\n<td colspan=\"2\">\n<h4>8941077630<\/h4>\n<\/td>\n<\/tr>\n<tr class=\"\">\n<td class=\"h\">\n<h4>Modelo<\/h4>\n<\/td>\n<td colspan=\"2\">\n<h4>CP7763<\/h4>\n<\/td>\n<\/tr>\n<tr>\n<td class=\"h\">\n<h4>Tipo punho<\/h4>\n<\/td>\n<td colspan=\"2\">\n<h4>Pistola<\/h4>\n<\/td>\n<\/tr>\n<tr>\n<td class=\"h\">\n<h4>Impulsor Quadrado<\/h4>\n<\/td>\n<td>\n<h4>3\/4&#8243;<\/h4>\n<\/td>\n<td class=\"blurred\">\n<h4><\/h4>\n<\/td>\n<\/tr>\n<tr class=\"\">\n<td class=\"h\">\n<h4>Faixa de torque de trabalho (para frente)<\/h4>\n<\/td>\n<td>\n<h4>136-1288\u00a0Nm<\/h4>\n<\/td>\n<td class=\"blurred\">\n<h4>100-950<\/h4>\n<\/td>\n<\/tr>\n<tr class=\"\">\n<td class=\"h\">\n<h4>Torque M\u00e1ximo (reverso)<\/h4>\n<\/td>\n<td>\n<h4>1630\u00a0Nm<\/h4>\n<\/td>\n<td class=\"blurred\">\n<h4>1200\u00a0p\u00e9s.lbs<\/h4>\n<\/td>\n<\/tr>\n<tr class=\"\">\n<td class=\"h\">\n<h4>Velocidade livre<\/h4>\n<\/td>\n<td colspan=\"2\">\n<h4>6300\u00a0rpm<\/h4>\n<\/td>\n<\/tr>\n<tr class=\"\">\n<td class=\"h\">\n<h4>Sopros por minuto<\/h4>\n<\/td>\n<td colspan=\"2\">\n<h4>900<\/h4>\n<\/td>\n<\/tr>\n<tr class=\"\">\n<td class=\"h\">\n<h4>Peso l\u00edquido<\/h4>\n<\/td>\n<td>\n<h4>5.25\u00a0kg<\/h4>\n<\/td>\n<td class=\"blurred\">\n<h4>11.57\u00a0lb<\/h4>\n<\/td>\n<\/tr>\n<tr class=\"\">\n<td class=\"h\">\n<h4>Rela\u00e7\u00e3o pot\u00eancia\/peso<\/h4>\n<\/td>\n<td>\n<h4>310.5\u00a0Nm\/kg<\/h4>\n<\/td>\n<td class=\"blurred\">\n<h4>103.7\u00a0p\u00e9s.lb\/lb<\/h4>\n<\/td>\n<\/tr>\n<tr>\n<td class=\"h\">\n<h4>Comprimento<\/h4>\n<\/td>\n<td>\n<h4>229\u00a0mm<\/h4>\n<\/td>\n<td class=\"blurred\">\n<h4>8.8&#8243;<\/h4>\n<\/td>\n<\/tr>\n<tr>\n<td class=\"h\">\n<h4>Lado ao centro<\/h4>\n<\/td>\n<td>\n<h4>45\u00a0mm<\/h4>\n<\/td>\n<td class=\"blurred\">\n<h4>1.8&#8243;<\/h4>\n<\/td>\n<\/tr>\n<tr>\n<td class=\"h\">\n<h4>Consumo m\u00e9dio de ar<\/h4>\n<\/td>\n<td>\n<h4>3.5\u00a0l\/s<\/h4>\n<\/td>\n<td class=\"blurred\">\n<h4>7.5\u00a0cfm<\/h4>\n<\/td>\n<\/tr>\n<tr class=\"\">\n<td class=\"h\">\n<h4>Consumo real de ar<\/h4>\n<\/td>\n<td>\n<h4>14.2\u00a0l\/s<\/h4>\n<\/td>\n<td class=\"blurred\">\n<h4>30\u00a0cfm<\/h4>\n<\/td>\n<\/tr>\n<tr class=\"\">\n<td class=\"h\">\n<h4>Tamanho da rosca da entrada de ar<\/h4>\n<\/td>\n<td colspan=\"2\">\n<h4>0.375\u00a0&#8220;<\/h4>\n<\/td>\n<\/tr>\n<tr class=\"\">\n<td class=\"h\">\n<h4>Tamanho min. mangueira<\/h4>\n<\/td>\n<td>\n<h4>13\u00a0mm<\/h4>\n<\/td>\n<td class=\"blurred\">\n<h4>1\/2&#8243;<\/h4>\n<\/td>\n<\/tr>\n<tr class=\"\">\n<td class=\"h\">\n<h4>N\u00edvel de ru\u00eddo<\/h4>\n<\/td>\n<td colspan=\"2\">\n<h4>96\u00a0db(A)<\/h4>\n<\/td>\n<\/tr>\n<tr class=\"\">\n<td class=\"h\">\n<h4>Pot\u00eancia de som<\/h4>\n<\/td>\n<td colspan=\"2\">\n<h4>107\u00a0db(A)<\/h4>\n<\/td>\n<\/tr>\n<tr class=\"\">\n<td class=\"h\">\n<h4>Vibra\u00e7\u00e3o (ISO-8662-7)<\/h4>\n<\/td>\n<td colspan=\"2\">\n<h4>9\u00a0m\/s\u00b2<\/h4>\n<\/td>\n<\/tr>\n<tr class=\"\">\n<td class=\"h\">\n<h4>Vibra\u00e7\u00e3o \u03b1 (ISO-28927-2)<\/h4>\n<\/td>\n<td colspan=\"2\">\n<h4>10.4\u00a0m\/s\u00b2<\/h4>\n<\/td>\n<\/tr>\n<tr class=\"\">\n<td class=\"h\">\n<h4>Vibra\u00e7\u00e3o K (ISO-28927-2)<\/h4>\n<\/td>\n<td colspan=\"2\">\n<h4>4.2\u00a0m\/s\u00b2<\/h4>\n<\/td>\n<\/tr>\n<tr class=\"\">\n<td class=\"h\">\n<h4>Retentor de soquete<\/h4>\n<\/td>\n<td colspan=\"2\">\n<h4>Anel de fric\u00e7\u00e3o<\/h4>\n<\/td>\n<\/tr>\n<tr class=\"\">\n<td class=\"h\">\n<h4>Tipo de embreagem<\/h4>\n<\/td>\n<td colspan=\"2\">\n<h4>Twin hammer<\/h4>\n<\/td>\n<\/tr>\n<\/tbody>\n<\/table>\n","protected":false},"excerpt":{"rendered":"<ul class=\"features_list\">\n<li>\n<h4>Conforto para o operador devido ao n\u00edvel de ru\u00eddo reduzido e tamanho compacto.<\/h4>\n<\/li>\n<li>\n<h4>Embreagem para \u00f3tima pot\u00eancia e durabilidade.<\/h4>\n<\/li>\n<li>\n<h4>Ideal para trabalho com molas, porca de pinh\u00e3o, remo\u00e7\u00e3o de bloco de trator, trabalho em pneus de caminh\u00f5es e desmontagem de grandes motores.<\/h4>\n<\/li>\n<\/ul>\n","protected":false},"featured_media":3294,"template":"","meta":{"_links_to":"","_links_to_target":""},"product_cat":[25],"product_tag":[],"_links":{"self":[{"href":"https:\/\/www.leus.com.br\/index.php?rest_route=\/wp\/v2\/product\/1111"}],"collection":[{"href":"https:\/\/www.leus.com.br\/index.php?rest_route=\/wp\/v2\/product"}],"about":[{"href":"https:\/\/www.leus.com.br\/index.php?rest_route=\/wp\/v2\/types\/product"}],"wp:featuredmedia":[{"embeddable":true,"href":"https:\/\/www.leus.com.br\/index.php?rest_route=\/wp\/v2\/media\/3294"}],"wp:attachment":[{"href":"https:\/\/www.leus.com.br\/index.php?rest_route=%2Fwp%2Fv2%2Fmedia&parent=1111"}],"wp:term":[{"taxonomy":"product_cat","embeddable":true,"href":"https:\/\/www.leus.com.br\/index.php?rest_route=%2Fwp%2Fv2%2Fproduct_cat&post=1111"},{"taxonomy":"product_tag","embeddable":true,"href":"https:\/\/www.leus.com.br\/index.php?rest_route=%2Fwp%2Fv2%2Fproduct_tag&post=1111"}],"curies":[{"name":"wp","href":"https:\/\/api.w.org\/{rel}","templated":true}]}}