{"id":1159,"date":"2015-11-16T13:43:20","date_gmt":"2015-11-16T13:43:20","guid":{"rendered":"http:\/\/leus.com.br\/site\/?post_type=product&#038;p=1159"},"modified":"2016-11-25T16:55:27","modified_gmt":"2016-11-25T16:55:27","slug":"cp7823-chave-catraca-14","status":"publish","type":"product","link":"https:\/\/www.leus.com.br\/?product=cp7823-chave-catraca-14","title":{"rendered":"CP7823 &#8211; CHAVE CATRACA 1\/4&#8243;"},"content":{"rendered":"<h4>\u00a0<strong>Caracter\u00edsticas<\/strong><\/h4>\n<ul class=\"features_list\">\n<li>\n<h4>Catraca de 1\/4&#8243;<\/h4>\n<\/li>\n<li>\n<h4>Resposta mais r\u00e1pida com 250 rpm<\/h4>\n<\/li>\n<li>\n<h4>Cabe\u00e7a de rota\u00e7\u00e3o de 4 posi\u00e7\u00f5es<\/h4>\n<\/li>\n<li>\n<h4>A exaust\u00e3o traseira direciona o ar para fora da \u00e1rea de trabalho<\/h4>\n<\/li>\n<\/ul>\n<table class=\"data sort_header\">\n<thead>\n<tr>\n<th colspan=\"3\"><\/th>\n<\/tr>\n<\/thead>\n<tbody>\n<tr class=\"\">\n<td class=\"h\">\n<h4>N\u00famero da pe\u00e7a<\/h4>\n<\/td>\n<td colspan=\"2\">\n<h4>8941078232<\/h4>\n<\/td>\n<\/tr>\n<tr class=\"\">\n<td class=\"h\">\n<h4>Modelo<\/h4>\n<\/td>\n<td colspan=\"2\">\n<h4>CP7823<\/h4>\n<\/td>\n<\/tr>\n<tr class=\"\">\n<td class=\"h\">\n<h4>Descontinuado<\/h4>\n<\/td>\n<td colspan=\"2\">\n<h4>Descontinuado<\/h4>\n<\/td>\n<\/tr>\n<tr class=\"\">\n<td class=\"h\">\n<h4>Impulsor Quadrado<\/h4>\n<\/td>\n<td>\n<h4>1\/4&#8243;<\/h4>\n<\/td>\n<td class=\"blurred\"><\/td>\n<\/tr>\n<tr class=\"\">\n<td class=\"h\">\n<h4>Faixa de torque de trabalho<\/h4>\n<\/td>\n<td>\n<h4>6-21\u00a0Nm<\/h4>\n<\/td>\n<td class=\"blurred\">\n<h4>5-15<\/h4>\n<\/td>\n<\/tr>\n<tr class=\"\">\n<td class=\"h\">\n<h4>Torque max.<\/h4>\n<\/td>\n<td>\n<h4>21\u00a0Nm<\/h4>\n<\/td>\n<td class=\"blurred\">\n<h4>15\u00a0p\u00e9s.lbs<\/h4>\n<\/td>\n<\/tr>\n<tr>\n<td class=\"h\">\n<h4>Velocidade livre<\/h4>\n<\/td>\n<td colspan=\"2\">\n<h4>250\u00a0rpm<\/h4>\n<\/td>\n<\/tr>\n<tr class=\"\">\n<td class=\"h\">\n<h4>Peso l\u00edquido<\/h4>\n<\/td>\n<td>\n<h4>0.55\u00a0kg<\/h4>\n<\/td>\n<td class=\"blurred\">\n<h4>1.2\u00a0lb<\/h4>\n<\/td>\n<\/tr>\n<tr class=\"\">\n<td class=\"h\">\n<h4>Comprimento<\/h4>\n<\/td>\n<td>\n<h4>170\u00a0mm<\/h4>\n<\/td>\n<td class=\"blurred\">\n<h4>6.7&#8243;<\/h4>\n<\/td>\n<\/tr>\n<tr class=\"\">\n<td class=\"h\">\n<h4>Consumo real de ar<\/h4>\n<\/td>\n<td>\n<h4>510\u00a0l\/mn<\/h4>\n<\/td>\n<td class=\"blurred\">\n<h4>18\u00a0cfm<\/h4>\n<\/td>\n<\/tr>\n<tr class=\"over\">\n<td class=\"h\">\n<h4>Tamanho da rosca da entrada de ar<\/h4>\n<\/td>\n<td colspan=\"2\">\n<h4>0.25\u00a0&#8220;<\/h4>\n<\/td>\n<\/tr>\n<tr class=\"\">\n<td class=\"h\">\n<h4>Tamanho min. mangueira<\/h4>\n<\/td>\n<td>\n<h4>10\u00a0mm<\/h4>\n<\/td>\n<td class=\"blurred\">\n<h4>3\/8&#8243;<\/h4>\n<\/td>\n<\/tr>\n<tr class=\"\">\n<td class=\"h\">\n<h4>Press\u00e3o som DBA<\/h4>\n<\/td>\n<td colspan=\"2\">\n<h4>96\u00a0db(A)<\/h4>\n<\/td>\n<\/tr>\n<tr class=\"\">\n<td class=\"h\">\n<h4>N\u00edvel de ru\u00eddo<\/h4>\n<\/td>\n<td colspan=\"2\">\n<h4>85\u00a0db(A)<\/h4>\n<\/td>\n<\/tr>\n<tr class=\"\">\n<td class=\"h\">\n<h4>Vibra\u00e7\u00e3o (ISO-8662-7)<\/h4>\n<\/td>\n<td colspan=\"2\">\n<h4>12\u00a0m\/s\u00b2<\/h4>\n<\/td>\n<\/tr>\n<tr class=\"\">\n<td class=\"h\">\n<h4>Vibra\u00e7\u00e3o \u03b1 (ISO-28927-2)<\/h4>\n<\/td>\n<td colspan=\"2\">\n<h4>3.4\u00a0m\/s\u00b2<\/h4>\n<\/td>\n<\/tr>\n<tr class=\"\">\n<td class=\"h\">\n<h4>Vibra\u00e7\u00e3o K (ISO-28927-2)<\/h4>\n<\/td>\n<td colspan=\"2\">\n<h4>1.3\u00a0m\/s\u00b2<\/h4>\n<\/td>\n<\/tr>\n<\/tbody>\n<\/table>\n","protected":false},"excerpt":{"rendered":"<ul class=\"features_list\">\n<li>\n<h4>F\u00e1cil acesso e maneabilidade<\/h4>\n<\/li>\n<li>\n<h4>Compacta e leve<\/h4>\n<\/li>\n<li>\n<h4>Cabe na palma da m\u00e3o<\/h4>\n<\/li>\n<\/ul>\n","protected":false},"featured_media":3325,"template":"","meta":{"_links_to":"","_links_to_target":""},"product_cat":[26],"product_tag":[],"_links":{"self":[{"href":"https:\/\/www.leus.com.br\/index.php?rest_route=\/wp\/v2\/product\/1159"}],"collection":[{"href":"https:\/\/www.leus.com.br\/index.php?rest_route=\/wp\/v2\/product"}],"about":[{"href":"https:\/\/www.leus.com.br\/index.php?rest_route=\/wp\/v2\/types\/product"}],"wp:featuredmedia":[{"embeddable":true,"href":"https:\/\/www.leus.com.br\/index.php?rest_route=\/wp\/v2\/media\/3325"}],"wp:attachment":[{"href":"https:\/\/www.leus.com.br\/index.php?rest_route=%2Fwp%2Fv2%2Fmedia&parent=1159"}],"wp:term":[{"taxonomy":"product_cat","embeddable":true,"href":"https:\/\/www.leus.com.br\/index.php?rest_route=%2Fwp%2Fv2%2Fproduct_cat&post=1159"},{"taxonomy":"product_tag","embeddable":true,"href":"https:\/\/www.leus.com.br\/index.php?rest_route=%2Fwp%2Fv2%2Fproduct_tag&post=1159"}],"curies":[{"name":"wp","href":"https:\/\/api.w.org\/{rel}","templated":true}]}}