{"id":1173,"date":"2015-11-16T13:52:42","date_gmt":"2015-11-16T13:52:42","guid":{"rendered":"http:\/\/leus.com.br\/site\/?post_type=product&#038;p=1173"},"modified":"2016-11-25T17:05:23","modified_gmt":"2016-11-25T17:05:23","slug":"cp7830hq-chave-catraca-12","status":"publish","type":"product","link":"https:\/\/www.leus.com.br\/?product=cp7830hq-chave-catraca-12","title":{"rendered":"CP7830HQ &#8211; CHAVE CATRACA 1\/2&#8243;"},"content":{"rendered":"<p>&nbsp;<\/p>\n<p><strong>Caracter\u00edsticas<\/strong><\/p>\n<ul class=\"features_list\">\n<li>\n<h4>Catraca silenciosa de 1\/2&#8243;<\/h4>\n<\/li>\n<li>\n<h4>Exaust\u00e3o ajust\u00e1vel, n\u00edvel de ru\u00eddo baixo de 85 dB(A)<\/h4>\n<\/li>\n<li>\n<h4>O mais alto torque do mercado: 90 ft.lb (122 Nm)<\/h4>\n<\/li>\n<li>\n<h4>Apoio de borracha da empunhadura<\/h4>\n<\/li>\n<li>\n<h4>Apresenta a tecnologia TriSpring patenteada da Chicago Pneumatic<\/h4>\n<\/li>\n<\/ul>\n<table class=\"data sort_header\">\n<tbody>\n<tr class=\"over\">\n<td class=\"h\">\n<h4>N\u00famero da pe\u00e7a<\/h4>\n<\/td>\n<td colspan=\"2\">\n<h4>8941078308<\/h4>\n<\/td>\n<\/tr>\n<tr class=\"\">\n<td class=\"h\">\n<h4>Modelo<\/h4>\n<\/td>\n<td colspan=\"2\">\n<h4>CP7830HQ<\/h4>\n<\/td>\n<\/tr>\n<tr class=\"\">\n<td class=\"h\">\n<h4>Impulsor Quadrado<\/h4>\n<\/td>\n<td>\n<h4>1\/2&#8243;<\/h4>\n<\/td>\n<td class=\"blurred\">\n<h4><\/h4>\n<\/td>\n<\/tr>\n<tr class=\"\">\n<td class=\"h\">\n<h4>Faixa de torque de trabalho<\/h4>\n<\/td>\n<td>\n<h4>13-122\u00a0Nm<\/h4>\n<\/td>\n<td class=\"blurred\">\n<h4>10-90<\/h4>\n<\/td>\n<\/tr>\n<tr class=\"\">\n<td class=\"h\">\n<h4>Torque max.<\/h4>\n<\/td>\n<td>\n<h4>122\u00a0Nm<\/h4>\n<\/td>\n<td class=\"blurred\">\n<h4>90\u00a0p\u00e9s.lbs<\/h4>\n<\/td>\n<\/tr>\n<tr class=\"\">\n<td class=\"h\">\n<h4>Velocidade livre<\/h4>\n<\/td>\n<td colspan=\"2\">\n<h4>190\u00a0rpm<\/h4>\n<\/td>\n<\/tr>\n<tr class=\"\">\n<td class=\"h\">\n<h4>Peso l\u00edquido<\/h4>\n<\/td>\n<td>\n<h4>1.2\u00a0kg<\/h4>\n<\/td>\n<td class=\"blurred\">\n<h4>2.7\u00a0lb<\/h4>\n<\/td>\n<\/tr>\n<tr class=\"\">\n<td class=\"h\">\n<h4>Comprimento<\/h4>\n<\/td>\n<td>\n<h4>305\u00a0mm<\/h4>\n<\/td>\n<td class=\"blurred\">\n<h4>12&#8243;<\/h4>\n<\/td>\n<\/tr>\n<tr class=\"\">\n<td class=\"h\">\n<h4>Consumo m\u00e9dio de ar<\/h4>\n<\/td>\n<td>\n<h4>141\u00a0l\/mn<\/h4>\n<\/td>\n<td class=\"blurred\">\n<h4>5\u00a0cfm<\/h4>\n<\/td>\n<\/tr>\n<tr class=\"\">\n<td class=\"h\">\n<h4>Consumo m\u00e9dio de ar<\/h4>\n<\/td>\n<td>\n<h4>2.3\u00a0l\/s<\/h4>\n<\/td>\n<td class=\"blurred\">\n<h4>5\u00a0cfm<\/h4>\n<\/td>\n<\/tr>\n<tr class=\"\">\n<td class=\"h\">\n<h4>Consumo real de ar<\/h4>\n<\/td>\n<td>\n<h4>524\u00a0l\/mn<\/h4>\n<\/td>\n<td class=\"blurred\">\n<h4>21\u00a0cfm<\/h4>\n<\/td>\n<\/tr>\n<tr class=\"\">\n<td class=\"h\">\n<h4>Consumo real de ar<\/h4>\n<\/td>\n<td>\n<h4>8.7\u00a0l\/s<\/h4>\n<\/td>\n<td class=\"blurred\">\n<h4>21\u00a0cfm<\/h4>\n<\/td>\n<\/tr>\n<tr class=\"\">\n<td class=\"h\">\n<h4>Tamanho da rosca da entrada de ar<\/h4>\n<\/td>\n<td colspan=\"2\">\n<h4>0.25\u00a0&#8220;<\/h4>\n<\/td>\n<\/tr>\n<tr class=\"\">\n<td class=\"h\">\n<h4>Tamanho min. mangueira<\/h4>\n<\/td>\n<td>\n<h4>10\u00a0mm<\/h4>\n<\/td>\n<td class=\"blurred\">\n<h4>3\/8&#8243;<\/h4>\n<\/td>\n<\/tr>\n<tr class=\"\">\n<td class=\"h\">\n<h4>Press\u00e3o som DBA<\/h4>\n<\/td>\n<td colspan=\"2\">\n<h4>96\u00a0db(A)<\/h4>\n<\/td>\n<\/tr>\n<tr class=\"\">\n<td class=\"h\">\n<h4>N\u00edvel de ru\u00eddo<\/h4>\n<\/td>\n<td colspan=\"2\">\n<h4>85\u00a0db(A)<\/h4>\n<\/td>\n<\/tr>\n<tr class=\"\">\n<td class=\"h\">\n<h4>Vibra\u00e7\u00e3o (ISO-8662-7)<\/h4>\n<\/td>\n<td colspan=\"2\">\n<h4>14.3\u00a0m\/s\u00b2<\/h4>\n<\/td>\n<\/tr>\n<tr class=\"\">\n<td class=\"h\">\n<h4>Vibra\u00e7\u00e3o \u03b1 (ISO-28927-2)<\/h4>\n<\/td>\n<td colspan=\"2\">\n<h4>4.1\u00a0m\/s\u00b2<\/h4>\n<\/td>\n<\/tr>\n<tr class=\"\">\n<td class=\"h\">\n<h4>Vibra\u00e7\u00e3o K (ISO-28927-2)<\/h4>\n<\/td>\n<td colspan=\"2\">\n<h4>1.4\u00a0m\/s\u00b2<\/h4>\n<\/td>\n<\/tr>\n<\/tbody>\n<\/table>\n<div class='et_post_video'><iframe width=\"1080\" height=\"810\" src=\"https:\/\/www.youtube.com\/embed\/yUWHyUfXbJA?feature=oembed\" frameborder=\"0\" allowfullscreen><\/iframe><\/div>\n","protected":false},"excerpt":{"rendered":"<ul class=\"features_list\">\n<li>\n<h4>Ferramenta leve e bem balanceada<\/h4>\n<\/li>\n<li>\n<h4>Durabilidade e conforto<\/h4>\n<\/li>\n<li>\n<h4>Prote\u00e7\u00e3o da cabe\u00e7a da catraca<\/h4>\n<\/li>\n<li>\n<h4>Ideal para afastadores mais largos<\/h4>\n<\/li>\n<\/ul>\n","protected":false},"featured_media":3941,"template":"","meta":{"_links_to":"","_links_to_target":""},"product_cat":[26],"product_tag":[],"_links":{"self":[{"href":"https:\/\/www.leus.com.br\/index.php?rest_route=\/wp\/v2\/product\/1173"}],"collection":[{"href":"https:\/\/www.leus.com.br\/index.php?rest_route=\/wp\/v2\/product"}],"about":[{"href":"https:\/\/www.leus.com.br\/index.php?rest_route=\/wp\/v2\/types\/product"}],"wp:featuredmedia":[{"embeddable":true,"href":"https:\/\/www.leus.com.br\/index.php?rest_route=\/wp\/v2\/media\/3941"}],"wp:attachment":[{"href":"https:\/\/www.leus.com.br\/index.php?rest_route=%2Fwp%2Fv2%2Fmedia&parent=1173"}],"wp:term":[{"taxonomy":"product_cat","embeddable":true,"href":"https:\/\/www.leus.com.br\/index.php?rest_route=%2Fwp%2Fv2%2Fproduct_cat&post=1173"},{"taxonomy":"product_tag","embeddable":true,"href":"https:\/\/www.leus.com.br\/index.php?rest_route=%2Fwp%2Fv2%2Fproduct_tag&post=1173"}],"curies":[{"name":"wp","href":"https:\/\/api.w.org\/{rel}","templated":true}]}}