{"id":1190,"date":"2015-11-16T15:59:29","date_gmt":"2015-11-16T15:59:29","guid":{"rendered":"http:\/\/leus.com.br\/site\/?post_type=product&#038;p=1190"},"modified":"2016-09-06T13:17:58","modified_gmt":"2016-09-06T13:17:58","slug":"cp2612-parafusadeira-14","status":"publish","type":"product","link":"https:\/\/www.leus.com.br\/?product=cp2612-parafusadeira-14","title":{"rendered":"CP2612 &#8211; PARAFUSADEIRA 1\/4&#8243;"},"content":{"rendered":"<p><strong>Benef\u00edcios<\/strong><\/p>\n<ul class=\"features_list\">\n<li>\n<h4>Ideal para aplica\u00e7\u00f5es m\u00faltiplas<\/h4>\n<\/li>\n<li>\n<h4>Conforto para o operador<\/h4>\n<\/li>\n<li>\n<h4>Durabilidade e qualidade<\/h4>\n<\/li>\n<\/ul>\n<p><strong>Caracter\u00edsticas<\/strong><\/p>\n<ul class=\"features_list\">\n<li>\n<h4>Embreagem de amortecedor<\/h4>\n<\/li>\n<\/ul>\n<p><strong>Part number<\/strong> 6151922612<br \/>\n<strong>Model<\/strong> CP2612<br \/>\n<strong>Screw type<\/strong> soft Screw type soft<br \/>\n<strong>Screw type<\/strong> hard Screw type hard<br \/>\n<strong>Output drive<\/strong> 1\/4&#8243;<br \/>\n<strong>Handle type<\/strong> Pistol<br \/>\n<strong>Bit holder<\/strong> Quick Change Hexagonal Female<br \/>\n<strong>Clutch type<\/strong> Cushion<br \/>\n<strong>Free speed<\/strong> 1700 rpm<br \/>\n<strong>Max working torque<\/strong> 6 Nm<br \/>\n<strong>Min working torque<\/strong> 1 Nm<br \/>\n<strong>Net weight<\/strong> 0.9 kg 1.99 lb<br \/>\n<strong>Length<\/strong> 190 mm 7.5&#8243;<br \/>\n<strong>Height<\/strong> 175 mm 6.9&#8243;<br \/>\n<strong>Diameter<\/strong> 18 mm 0.71&#8243;<br \/>\n<strong>Min. hose size<\/strong> 10 mm 3\/8&#8243;<br \/>\n<strong>Noise level<\/strong> 77 db(A)<br \/>\n<strong>Sound Power<\/strong> 88 db(A)<br \/>\n<strong>Vibration (ISO-8662-7)<\/strong> <strong>Vibration \u03b1 (ISO-28927-2)<\/strong> <strong>Vibration K (ISO-28927-2)<\/strong> &#8211; m\/s\u00b2<br \/>\n<strong>Free speed air consumption<\/strong> 10 l\/s<\/p>\n","protected":false},"excerpt":{"rendered":"<ul class=\"features_list\">\n<li>\n<h4>Ideal para aplica\u00e7\u00f5es m\u00faltiplas<\/h4>\n<\/li>\n<li>\n<h4>Conforto para o operador<\/h4>\n<\/li>\n<li>\n<h4>Durabilidade e qualidade<\/h4>\n<\/li>\n<\/ul>\n","protected":false},"featured_media":3572,"template":"","meta":{"_links_to":"","_links_to_target":""},"product_cat":[27],"product_tag":[],"_links":{"self":[{"href":"https:\/\/www.leus.com.br\/index.php?rest_route=\/wp\/v2\/product\/1190"}],"collection":[{"href":"https:\/\/www.leus.com.br\/index.php?rest_route=\/wp\/v2\/product"}],"about":[{"href":"https:\/\/www.leus.com.br\/index.php?rest_route=\/wp\/v2\/types\/product"}],"wp:featuredmedia":[{"embeddable":true,"href":"https:\/\/www.leus.com.br\/index.php?rest_route=\/wp\/v2\/media\/3572"}],"wp:attachment":[{"href":"https:\/\/www.leus.com.br\/index.php?rest_route=%2Fwp%2Fv2%2Fmedia&parent=1190"}],"wp:term":[{"taxonomy":"product_cat","embeddable":true,"href":"https:\/\/www.leus.com.br\/index.php?rest_route=%2Fwp%2Fv2%2Fproduct_cat&post=1190"},{"taxonomy":"product_tag","embeddable":true,"href":"https:\/\/www.leus.com.br\/index.php?rest_route=%2Fwp%2Fv2%2Fproduct_tag&post=1190"}],"curies":[{"name":"wp","href":"https:\/\/api.w.org\/{rel}","templated":true}]}}