{"id":1210,"date":"2015-11-16T16:20:24","date_gmt":"2015-11-16T16:20:24","guid":{"rendered":"http:\/\/leus.com.br\/site\/?post_type=product&#038;p=1210"},"modified":"2016-11-28T18:24:07","modified_gmt":"2016-11-28T18:24:07","slug":"cp2005-parafusadeira-14","status":"publish","type":"product","link":"https:\/\/www.leus.com.br\/?product=cp2005-parafusadeira-14","title":{"rendered":"CP2005 &#8211; PARAFUSADEIRA 1\/4&#8243;"},"content":{"rendered":"<p><strong>Caracter\u00edsticas<\/strong><\/p>\n<ul class=\"features_list\">\n<li>\n<h4>Embreagem de desligamento<\/h4>\n<\/li>\n<li>\n<h4>Pistola compacta<\/h4>\n<\/li>\n<li>\n<h4>V\u00e1lvula reversa de opera\u00e7\u00e3o com uma das m\u00e3os<\/h4>\n<\/li>\n<\/ul>\n<table class=\"data sort_header\">\n<tbody>\n<tr class=\"over\">\n<td class=\"h\">\n<h4>N\u00famero da pe\u00e7a<\/h4>\n<\/td>\n<td colspan=\"2\">\n<h4>6151922005<\/h4>\n<\/td>\n<\/tr>\n<tr class=\"\">\n<td class=\"h\">\n<h4>Modelo<\/h4>\n<\/td>\n<td colspan=\"2\">\n<h4>CP2005<\/h4>\n<\/td>\n<\/tr>\n<tr class=\"\">\n<td class=\"h\">\n<h4>Tipo de parafuso muito flex\u00edvel<\/h4>\n<\/td>\n<td colspan=\"2\">\n<h4>Tipo de parafuso muito flex\u00edvel<\/h4>\n<\/td>\n<\/tr>\n<tr class=\"\">\n<td class=\"h\">\n<h4>Tipo de parafuso flex\u00edvel<\/h4>\n<\/td>\n<td colspan=\"2\">\n<h4>Tipo de parafuso flex\u00edvel<\/h4>\n<\/td>\n<\/tr>\n<tr class=\"\">\n<td class=\"h\">\n<h4>Tipo de parafuso r\u00edgido<\/h4>\n<\/td>\n<td colspan=\"2\">\n<h4>Tipo de parafuso r\u00edgido<\/h4>\n<\/td>\n<\/tr>\n<tr class=\"\">\n<td class=\"h\">\n<h4>Drive de sa\u00edda<\/h4>\n<\/td>\n<td>\n<h4>1\/4&#8243;<\/h4>\n<\/td>\n<td class=\"blurred\"><\/td>\n<\/tr>\n<tr>\n<td class=\"h\">\n<h4>Tipo punho<\/h4>\n<\/td>\n<td colspan=\"2\">\n<h4>Pistola<\/h4>\n<\/td>\n<\/tr>\n<tr>\n<td class=\"h\">\n<h4>Suporte do bit<\/h4>\n<\/td>\n<td colspan=\"2\">\n<h4>Troca r\u00e1pida<\/h4>\n<\/td>\n<\/tr>\n<tr>\n<td class=\"h\">\n<h4>Tipo de embreagem<\/h4>\n<\/td>\n<td colspan=\"2\">\n<h4>Desligamento autom\u00e1tico<\/h4>\n<\/td>\n<\/tr>\n<tr>\n<td class=\"h\">\n<h4>Velocidade livre<\/h4>\n<\/td>\n<td colspan=\"2\">\n<h4>1100\u00a0rpm<\/h4>\n<\/td>\n<\/tr>\n<tr>\n<td class=\"h\">\n<h4>Torque max. de trabalho<\/h4>\n<\/td>\n<td>\n<h4>4.3\u00a0Nm<\/h4>\n<\/td>\n<td class=\"blurred\">\n<h4>3.17\u00a0p\u00e9s.lbs<\/h4>\n<\/td>\n<\/tr>\n<tr>\n<td class=\"h\">\n<h4>Torque min. de trabalho<\/h4>\n<\/td>\n<td>\n<h4>0.4\u00a0Nm<\/h4>\n<\/td>\n<td class=\"blurred\">\n<h4>0.295\u00a0p\u00e9s.lbs<\/h4>\n<\/td>\n<\/tr>\n<tr>\n<td class=\"h\">\n<h4>Peso l\u00edquido<\/h4>\n<\/td>\n<td>\n<h4>0.8\u00a0kg<\/h4>\n<\/td>\n<td class=\"blurred\">\n<h4>1.8\u00a0lb<\/h4>\n<\/td>\n<\/tr>\n<tr>\n<td class=\"h\">\n<h4>Comprimento<\/h4>\n<\/td>\n<td>\n<h4>182\u00a0mm<\/h4>\n<\/td>\n<td class=\"blurred\">\n<h4>7.2&#8243;<\/h4>\n<\/td>\n<\/tr>\n<tr>\n<td class=\"h\">\n<h4>Altura<\/h4>\n<\/td>\n<td>\n<h4>143\u00a0mm<\/h4>\n<\/td>\n<td class=\"blurred\">\n<h4>5.6&#8243;<\/h4>\n<\/td>\n<\/tr>\n<tr>\n<td class=\"h\">\n<h4>Di\u00e2metro<\/h4>\n<\/td>\n<td>\n<h4>17\u00a0mm<\/h4>\n<\/td>\n<td class=\"blurred\">\n<h4>0.67&#8243;<\/h4>\n<\/td>\n<\/tr>\n<tr>\n<td class=\"h\">\n<h4>Tamanho min. mangueira<\/h4>\n<\/td>\n<td>\n<h4>10\u00a0mm<\/h4>\n<\/td>\n<td class=\"blurred\">\n<h4>3\/8&#8243;<\/h4>\n<\/td>\n<\/tr>\n<tr class=\"\">\n<td class=\"h\">\n<h4>N\u00edvel de ru\u00eddo<\/h4>\n<\/td>\n<td colspan=\"2\">\n<h4>76\u00a0db(A)<\/h4>\n<\/td>\n<\/tr>\n<tr class=\"\">\n<td class=\"h\">\n<h4>Pot\u00eancia de som<\/h4>\n<\/td>\n<td colspan=\"2\">\n<h4>87\u00a0db(A)<\/h4>\n<\/td>\n<\/tr>\n<tr class=\"\">\n<td class=\"h\">\n<h4>Vibra\u00e7\u00e3o (ISO-8662-7)<\/h4>\n<\/td>\n<td colspan=\"2\">\n<h4>&lt;2.5\u00a0m\/s\u00b2<\/h4>\n<\/td>\n<\/tr>\n<tr class=\"\">\n<td class=\"h\">\n<h4>Vibra\u00e7\u00e3o \u03b1 (ISO-28927-2)<\/h4>\n<\/td>\n<td colspan=\"2\">\n<h4>&lt;2.5\u00a0m\/s\u00b2<\/h4>\n<\/td>\n<\/tr>\n<tr class=\"\">\n<td class=\"h\">\n<h4>Vibra\u00e7\u00e3o K (ISO-28927-2)<\/h4>\n<\/td>\n<td colspan=\"2\">\n<h4>&#8211;\u00a0m\/s\u00b2<\/h4>\n<\/td>\n<\/tr>\n<tr class=\"\">\n<td class=\"h\">\n<h4>Consumo de ar em velocidade livre<\/h4>\n<\/td>\n<td>\n<h4>6.5\u00a0l\/s<\/h4>\n<\/td>\n<td class=\"blurred\">\n<h4>13.8\u00a0cfm<\/h4>\n<\/td>\n<\/tr>\n<tr class=\"\">\n<td class=\"h\">\n<h4>Tamanho da rosca da entrada de ar<\/h4>\n<\/td>\n<td colspan=\"2\">\n<h4>1\/8 BSP<\/h4>\n<\/td>\n<\/tr>\n<\/tbody>\n<\/table>\n","protected":false},"excerpt":{"rendered":"<ul class=\"features_list\">\n<li>\n<h4>Ideal para aplica\u00e7\u00f5es m\u00faltiplas<\/h4>\n<\/li>\n<li>\n<h4>Conforto para o operador<\/h4>\n<\/li>\n<li>\n<h4>Durabilidade e qualidade<\/h4>\n<\/li>\n<\/ul>\n","protected":false},"featured_media":3559,"template":"","meta":{"_links_to":"","_links_to_target":""},"product_cat":[27],"product_tag":[],"_links":{"self":[{"href":"https:\/\/www.leus.com.br\/index.php?rest_route=\/wp\/v2\/product\/1210"}],"collection":[{"href":"https:\/\/www.leus.com.br\/index.php?rest_route=\/wp\/v2\/product"}],"about":[{"href":"https:\/\/www.leus.com.br\/index.php?rest_route=\/wp\/v2\/types\/product"}],"wp:featuredmedia":[{"embeddable":true,"href":"https:\/\/www.leus.com.br\/index.php?rest_route=\/wp\/v2\/media\/3559"}],"wp:attachment":[{"href":"https:\/\/www.leus.com.br\/index.php?rest_route=%2Fwp%2Fv2%2Fmedia&parent=1210"}],"wp:term":[{"taxonomy":"product_cat","embeddable":true,"href":"https:\/\/www.leus.com.br\/index.php?rest_route=%2Fwp%2Fv2%2Fproduct_cat&post=1210"},{"taxonomy":"product_tag","embeddable":true,"href":"https:\/\/www.leus.com.br\/index.php?rest_route=%2Fwp%2Fv2%2Fproduct_tag&post=1210"}],"curies":[{"name":"wp","href":"https:\/\/api.w.org\/{rel}","templated":true}]}}