{"id":1214,"date":"2015-11-16T16:27:08","date_gmt":"2015-11-16T16:27:08","guid":{"rendered":"http:\/\/leus.com.br\/site\/?post_type=product&#038;p=1214"},"modified":"2016-11-25T19:26:49","modified_gmt":"2016-11-25T19:26:49","slug":"cp2780-parafusadeira","status":"publish","type":"product","link":"https:\/\/www.leus.com.br\/?product=cp2780-parafusadeira","title":{"rendered":"CP2780 &#8211; PARAFUSADEIRA"},"content":{"rendered":"<p>&nbsp;<\/p>\n<p><strong>Caracter\u00edsticas<\/strong><\/p>\n<ul class=\"features_list\">\n<li>\n<h4>Parafusadeira de embreagem positiva<\/h4>\n<\/li>\n<li>\n<h4>Mandril de troca r\u00e1pida<\/h4>\n<\/li>\n<li>\n<h4>Controle reverso no gatilho<\/h4>\n<\/li>\n<li>\n<h4>Alta velocidade e torque<\/h4>\n<\/li>\n<li>\n<h4>Gatilho progressivo<\/h4>\n<\/li>\n<\/ul>\n<table class=\"data sort_header\">\n<thead>\n<tr>\n<th colspan=\"3\">\n<h4><\/h4>\n<\/th>\n<\/tr>\n<\/thead>\n<tbody>\n<tr class=\"\">\n<td class=\"h\">\n<h4>N\u00famero da pe\u00e7a<\/h4>\n<\/td>\n<td colspan=\"2\">\n<h4>6151922780<\/h4>\n<\/td>\n<\/tr>\n<tr class=\"\">\n<td class=\"h\">\n<h4>Modelo<\/h4>\n<\/td>\n<td colspan=\"2\">\n<h4>CP2780<\/h4>\n<\/td>\n<\/tr>\n<tr class=\"\">\n<td class=\"h\">\n<h4>Drive de sa\u00edda<\/h4>\n<\/td>\n<td>\n<h4>1\/4&#8243;<\/h4>\n<\/td>\n<td class=\"blurred\">\n<h4><\/h4>\n<\/td>\n<\/tr>\n<tr class=\"\">\n<td class=\"h\">\n<h4>Tipo punho<\/h4>\n<\/td>\n<td colspan=\"2\">\n<h4>Pistola<\/h4>\n<\/td>\n<\/tr>\n<tr class=\"\">\n<td class=\"h\">\n<h4>Suporte do bit<\/h4>\n<\/td>\n<td colspan=\"2\">\n<h4>Troca r\u00e1pida<\/h4>\n<\/td>\n<\/tr>\n<tr class=\"\">\n<td class=\"h\">\n<h4>Tipo de embreagem<\/h4>\n<\/td>\n<td colspan=\"2\">\n<h4>Positivo<\/h4>\n<\/td>\n<\/tr>\n<tr class=\"\">\n<td class=\"h\">\n<h4>Velocidade livre<\/h4>\n<\/td>\n<td colspan=\"2\">\n<h4>2100\u00a0rpm<\/h4>\n<\/td>\n<\/tr>\n<tr class=\"\">\n<td class=\"h\">\n<h4>Torque max. de trabalho<\/h4>\n<\/td>\n<td>\n<h4>10\u00a0Nm<\/h4>\n<\/td>\n<td class=\"blurred\">\n<h4>7.4\u00a0p\u00e9s.lbs<\/h4>\n<\/td>\n<\/tr>\n<tr class=\"\">\n<td class=\"h\">\n<h4>Torque min. de trabalho<\/h4>\n<\/td>\n<td>\n<h4>N\/A<\/h4>\n<\/td>\n<td class=\"blurred\">\n<h4>N\/A<\/h4>\n<\/td>\n<\/tr>\n<tr class=\"\">\n<td class=\"h\">\n<h4>Peso l\u00edquido<\/h4>\n<\/td>\n<td>\n<h4>1.06\u00a0kg<\/h4>\n<\/td>\n<td class=\"blurred\">\n<h4>2.35\u00a0lb<\/h4>\n<\/td>\n<\/tr>\n<tr class=\"\">\n<td class=\"h\">\n<h4>Comprimento<\/h4>\n<\/td>\n<td>\n<h4>164\u00a0mm<\/h4>\n<\/td>\n<td class=\"blurred\">\n<h4>6.46&#8243;<\/h4>\n<\/td>\n<\/tr>\n<tr class=\"\">\n<td class=\"h\">\n<h4>Altura<\/h4>\n<\/td>\n<td>\n<h4>149\u00a0mm<\/h4>\n<\/td>\n<td class=\"blurred\">\n<h4>5.9&#8243;<\/h4>\n<\/td>\n<\/tr>\n<tr class=\"\">\n<td class=\"h\">\n<h4>Di\u00e2metro<\/h4>\n<\/td>\n<td>\n<h4>21\u00a0mm<\/h4>\n<\/td>\n<td class=\"blurred\">\n<h4>0.83&#8243;<\/h4>\n<\/td>\n<\/tr>\n<tr class=\"\">\n<td class=\"h\">\n<h4>Tamanho min. mangueira<\/h4>\n<\/td>\n<td>\n<h4>10\u00a0mm<\/h4>\n<\/td>\n<td class=\"blurred\">\n<h4>3\/8&#8243;<\/h4>\n<\/td>\n<\/tr>\n<tr class=\"\">\n<td class=\"h\">\n<h4>N\u00edvel de ru\u00eddo<\/h4>\n<\/td>\n<td colspan=\"2\">\n<h4>89\u00a0db(A)<\/h4>\n<\/td>\n<\/tr>\n<tr class=\"\">\n<td class=\"h\">\n<h4>Pot\u00eancia de som<\/h4>\n<\/td>\n<td colspan=\"2\">\n<h4>100\u00a0db(A)<\/h4>\n<\/td>\n<\/tr>\n<tr class=\"\">\n<td class=\"h\">\n<h4>Vibra\u00e7\u00e3o (ISO-8662-7)<\/h4>\n<\/td>\n<td colspan=\"2\">\n<h4>26.8\u00a0m\/s\u00b2<\/h4>\n<\/td>\n<\/tr>\n<tr class=\"\">\n<td class=\"h\">\n<h4>Vibra\u00e7\u00e3o \u03b1 (ISO-28927-2)<\/h4>\n<\/td>\n<td colspan=\"2\">\n<h4>&lt;2.5\u00a0m\/s\u00b2<\/h4>\n<\/td>\n<\/tr>\n<tr class=\"\">\n<td class=\"h\">\n<h4>Vibra\u00e7\u00e3o K (ISO-28927-2)<\/h4>\n<\/td>\n<td colspan=\"2\">\n<h4>&#8211;\u00a0m\/s\u00b2<\/h4>\n<\/td>\n<\/tr>\n<tr class=\"\">\n<td class=\"h\">\n<h4>Consumo m\u00e9dio de ar<\/h4>\n<\/td>\n<td>\n<h4>1.2\u00a0l\/s<\/h4>\n<\/td>\n<td class=\"blurred\">\n<h4>2 1\/2\u00a0cfm<\/h4>\n<\/td>\n<\/tr>\n<tr class=\"\">\n<td class=\"h\">\n<h4>Consumo m\u00e9dio de ar<\/h4>\n<\/td>\n<td>\n<h4>71\u00a0l\/mn<\/h4>\n<\/td>\n<td class=\"blurred\">\n<h4>2 1\/2\u00a0cfm<\/h4>\n<\/td>\n<\/tr>\n<tr class=\"\">\n<td class=\"h\">\n<h4>Consumo real de ar<\/h4>\n<\/td>\n<td>\n<h4>4.7\u00a0l\/s<\/h4>\n<\/td>\n<td class=\"blurred\">\n<h4>10\u00a0cfm<\/h4>\n<\/td>\n<\/tr>\n<tr class=\"\">\n<td class=\"h\">\n<h4>Consumo real de ar<\/h4>\n<\/td>\n<td>\n<h4>283\u00a0l\/mn<\/h4>\n<\/td>\n<td class=\"blurred\">\n<h4>10\u00a0cfm<\/h4>\n<\/td>\n<\/tr>\n<tr class=\"\">\n<td class=\"h\">\n<h4>Consumo de ar em velocidade livre<\/h4>\n<\/td>\n<td>\n<h4>14\u00a0l\/s<\/h4>\n<\/td>\n<td class=\"blurred\">\n<h4>29.7\u00a0cfm<\/h4>\n<\/td>\n<\/tr>\n<tr class=\"\">\n<td class=\"h\">\n<h4>Tamanho da rosca da entrada de ar<\/h4>\n<\/td>\n<td colspan=\"2\">\n<h4>0.25\u00a0&#8220;<\/h4>\n<\/td>\n<\/tr>\n<\/tbody>\n<\/table>\n","protected":false},"excerpt":{"rendered":"<ul class=\"features_list\">\n<li>\n<h4>Ferramenta projetada para aplica\u00e7\u00f5es em madeira<\/h4>\n<\/li>\n<li>\n<h4>Opera\u00e7\u00e3o conveniente com uma das m\u00e3os (empunhadura lateral dispon\u00edvel como acess\u00f3rio)<\/h4>\n<\/li>\n<li>\n<h4>\u00d3tima para aplica\u00e7\u00f5es de torque prevalecente<\/h4>\n<\/li>\n<li>\n<h4>O operador pode acionar a embreagem de for\u00e7a para maior torque<\/h4>\n<\/li>\n<\/ul>\n","protected":false},"featured_media":3345,"template":"","meta":{"_links_to":"","_links_to_target":""},"product_cat":[28],"product_tag":[],"_links":{"self":[{"href":"https:\/\/www.leus.com.br\/index.php?rest_route=\/wp\/v2\/product\/1214"}],"collection":[{"href":"https:\/\/www.leus.com.br\/index.php?rest_route=\/wp\/v2\/product"}],"about":[{"href":"https:\/\/www.leus.com.br\/index.php?rest_route=\/wp\/v2\/types\/product"}],"wp:featuredmedia":[{"embeddable":true,"href":"https:\/\/www.leus.com.br\/index.php?rest_route=\/wp\/v2\/media\/3345"}],"wp:attachment":[{"href":"https:\/\/www.leus.com.br\/index.php?rest_route=%2Fwp%2Fv2%2Fmedia&parent=1214"}],"wp:term":[{"taxonomy":"product_cat","embeddable":true,"href":"https:\/\/www.leus.com.br\/index.php?rest_route=%2Fwp%2Fv2%2Fproduct_cat&post=1214"},{"taxonomy":"product_tag","embeddable":true,"href":"https:\/\/www.leus.com.br\/index.php?rest_route=%2Fwp%2Fv2%2Fproduct_tag&post=1214"}],"curies":[{"name":"wp","href":"https:\/\/api.w.org\/{rel}","templated":true}]}}