{"id":1223,"date":"2015-11-16T16:35:47","date_gmt":"2015-11-16T16:35:47","guid":{"rendered":"http:\/\/leus.com.br\/site\/?post_type=product&#038;p=1223"},"modified":"2018-05-08T17:50:34","modified_gmt":"2018-05-08T17:50:34","slug":"cp781-parafusadeira","status":"publish","type":"product","link":"https:\/\/www.leus.com.br\/?product=cp781-parafusadeira","title":{"rendered":"CP781 &#8211; PARAFUSADEIRA"},"content":{"rendered":"<p>&nbsp;<\/p>\n<p><strong>Caracter\u00edsticas<\/strong><\/p>\n<ul class=\"features_list\">\n<li>\n<h4>Embreagem de rolete com ajuste externo<\/h4>\n<\/li>\n<li>\n<h4>Mandril interno de troca r\u00e1pida<\/h4>\n<\/li>\n<li>\n<h4>Baixa velocidade de 800 rpm e alto torque de 75 in.lb (8,47 Nm)<\/h4>\n<\/li>\n<li>\n<h4>Lateral conveniente de avan\u00e7o\/retrocesso<\/h4>\n<\/li>\n<\/ul>\n<table id=\"tablesaw-9800\" class=\"c-table s-editor s-editor--table tablesaw tablesaw-swipe\" data-tablesaw-mode=\"swipe\" data-tablesaw-minimap=\"\" data-nodename=\"table\">\n<tbody>\n<tr>\n<td class=\" tablesaw-swipe-cellpersist\">Modelo<\/td>\n<td class=\"\">CP781<\/td>\n<td class=\"\"><\/td>\n<\/tr>\n<tr>\n<td class=\" tablesaw-swipe-cellpersist\">N\u00famero da pe\u00e7a<\/td>\n<td class=\"\">T025096<\/td>\n<td class=\"\"><\/td>\n<\/tr>\n<tr>\n<td class=\" tablesaw-swipe-cellpersist\">Altura<\/td>\n<td class=\"\">150 mm<\/td>\n<td class=\"\">5.9 &#8220;<\/td>\n<\/tr>\n<tr>\n<td class=\" tablesaw-swipe-cellpersist\">Comprimento<\/td>\n<td class=\"\">226 mm<\/td>\n<td class=\"\">8.88 &#8220;<\/td>\n<\/tr>\n<tr>\n<td class=\" tablesaw-swipe-cellpersist\">Consumo de ar em velocidade livre<\/td>\n<td class=\"\">11.8 l\/s<\/td>\n<td class=\"\">25 cfm<\/td>\n<\/tr>\n<tr>\n<td class=\" tablesaw-swipe-cellpersist\">Consumo m\u00e9dio de ar<\/td>\n<td class=\"\">1.9 l\/s<\/td>\n<td class=\"\">4 cfm<\/td>\n<\/tr>\n<tr>\n<td class=\" tablesaw-swipe-cellpersist\">Consumo real de ar<\/td>\n<td class=\"\">453 l\/mn<\/td>\n<td class=\"\">16 cfm<\/td>\n<\/tr>\n<tr>\n<td class=\" tablesaw-swipe-cellpersist\">Consumo real de ar<\/td>\n<td class=\"\">453 l\/mn<\/td>\n<td class=\"\">16 cfm<\/td>\n<\/tr>\n<tr>\n<td class=\" tablesaw-swipe-cellpersist\">Di\u00e2metro<\/td>\n<td class=\"\">31 mm<\/td>\n<td class=\"\">0.78 &#8220;<\/td>\n<\/tr>\n<tr>\n<td class=\" tablesaw-swipe-cellpersist\">Drive de sa\u00edda<\/td>\n<td class=\"\">1\/4 &#8220;<\/td>\n<td class=\"\"><\/td>\n<\/tr>\n<tr>\n<td class=\" tablesaw-swipe-cellpersist\">N\u00edvel de ru\u00eddo<\/td>\n<td class=\"\">99.5 db(A)<\/td>\n<td class=\"\"><\/td>\n<\/tr>\n<tr>\n<td class=\" tablesaw-swipe-cellpersist\">Peso l\u00edquido<\/td>\n<td class=\"\">1.36 kg<\/td>\n<td class=\"\">3 lb<\/td>\n<\/tr>\n<tr>\n<td class=\" tablesaw-swipe-cellpersist\">Pot\u00eancia do Ru\u00eddo ISO15744_dB(A)<\/td>\n<td class=\"\">110.5 db(A)<\/td>\n<td class=\"\"><\/td>\n<\/tr>\n<tr>\n<td class=\" tablesaw-swipe-cellpersist\">Suporte do bit<\/td>\n<td class=\"\">Troca r\u00e1pida<\/td>\n<td class=\"\"><\/td>\n<\/tr>\n<tr>\n<td class=\" tablesaw-swipe-cellpersist\">Tamanho da rosca da entrada de ar<\/td>\n<td class=\"\">1\/4 &#8220;<\/td>\n<td class=\"\"><\/td>\n<\/tr>\n<tr>\n<td class=\" tablesaw-swipe-cellpersist\">Tamanho min. mangueira<\/td>\n<td class=\"\">10 mm<\/td>\n<td class=\"\">3\/8 &#8220;<\/td>\n<\/tr>\n<tr>\n<td class=\" tablesaw-swipe-cellpersist\">Tipo de embreagem<\/td>\n<td class=\"\">Amortecimento<\/td>\n<td class=\"\"><\/td>\n<\/tr>\n<tr>\n<td class=\" tablesaw-swipe-cellpersist\">Tipo punho<\/td>\n<td class=\"\">Pistola<\/td>\n<td class=\"\"><\/td>\n<\/tr>\n<tr>\n<td class=\" tablesaw-swipe-cellpersist\">Torque max. de trabalho<\/td>\n<td class=\"\">11.3 Nm<\/td>\n<td class=\"\">8.4 p\u00e9s.lbs<\/td>\n<\/tr>\n<tr>\n<td class=\" tablesaw-swipe-cellpersist\">Torque min. de trabalho<\/td>\n<td class=\"\">6.2 Nm<\/td>\n<td class=\"\">4.57 p\u00e9s.lbs<\/td>\n<\/tr>\n<tr>\n<td class=\" tablesaw-swipe-cellpersist\">Velocidade livre<\/td>\n<td class=\"\">800 rpm<\/td>\n<td class=\"\"><\/td>\n<\/tr>\n<tr>\n<td class=\" tablesaw-swipe-cellpersist\">Vibra\u00e7\u00e3o<\/td>\n<td class=\"\">&lt;2.5 m\/s\u00b2<\/td>\n<td class=\"\"><\/td>\n<\/tr>\n<tr>\n<td class=\" tablesaw-swipe-cellpersist\">Vibra\u00e7\u00e3o ISO<\/td>\n<td class=\"\">ISO-28927-2<\/td>\n<td class=\"\"><\/td>\n<\/tr>\n<tr>\n<td class=\" tablesaw-swipe-cellpersist\">Vibra\u00e7\u00e3o K<\/td>\n<td class=\"\">&#8211; m\/s\u00b2<\/td>\n<td class=\"\"><\/td>\n<\/tr>\n<\/tbody>\n<tfoot><\/tfoot>\n<\/table>\n<p>&nbsp;<\/p>\n","protected":false},"excerpt":{"rendered":"<ul class=\"features_list\">\n<li>\n<h4>A embreagem melhora a produtividade e durabilidade<\/h4>\n<\/li>\n<li>\n<h4>Ferramenta ideal para reparos em geral, montagem mec\u00e2nica, madeira, PVC, aplica\u00e7\u00f5es em oficinas mec\u00e2nicas<\/h4>\n<\/li>\n<\/ul>\n","protected":false},"featured_media":3347,"template":"","meta":{"_links_to":"","_links_to_target":""},"product_cat":[28],"product_tag":[],"_links":{"self":[{"href":"https:\/\/www.leus.com.br\/index.php?rest_route=\/wp\/v2\/product\/1223"}],"collection":[{"href":"https:\/\/www.leus.com.br\/index.php?rest_route=\/wp\/v2\/product"}],"about":[{"href":"https:\/\/www.leus.com.br\/index.php?rest_route=\/wp\/v2\/types\/product"}],"wp:featuredmedia":[{"embeddable":true,"href":"https:\/\/www.leus.com.br\/index.php?rest_route=\/wp\/v2\/media\/3347"}],"wp:attachment":[{"href":"https:\/\/www.leus.com.br\/index.php?rest_route=%2Fwp%2Fv2%2Fmedia&parent=1223"}],"wp:term":[{"taxonomy":"product_cat","embeddable":true,"href":"https:\/\/www.leus.com.br\/index.php?rest_route=%2Fwp%2Fv2%2Fproduct_cat&post=1223"},{"taxonomy":"product_tag","embeddable":true,"href":"https:\/\/www.leus.com.br\/index.php?rest_route=%2Fwp%2Fv2%2Fproduct_tag&post=1223"}],"curies":[{"name":"wp","href":"https:\/\/api.w.org\/{rel}","templated":true}]}}