{"id":1227,"date":"2015-11-16T16:39:48","date_gmt":"2015-11-16T16:39:48","guid":{"rendered":"http:\/\/leus.com.br\/site\/?post_type=product&#038;p=1227"},"modified":"2016-11-25T19:32:06","modified_gmt":"2016-11-25T19:32:06","slug":"cp783-parafusadeira","status":"publish","type":"product","link":"https:\/\/www.leus.com.br\/?product=cp783-parafusadeira","title":{"rendered":"CP783 &#8211; PARAFUSADEIRA"},"content":{"rendered":"<p>&nbsp;<\/p>\n<p><strong>Caracter\u00edsticas<\/strong><\/p>\n<ul class=\"features_list\">\n<li>\n<h4>Embreagem de rolete com ajuste externo<\/h4>\n<\/li>\n<li>\n<h4>Mandril interno de troca r\u00e1pida<\/h4>\n<\/li>\n<li>\n<h4>Alta velocidade de 2000 rpm<\/h4>\n<\/li>\n<li>\n<h4>V\u00e1lvula conveniente de avan\u00e7o\/retrocesso<\/h4>\n<\/li>\n<li>\n<h4>Suporte de bit magn\u00e9tico<\/h4>\n<\/li>\n<li>\n<h4>Leve<\/h4>\n<\/li>\n<\/ul>\n<table class=\"data sort_header\">\n<tbody>\n<tr class=\"over\">\n<td class=\"h\">\n<h4>N\u00famero da pe\u00e7a<\/h4>\n<\/td>\n<td colspan=\"2\">\n<h4>T025098<\/h4>\n<\/td>\n<\/tr>\n<tr class=\"\">\n<td class=\"h\">\n<h4>Modelo<\/h4>\n<\/td>\n<td colspan=\"2\">\n<h4>CP783<\/h4>\n<\/td>\n<\/tr>\n<tr class=\"\">\n<td class=\"h\">\n<h4>Drive de sa\u00edda<\/h4>\n<\/td>\n<td>\n<h4>1\/4&#8243;<\/h4>\n<\/td>\n<td class=\"blurred\">\n<h4><\/h4>\n<\/td>\n<\/tr>\n<tr class=\"\">\n<td class=\"h\">\n<h4>Tipo punho<\/h4>\n<\/td>\n<td colspan=\"2\">\n<h4>Reto<\/h4>\n<\/td>\n<\/tr>\n<tr>\n<td class=\"h\">\n<h4>Suporte do bit<\/h4>\n<\/td>\n<td colspan=\"2\">\n<h4>Troca r\u00e1pida<\/h4>\n<\/td>\n<\/tr>\n<tr>\n<td class=\"h\">\n<h4>Tipo de embreagem<\/h4>\n<\/td>\n<td colspan=\"2\">\n<h4>Cushion<\/h4>\n<\/td>\n<\/tr>\n<tr class=\"\">\n<td class=\"h\">\n<h4>Velocidade livre<\/h4>\n<\/td>\n<td colspan=\"2\">\n<h4>2000\u00a0rpm<\/h4>\n<\/td>\n<\/tr>\n<tr>\n<td class=\"h\">\n<h4>Torque max. de trabalho<\/h4>\n<\/td>\n<td>\n<h4>2.83\u00a0Nm<\/h4>\n<\/td>\n<td class=\"blurred\">\n<h4>2.06\u00a0p\u00e9s.lbs<\/h4>\n<\/td>\n<\/tr>\n<tr class=\"\">\n<td class=\"h\">\n<h4>Torque min. de trabalho<\/h4>\n<\/td>\n<td>\n<h4>1.13\u00a0Nm<\/h4>\n<\/td>\n<td class=\"blurred\">\n<h4>0.8\u00a0p\u00e9s.lbs<\/h4>\n<\/td>\n<\/tr>\n<tr class=\"\">\n<td class=\"h\">\n<h4>Peso l\u00edquido<\/h4>\n<\/td>\n<td>\n<h4>0.6\u00a0kg<\/h4>\n<\/td>\n<td class=\"blurred\">\n<h4>1.33\u00a0lb<\/h4>\n<\/td>\n<\/tr>\n<tr>\n<td class=\"h\">\n<h4>Comprimento<\/h4>\n<\/td>\n<td>\n<h4>226\u00a0mm<\/h4>\n<\/td>\n<td class=\"blurred\">\n<h4>8.88&#8243;<\/h4>\n<\/td>\n<\/tr>\n<tr class=\"\">\n<td class=\"h\">\n<h4>Di\u00e2metro<\/h4>\n<\/td>\n<td>\n<h4>16\u00a0mm<\/h4>\n<\/td>\n<td class=\"blurred\">\n<h4>0.61&#8243;<\/h4>\n<\/td>\n<\/tr>\n<tr class=\"\">\n<td class=\"h\">\n<h4>Tamanho min. mangueira<\/h4>\n<\/td>\n<td>\n<h4>10\u00a0mm<\/h4>\n<\/td>\n<td class=\"blurred\">\n<h4>3\/8&#8243;<\/h4>\n<\/td>\n<\/tr>\n<tr class=\"\">\n<td class=\"h\">\n<h4>N\u00edvel de ru\u00eddo<\/h4>\n<\/td>\n<td colspan=\"2\">\n<h4>88.1\u00a0db(A)<\/h4>\n<\/td>\n<\/tr>\n<tr class=\"\">\n<td class=\"h\">\n<h4>Pot\u00eancia de som<\/h4>\n<\/td>\n<td colspan=\"2\">\n<h4>99.1\u00a0db(A)<\/h4>\n<\/td>\n<\/tr>\n<tr class=\"\">\n<td class=\"h\">\n<h4>Vibra\u00e7\u00e3o (ISO-8662-7)<\/h4>\n<\/td>\n<td colspan=\"2\">\n<h4>4.1\u00a0m\/s\u00b2<\/h4>\n<\/td>\n<\/tr>\n<tr class=\"\">\n<td class=\"h\">\n<h4>Vibra\u00e7\u00e3o \u03b1 (ISO-28927-2)<\/h4>\n<\/td>\n<td colspan=\"2\">\n<h4>&lt;2.5\u00a0m\/s\u00b2<\/h4>\n<\/td>\n<\/tr>\n<tr class=\"\">\n<td class=\"h\">\n<h4>Vibra\u00e7\u00e3o K (ISO-28927-2)<\/h4>\n<\/td>\n<td colspan=\"2\">\n<h4>&#8211;\u00a0m\/s\u00b2<\/h4>\n<\/td>\n<\/tr>\n<tr class=\"\">\n<td class=\"h\">\n<h4>Consumo m\u00e9dio de ar<\/h4>\n<\/td>\n<td>\n<h4>1.9\u00a0l\/s<\/h4>\n<\/td>\n<td class=\"blurred\">\n<h4>4\u00a0cfm<\/h4>\n<\/td>\n<\/tr>\n<tr class=\"\">\n<td class=\"h\">\n<h4>Consumo m\u00e9dio de ar<\/h4>\n<\/td>\n<td>\n<h4>113\u00a0l\/mn<\/h4>\n<\/td>\n<td class=\"blurred\">\n<h4>4\u00a0cfm<\/h4>\n<\/td>\n<\/tr>\n<tr class=\"\">\n<td class=\"h\">\n<h4>Consumo real de ar<\/h4>\n<\/td>\n<td>\n<h4>7.6\u00a0l\/s<\/h4>\n<\/td>\n<td class=\"blurred\">\n<h4>16\u00a0cfm<\/h4>\n<\/td>\n<\/tr>\n<tr class=\"\">\n<td class=\"h\">\n<h4>Consumo real de ar<\/h4>\n<\/td>\n<td>\n<h4>453\u00a0l\/mn<\/h4>\n<\/td>\n<td class=\"blurred\">\n<h4>16\u00a0cfm<\/h4>\n<\/td>\n<\/tr>\n<tr class=\"\">\n<td class=\"h\">\n<h4>Consumo de ar em velocidade livre<\/h4>\n<\/td>\n<td>\n<h4>4.2\u00a0l\/s<\/h4>\n<\/td>\n<td class=\"blurred\">\n<h4>9\u00a0cfm<\/h4>\n<\/td>\n<\/tr>\n<tr class=\"\">\n<td class=\"h\">\n<h4>Tamanho da rosca da entrada de ar<\/h4>\n<\/td>\n<td colspan=\"2\">\n<h4>0.25\u00a0&#8220;<\/h4>\n<\/td>\n<\/tr>\n<\/tbody>\n<\/table>\n","protected":false},"excerpt":{"rendered":"<p>&nbsp;<\/p>\n<ul>\n<li>\n<h4>A embreagem melhora a produtividade e durabilidade<\/h4>\n<\/li>\n<li>\n<h4>Tempos de ciclo mais r\u00e1pidos<\/h4>\n<\/li>\n<li>\n<h4>Conforto para o operador<\/h4>\n<\/li>\n<li>\n<h4>Ferramenta ideal para reparos em geral, montagem mec\u00e2nica, madeira, PVC, aplica\u00e7\u00f5es em oficinas<\/h4>\n<\/li>\n<\/ul>\n<h4><\/h4>\n<h4><\/h4>\n","protected":false},"featured_media":3351,"template":"","meta":{"_links_to":"","_links_to_target":""},"product_cat":[28],"product_tag":[],"_links":{"self":[{"href":"https:\/\/www.leus.com.br\/index.php?rest_route=\/wp\/v2\/product\/1227"}],"collection":[{"href":"https:\/\/www.leus.com.br\/index.php?rest_route=\/wp\/v2\/product"}],"about":[{"href":"https:\/\/www.leus.com.br\/index.php?rest_route=\/wp\/v2\/types\/product"}],"wp:featuredmedia":[{"embeddable":true,"href":"https:\/\/www.leus.com.br\/index.php?rest_route=\/wp\/v2\/media\/3351"}],"wp:attachment":[{"href":"https:\/\/www.leus.com.br\/index.php?rest_route=%2Fwp%2Fv2%2Fmedia&parent=1227"}],"wp:term":[{"taxonomy":"product_cat","embeddable":true,"href":"https:\/\/www.leus.com.br\/index.php?rest_route=%2Fwp%2Fv2%2Fproduct_cat&post=1227"},{"taxonomy":"product_tag","embeddable":true,"href":"https:\/\/www.leus.com.br\/index.php?rest_route=%2Fwp%2Fv2%2Fproduct_tag&post=1227"}],"curies":[{"name":"wp","href":"https:\/\/api.w.org\/{rel}","templated":true}]}}