{"id":1267,"date":"2015-11-16T17:50:10","date_gmt":"2015-11-16T17:50:10","guid":{"rendered":"http:\/\/leus.com.br\/site\/?post_type=product&#038;p=1267"},"modified":"2016-09-02T13:16:26","modified_gmt":"2016-09-02T13:16:26","slug":"cp7255e-3-lixadeira-orbital-3","status":"publish","type":"product","link":"https:\/\/www.leus.com.br\/?product=cp7255e-3-lixadeira-orbital-3","title":{"rendered":"CP7255E-3 &#8211; LIXADEIRA ORBITAL 3&#8243;"},"content":{"rendered":"<p><strong>Benef\u00edcios<\/strong><\/p>\n<ul class=\"features_list\">\n<li>Conforto para o operador com forma de palma ergon\u00f4mica<\/li>\n<li>Produtividade melhorada com n\u00edvel baixo de vibra\u00e7\u00e3o<\/li>\n<li>Potente e f\u00e1cil de usar para aplica\u00e7\u00f5es verticais e horizontais<\/li>\n<li>3\/16&#8243; (5 mm): \u00d3tima para prepara\u00e7\u00e3o de superf\u00edcies desde massa pl\u00e1stica at\u00e9 primer pintura<\/li>\n<\/ul>\n<p><strong>Caracter\u00edsticas<\/strong><\/p>\n<ul class=\"features_list\">\n<li>Lixadeira port\u00e1til orbital aleat\u00f3ria de 3&#8243; (75 mm)<\/li>\n<li>Orbital de 3\/16&#8243; (5 mm)<\/li>\n<li>Motor potente de 0,29 hp (210 W)<\/li>\n<li>Apoio leve, projeto em forma de gota para controle perfeito<\/li>\n<li>N\u00edvel baixo de ru\u00eddo<\/li>\n<li>Chave de desligamento e controle de velocidade<\/li>\n<li>Modelo sem v\u00e1cuo (NV) em bloco de velcro<\/li>\n<\/ul>\n<p><strong>Part number<\/strong> 8941272557<br \/>\n<strong>Model<\/strong> CP7255E-3<br \/>\n<strong>Pad diameter<\/strong> 75 mm &#8211; 3&#8243;<br \/>\n<strong>Pad type<\/strong> H&amp;L<br \/>\n<strong>Paper size<\/strong> 75 mm &#8211; 3&#8243;<br \/>\n<strong>Orbit diameter<\/strong> 5 mm &#8211; 3\/16&#8243;<br \/>\n<strong>Free speed<\/strong> 12000 rpm<br \/>\n<strong>Power<\/strong> 210 W &#8211; 0.3 hp<br \/>\n<strong>No-vacuum<\/strong> No-vacuum<br \/>\n<strong>Vacuum<\/strong> no<br \/>\n<strong>Pad holes number<\/strong> 0<br \/>\n<strong>Height over spindle<\/strong> 100 mm<br \/>\n<strong>Spindle thread<\/strong> 5\/16-24<br \/>\n<strong>Length<\/strong> 145*80*100<br \/>\n<strong>Net weight<\/strong> 0.63 kg<br \/>\n<strong>Noise level<\/strong> 76 db(A)<br \/>\n<strong>Sound Power<\/strong> 87 db(A)<br \/>\n<strong>Vibration (ISO-8662-8)<\/strong> <strong>Vibration \u03b1 (ISO-28927-3)<\/strong> 4.4 m\/s\u00b2<br \/>\n<strong>Vibration K (ISO-28927-3)<\/strong> 1.5 m\/s\u00b2<br \/>\n<strong>Average air consumption<\/strong> 3.9 l\/s<br \/>\n<strong>Average air consumption<\/strong> 233.5 l\/mn<br \/>\n<strong>Actual air consumption<\/strong> 7.8 l\/s<br \/>\n<strong>Actual air consumption<\/strong> 467 l\/mn<br \/>\n<strong>Free speed air consumption<\/strong> 5 l\/s<br \/>\n<strong>Min. hose size<\/strong> 10 mm<\/p>\n","protected":false},"excerpt":{"rendered":"<ul class=\"features_list\">\n<li>Conforto para o operador com forma de palma ergon\u00f4mica<\/li>\n<li>Produtividade melhorada com n\u00edvel baixo de vibra\u00e7\u00e3o<\/li>\n<li>Potente e f\u00e1cil de usar para aplica\u00e7\u00f5es verticais e horizontais<\/li>\n<li>3\/16&#8243; (5 mm): \u00d3tima para prepara\u00e7\u00e3o de superf\u00edcies desde massa pl\u00e1stica at\u00e9 primer pintura<\/li>\n<\/ul>\n","protected":false},"featured_media":3400,"template":"","meta":{"_links_to":"","_links_to_target":""},"product_cat":[32],"product_tag":[],"_links":{"self":[{"href":"https:\/\/www.leus.com.br\/index.php?rest_route=\/wp\/v2\/product\/1267"}],"collection":[{"href":"https:\/\/www.leus.com.br\/index.php?rest_route=\/wp\/v2\/product"}],"about":[{"href":"https:\/\/www.leus.com.br\/index.php?rest_route=\/wp\/v2\/types\/product"}],"wp:featuredmedia":[{"embeddable":true,"href":"https:\/\/www.leus.com.br\/index.php?rest_route=\/wp\/v2\/media\/3400"}],"wp:attachment":[{"href":"https:\/\/www.leus.com.br\/index.php?rest_route=%2Fwp%2Fv2%2Fmedia&parent=1267"}],"wp:term":[{"taxonomy":"product_cat","embeddable":true,"href":"https:\/\/www.leus.com.br\/index.php?rest_route=%2Fwp%2Fv2%2Fproduct_cat&post=1267"},{"taxonomy":"product_tag","embeddable":true,"href":"https:\/\/www.leus.com.br\/index.php?rest_route=%2Fwp%2Fv2%2Fproduct_tag&post=1267"}],"curies":[{"name":"wp","href":"https:\/\/api.w.org\/{rel}","templated":true}]}}