{"id":1281,"date":"2015-11-16T18:00:17","date_gmt":"2015-11-16T18:00:17","guid":{"rendered":"http:\/\/leus.com.br\/site\/?post_type=product&#038;p=1281"},"modified":"2020-06-02T15:08:48","modified_gmt":"2020-06-02T18:08:48","slug":"cp7225cve-lixadeira-orbital-5","status":"publish","type":"product","link":"https:\/\/www.leus.com.br\/?product=cp7225cve-lixadeira-orbital-5","title":{"rendered":"CP7225CVE &#8211; LIXADEIRA ORBITAL 5&#8243;"},"content":{"rendered":"<p><strong>Benef\u00edcios<\/strong><\/p>\n<ul class=\"features_list\">\n<li>\n<h4>Conforto para o operador com forma de palma ergon\u00f4mica<\/h4>\n<\/li>\n<li>\n<h4>Produtividade melhorada com n\u00edvel baixo de vibra\u00e7\u00e3o<\/h4>\n<\/li>\n<li>\n<h4>Forma de palma potente e ergon\u00f4mica para aplica\u00e7\u00f5es verticais e horizontais<\/h4>\n<\/li>\n<li>\n<h4>3\/32&#8243; (2,5 mm): Usada para lixamento final, acabamento e processos de pr\u00e9-polimento<\/h4>\n<\/li>\n<\/ul>\n<p><strong>Caracter\u00edsticas<\/strong><\/p>\n<ul class=\"features_list\">\n<li>\n<h4>Lixadeira port\u00e1til orbital aleat\u00f3ria de 6&#8243; (150 mm)<\/h4>\n<\/li>\n<li>\n<h4>Orbital de 3\/32&#8243; (2,5 mm)<\/h4>\n<\/li>\n<li>\n<h4>Motor potente de 0,29 hp (210 W)<\/h4>\n<\/li>\n<li>\n<h4>Apoio leve, projeto em forma de gota para controle perfeito<\/h4>\n<\/li>\n<li>\n<h4>N\u00edvel baixo de ru\u00eddo<\/h4>\n<\/li>\n<li>\n<h4>Baixa vibra\u00e7\u00e3o<\/h4>\n<\/li>\n<li>\n<h4>Chave de desligamento e controle de velocidade<\/h4>\n<\/li>\n<li>\n<h4>Modelo de v\u00e1cuo central (CV) em bloco de velcro<\/h4>\n<\/li>\n<\/ul>\n<h4><strong>Part number<\/strong> 8941272253<br \/>\n<strong>Model<\/strong> CP7225CVE<br \/>\n<strong>Pad diameter<\/strong> 150 mm &#8211; 6&#8243;<br \/>\n<strong>Pad type<\/strong> H&amp;L<br \/>\n<strong>Paper size<\/strong> 150 mm &#8211; 6&#8243;<br \/>\n<strong>Orbit diameter<\/strong> 2.5 mm &#8211; 3\/32&#8243;<br \/>\n<strong>Free speed<\/strong> 12000 rpm<br \/>\n<strong>Power<\/strong> 210 W &#8211; 0.3 hp<br \/>\n<strong>Central vacuum<\/strong> Central vacuum<br \/>\n<strong>Vacuum<\/strong> Central vacuum<br \/>\n<strong>Pad holes number<\/strong> 6<br \/>\n<strong>Height over spindle<\/strong> 105 mm<br \/>\n<strong>Spindle thread<\/strong> 5\/16-24<br \/>\n<strong>Length<\/strong> 221*150*105<br \/>\n<strong>Net weight<\/strong> 0.83 kg<br \/>\n<strong>Noise level<\/strong> 81 db(A)<br \/>\n<strong>Sound Power<\/strong> 92 db(A)<br \/>\n<strong>Vibration (ISO-8662-8)<\/strong> <strong>Vibration \u03b1 (ISO-28927-3)<\/strong> 3.7 m\/s\u00b2<br \/>\n<strong>Vibration K (ISO-28927-3)<\/strong> 2.08 m\/s\u00b2<br \/>\n<strong>Average air consumption<\/strong> 3.8 l\/s<br \/>\n<strong>Average air consumption<\/strong> 227 l\/mn<br \/>\n<strong>Actual air consumption<\/strong> 7.6 l\/s<br \/>\n<strong>Actual air consumption<\/strong> 453 l\/mn<br \/>\n<strong>Free speed air consumption<\/strong> 8 l\/s<br \/>\n<strong>Min. hose size<\/strong> 10 mm<\/h4>\n","protected":false},"excerpt":{"rendered":"<ul class=\"features_list\">\n<li>\n<h4>Conforto para o operador com forma de palma ergon\u00f4mica<\/h4>\n<\/li>\n<li>\n<h4>Produtividade melhorada com n\u00edvel baixo de vibra\u00e7\u00e3o<\/h4>\n<\/li>\n<li>\n<h4>Forma de palma potente e ergon\u00f4mica para aplica\u00e7\u00f5es verticais e horizontais<\/h4>\n<\/li>\n<li>\n<h4>3\/32&#8243; (2,5 mm): Usada para lixamento final, acabamento e processos de pr\u00e9-polimento<\/h4>\n<\/li>\n<\/ul>\n","protected":false},"featured_media":3381,"template":"","meta":{"_links_to":"","_links_to_target":""},"product_cat":[32],"product_tag":[],"_links":{"self":[{"href":"https:\/\/www.leus.com.br\/index.php?rest_route=\/wp\/v2\/product\/1281"}],"collection":[{"href":"https:\/\/www.leus.com.br\/index.php?rest_route=\/wp\/v2\/product"}],"about":[{"href":"https:\/\/www.leus.com.br\/index.php?rest_route=\/wp\/v2\/types\/product"}],"wp:featuredmedia":[{"embeddable":true,"href":"https:\/\/www.leus.com.br\/index.php?rest_route=\/wp\/v2\/media\/3381"}],"wp:attachment":[{"href":"https:\/\/www.leus.com.br\/index.php?rest_route=%2Fwp%2Fv2%2Fmedia&parent=1281"}],"wp:term":[{"taxonomy":"product_cat","embeddable":true,"href":"https:\/\/www.leus.com.br\/index.php?rest_route=%2Fwp%2Fv2%2Fproduct_cat&post=1281"},{"taxonomy":"product_tag","embeddable":true,"href":"https:\/\/www.leus.com.br\/index.php?rest_route=%2Fwp%2Fv2%2Fproduct_tag&post=1281"}],"curies":[{"name":"wp","href":"https:\/\/api.w.org\/{rel}","templated":true}]}}