{"id":1307,"date":"2015-11-16T18:11:54","date_gmt":"2015-11-16T18:11:54","guid":{"rendered":"http:\/\/leus.com.br\/site\/?post_type=product&#038;p=1307"},"modified":"2016-11-28T10:52:07","modified_gmt":"2016-11-28T10:52:07","slug":"cp7215sv-lixadeira-orbital-6","status":"publish","type":"product","link":"https:\/\/www.leus.com.br\/?product=cp7215sv-lixadeira-orbital-6","title":{"rendered":"CP7215SV &#8211; LIXADEIRA ORBITAL 6&#8243;"},"content":{"rendered":"<p>&nbsp;<\/p>\n<p><strong>Caracter\u00edsticas<\/strong><\/p>\n<ul class=\"features_list\">\n<li>\n<h4>Lixadeira port\u00e1til orbital aleat\u00f3ria de 6&#8243; (150 mm)<\/h4>\n<\/li>\n<li>\n<h4>Orbital de 3\/8&#8243; (10 mm)<\/h4>\n<\/li>\n<li>\n<h4>Motor potente de 0,29 hp (210 W)<\/h4>\n<\/li>\n<li>\n<h4>Apoio leve, projeto em forma de gota para controle perfeito<\/h4>\n<\/li>\n<li>\n<h4>N\u00edvel baixo de ru\u00eddo<\/h4>\n<\/li>\n<li>\n<h4>Chave de desligamento e controle de velocidade<\/h4>\n<\/li>\n<li>\n<h4>Modelo de v\u00e1cuo autom\u00e1tico (SV) em bloco PSA<\/h4>\n<\/li>\n<\/ul>\n<table class=\"data sort_header\">\n<thead>\n<tr>\n<th colspan=\"3\">\n<h4><\/h4>\n<\/th>\n<\/tr>\n<\/thead>\n<tbody>\n<tr>\n<td class=\"h\">\n<h4>N\u00famero da pe\u00e7a<\/h4>\n<\/td>\n<td colspan=\"2\">\n<h4>8941072152<\/h4>\n<\/td>\n<\/tr>\n<tr>\n<td class=\"h\">\n<h4>Modelo<\/h4>\n<\/td>\n<td colspan=\"2\">\n<h4>CP7215SV<\/h4>\n<\/td>\n<\/tr>\n<tr class=\"\">\n<td class=\"h\">\n<h4>Di\u00e2metro da base<\/h4>\n<\/td>\n<td>\n<h4>150\u00a0mm<\/h4>\n<\/td>\n<td class=\"blurred\">\n<h4>6&#8243;<\/h4>\n<\/td>\n<\/tr>\n<tr class=\"\">\n<td class=\"h\">\n<h4>Tipo de base de velcro<\/h4>\n<\/td>\n<td colspan=\"2\">\n<h4>n\u00e3o<\/h4>\n<\/td>\n<\/tr>\n<tr>\n<td class=\"h\">\n<h4>Tipo de base PSA<\/h4>\n<\/td>\n<td colspan=\"2\">\n<h4>sim<\/h4>\n<\/td>\n<\/tr>\n<tr>\n<td class=\"h\">\n<h4>Tipo de base<\/h4>\n<\/td>\n<td colspan=\"2\">\n<h4>PSA<\/h4>\n<\/td>\n<\/tr>\n<tr>\n<td class=\"h\">\n<h4>Tamanho do papel<\/h4>\n<\/td>\n<td>\n<h4>150\u00a0mm<\/h4>\n<\/td>\n<td class=\"blurred\">\n<h4>6&#8243;<\/h4>\n<\/td>\n<\/tr>\n<tr>\n<td class=\"h\">\n<h4>Di\u00e2metro da \u00f3rbita<\/h4>\n<\/td>\n<td>\n<h4>10\u00a0mm<\/h4>\n<\/td>\n<td class=\"blurred\">\n<h4>3\/8&#8243;<\/h4>\n<\/td>\n<\/tr>\n<tr>\n<td class=\"h\">\n<h4>Velocidade livre<\/h4>\n<\/td>\n<td colspan=\"2\">\n<h4>12000\u00a0rpm<\/h4>\n<\/td>\n<\/tr>\n<tr>\n<td class=\"h\">\n<h4>Energia<\/h4>\n<\/td>\n<td>\n<h4>210\u00a0W<\/h4>\n<\/td>\n<td class=\"blurred\">\n<h4>0.3\u00a0hp<\/h4>\n<\/td>\n<\/tr>\n<tr>\n<td class=\"h\">\n<h4>Auto aspira\u00e7\u00e3o<\/h4>\n<\/td>\n<td colspan=\"2\">\n<h4>Auto aspira\u00e7\u00e3o<\/h4>\n<\/td>\n<\/tr>\n<tr class=\"\">\n<td class=\"h\">\n<h4>V\u00e1cuo<\/h4>\n<\/td>\n<td colspan=\"2\">\n<h4>Auto aspira\u00e7\u00e3o<\/h4>\n<\/td>\n<\/tr>\n<tr class=\"\">\n<td class=\"h\">\n<h4>N\u00famero de furos na base<\/h4>\n<\/td>\n<td colspan=\"2\">\n<h4>6<\/h4>\n<\/td>\n<\/tr>\n<tr class=\"\">\n<td class=\"h\">\n<h4>Altura sobre a haste<\/h4>\n<\/td>\n<td>\n<h4>105\u00a0mm<\/h4>\n<\/td>\n<td class=\"blurred\">\n<h4>4.1&#8243;<\/h4>\n<\/td>\n<\/tr>\n<tr class=\"\">\n<td class=\"h\">\n<h4>Rosca da Haste<\/h4>\n<\/td>\n<td colspan=\"2\">\n<h4>5\/16-24<\/h4>\n<\/td>\n<\/tr>\n<tr class=\"\">\n<td class=\"h\">\n<h4>Comprimento<\/h4>\n<\/td>\n<td>\n<h4>232*150*105<\/h4>\n<\/td>\n<td class=\"blurred\">\n<h4>9.1*6*4.1<\/h4>\n<\/td>\n<\/tr>\n<tr class=\"\">\n<td class=\"h\">\n<h4>Peso l\u00edquido<\/h4>\n<\/td>\n<td>\n<h4>0.82\u00a0kg<\/h4>\n<\/td>\n<td class=\"blurred\">\n<h4>1.84\u00a0lb<\/h4>\n<\/td>\n<\/tr>\n<tr class=\"\">\n<td class=\"h\">\n<h4>N\u00edvel de ru\u00eddo<\/h4>\n<\/td>\n<td colspan=\"2\">\n<h4>81\u00a0db(A)<\/h4>\n<\/td>\n<\/tr>\n<tr class=\"\">\n<td class=\"h\">\n<h4>Pot\u00eancia de som<\/h4>\n<\/td>\n<td colspan=\"2\">\n<h4>92\u00a0db(A)<\/h4>\n<\/td>\n<\/tr>\n<tr>\n<td class=\"h\">\n<h4>Vibra\u00e7\u00e3o (ISO-8662-8)<\/h4>\n<\/td>\n<td colspan=\"2\">\n<h4>&lt;2.5\u00a0m\/s\u00b2<\/h4>\n<\/td>\n<\/tr>\n<tr>\n<td class=\"h\">\n<h4>Vibra\u00e7\u00e3o \u03b1 (ISO-28927-3)<\/h4>\n<\/td>\n<td colspan=\"2\">\n<h4>8.54\u00a0m\/s\u00b2<\/h4>\n<\/td>\n<\/tr>\n<tr>\n<td class=\"h\">\n<h4>Vibra\u00e7\u00e3o K (ISO-28927-3)<\/h4>\n<\/td>\n<td colspan=\"2\">\n<h4>2.85\u00a0m\/s\u00b2<\/h4>\n<\/td>\n<\/tr>\n<tr class=\"\">\n<td class=\"h\">\n<h4>Consumo m\u00e9dio de ar<\/h4>\n<\/td>\n<td>\n<h4>3.8\u00a0l\/s<\/h4>\n<\/td>\n<td class=\"blurred\">\n<h4>8\u00a0cfm<\/h4>\n<\/td>\n<\/tr>\n<tr class=\"\">\n<td class=\"h\">\n<h4>Consumo m\u00e9dio de ar<\/h4>\n<\/td>\n<td>\n<h4>227\u00a0l\/mn<\/h4>\n<\/td>\n<td class=\"blurred\">\n<h4>8\u00a0cfm<\/h4>\n<\/td>\n<\/tr>\n<tr class=\"\">\n<td class=\"h\">\n<h4>Consumo real de ar<\/h4>\n<\/td>\n<td>\n<h4>7.6\u00a0l\/s<\/h4>\n<\/td>\n<td class=\"blurred\">\n<h4>16\u00a0cfm<\/h4>\n<\/td>\n<\/tr>\n<tr class=\"\">\n<td class=\"h\">\n<h4>Consumo real de ar<\/h4>\n<\/td>\n<td>\n<h4>453\u00a0l\/mn<\/h4>\n<\/td>\n<td class=\"blurred\">\n<h4>16\u00a0cfm<\/h4>\n<\/td>\n<\/tr>\n<tr class=\"\">\n<td class=\"h\">\n<h4>Consumo de ar em velocidade livre<\/h4>\n<\/td>\n<td>\n<h4>8\u00a0l\/s<\/h4>\n<\/td>\n<td class=\"blurred\">\n<h4>18\u00a0cfm<\/h4>\n<\/td>\n<\/tr>\n<tr class=\"\">\n<td class=\"h\">\n<h4>Tamanho min. mangueira<\/h4>\n<\/td>\n<td>\n<h4>10\u00a0mm<\/h4>\n<\/td>\n<td class=\"blurred\">\n<h4>3\/8&#8243;<\/h4>\n<\/td>\n<\/tr>\n<tr class=\"\">\n<td class=\"h\">\n<h4>Tamanho da rosca da entrada de ar<\/h4>\n<\/td>\n<td colspan=\"2\">\n<h4>1\/4<\/h4>\n<\/td>\n<\/tr>\n<\/tbody>\n<\/table>\n","protected":false},"excerpt":{"rendered":"<ul class=\"features_list\">\n<li>\n<h4>Conforto para o operador com forma de palma ergon\u00f4mica<\/h4>\n<\/li>\n<li>\n<h4>Produtividade melhorada com n\u00edvel baixo de vibra\u00e7\u00e3o<\/h4>\n<\/li>\n<li>\n<h4>Forma de palma potente e ergon\u00f4mica para aplica\u00e7\u00f5es verticais e horizontais<\/h4>\n<\/li>\n<li>\n<h4>3\/8&#8243; (10 mm): \u00f3tima para remo\u00e7\u00e3o de material pesado como massa pl\u00e1stica<\/h4>\n<\/li>\n<\/ul>\n","protected":false},"featured_media":3375,"template":"","meta":{"_links_to":"","_links_to_target":""},"product_cat":[32],"product_tag":[],"_links":{"self":[{"href":"https:\/\/www.leus.com.br\/index.php?rest_route=\/wp\/v2\/product\/1307"}],"collection":[{"href":"https:\/\/www.leus.com.br\/index.php?rest_route=\/wp\/v2\/product"}],"about":[{"href":"https:\/\/www.leus.com.br\/index.php?rest_route=\/wp\/v2\/types\/product"}],"wp:featuredmedia":[{"embeddable":true,"href":"https:\/\/www.leus.com.br\/index.php?rest_route=\/wp\/v2\/media\/3375"}],"wp:attachment":[{"href":"https:\/\/www.leus.com.br\/index.php?rest_route=%2Fwp%2Fv2%2Fmedia&parent=1307"}],"wp:term":[{"taxonomy":"product_cat","embeddable":true,"href":"https:\/\/www.leus.com.br\/index.php?rest_route=%2Fwp%2Fv2%2Fproduct_cat&post=1307"},{"taxonomy":"product_tag","embeddable":true,"href":"https:\/\/www.leus.com.br\/index.php?rest_route=%2Fwp%2Fv2%2Fproduct_tag&post=1307"}],"curies":[{"name":"wp","href":"https:\/\/api.w.org\/{rel}","templated":true}]}}