{"id":1324,"date":"2015-11-16T18:24:45","date_gmt":"2015-11-16T18:24:45","guid":{"rendered":"http:\/\/leus.com.br\/site\/?post_type=product&#038;p=1324"},"modified":"2016-11-28T13:19:30","modified_gmt":"2016-11-28T13:19:30","slug":"cp870-lixadeira-orbital-6","status":"publish","type":"product","link":"https:\/\/www.leus.com.br\/?product=cp870-lixadeira-orbital-6","title":{"rendered":"CP870 &#8211; LIXADEIRA ORBITAL 6&#8243;"},"content":{"rendered":"<p>&nbsp;<\/p>\n<p><strong>Caracter\u00edsticas<\/strong><\/p>\n<ul class=\"features_list\">\n<li>\n<h4>Lixadeira de trabalho geral com op\u00e7\u00f5es rotat\u00f3rias ou orbital aleat\u00f3ria<\/h4>\n<\/li>\n<li>\n<h4>Bloco de lixamento PSA<\/h4>\n<\/li>\n<li>\n<h4>Apoio isolado e acelerador com trava para evitar inicializa\u00e7\u00e3o acidental<\/h4>\n<\/li>\n<li>\n<h4>Regulador de pot\u00eancia para controle preciso<\/h4>\n<\/li>\n<\/ul>\n<table class=\"data sort_header\">\n<tbody>\n<tr class=\"over\">\n<td class=\"h\">\n<h4>N\u00famero da pe\u00e7a<\/h4>\n<\/td>\n<td colspan=\"2\">\n<h4>T023990<\/h4>\n<\/td>\n<\/tr>\n<tr class=\"\">\n<td class=\"h\">\n<h4>Modelo<\/h4>\n<\/td>\n<td colspan=\"2\">\n<h4>CP870<\/h4>\n<\/td>\n<\/tr>\n<tr class=\"\">\n<td class=\"h\">\n<h4>Di\u00e2metro da base<\/h4>\n<\/td>\n<td>\n<h4>150\u00a0mm<\/h4>\n<\/td>\n<td class=\"blurred\">\n<h4>6&#8243;<\/h4>\n<\/td>\n<\/tr>\n<tr class=\"\">\n<td class=\"h\">\n<h4>Tipo de base de velcro<\/h4>\n<\/td>\n<td colspan=\"2\">\n<h4>n\u00e3o<\/h4>\n<\/td>\n<\/tr>\n<tr class=\"\">\n<td class=\"h\">\n<h4>Tipo de base PSA<\/h4>\n<\/td>\n<td colspan=\"2\">\n<h4>sim<\/h4>\n<\/td>\n<\/tr>\n<tr class=\"\">\n<td class=\"h\">\n<h4>Tipo de base<\/h4>\n<\/td>\n<td colspan=\"2\">\n<h4>PSA<\/h4>\n<\/td>\n<\/tr>\n<tr class=\"\">\n<td class=\"h\">\n<h4>Tamanho do papel<\/h4>\n<\/td>\n<td>\n<h4>150\u00a0mm<\/h4>\n<\/td>\n<td class=\"blurred\">\n<h4>6&#8243;<\/h4>\n<\/td>\n<\/tr>\n<tr class=\"\">\n<td class=\"h\">\n<h4>Di\u00e2metro da \u00f3rbita<\/h4>\n<\/td>\n<td>\n<h4>10\u00a0mm<\/h4>\n<\/td>\n<td class=\"blurred\">\n<h4>3\/8&#8243;<\/h4>\n<\/td>\n<\/tr>\n<tr class=\"\">\n<td class=\"h\">\n<h4>Velocidade livre<\/h4>\n<\/td>\n<td colspan=\"2\">\n<h4>10000\u00a0rpm<\/h4>\n<\/td>\n<\/tr>\n<tr class=\"\">\n<td class=\"h\">\n<h4>V\u00e1cuo<\/h4>\n<\/td>\n<td colspan=\"2\">\n<h4>n\u00e3o<\/h4>\n<\/td>\n<\/tr>\n<tr class=\"\">\n<td class=\"h\">\n<h4>N\u00famero de furos na base<\/h4>\n<\/td>\n<td colspan=\"2\">\n<h4>0<\/h4>\n<\/td>\n<\/tr>\n<tr class=\"\">\n<td class=\"h\">\n<h4>Altura sobre a haste<\/h4>\n<\/td>\n<td>\n<h4>120\u00a0mm<\/h4>\n<\/td>\n<td class=\"blurred\">\n<h4>4.7&#8243;<\/h4>\n<\/td>\n<\/tr>\n<tr class=\"\">\n<td class=\"h\">\n<h4>Rosca da Haste<\/h4>\n<\/td>\n<td colspan=\"2\">\n<h4>5\/16-24<\/h4>\n<\/td>\n<\/tr>\n<tr class=\"\">\n<td class=\"h\">\n<h4>Comprimento<\/h4>\n<\/td>\n<td>\n<h4>193\u00a0mm<\/h4>\n<\/td>\n<td class=\"blurred\">\n<h4>4,2&#8243;<\/h4>\n<\/td>\n<\/tr>\n<tr class=\"\">\n<td class=\"h\">\n<h4>Peso l\u00edquido<\/h4>\n<\/td>\n<td>\n<h4>1.93\u00a0kg<\/h4>\n<\/td>\n<td class=\"blurred\">\n<h4>4.25\u00a0lb<\/h4>\n<\/td>\n<\/tr>\n<tr class=\"\">\n<td class=\"h\">\n<h4>N\u00edvel de ru\u00eddo<\/h4>\n<\/td>\n<td colspan=\"2\">\n<h4>83\u00a0db(A)<\/h4>\n<\/td>\n<\/tr>\n<tr class=\"\">\n<td class=\"h\">\n<h4>Pot\u00eancia de som<\/h4>\n<\/td>\n<td colspan=\"2\">\n<h4>94\u00a0db(A)<\/h4>\n<\/td>\n<\/tr>\n<tr class=\"\">\n<td class=\"h\">\n<h4>Vibra\u00e7\u00e3o (ISO-8662-8)<\/h4>\n<\/td>\n<td colspan=\"2\">\n<h4>6.2\u00a0m\/s\u00b2<\/h4>\n<\/td>\n<\/tr>\n<tr class=\"\">\n<td class=\"h\">\n<h4>Vibra\u00e7\u00e3o \u03b1 (ISO-28927-3)<\/h4>\n<\/td>\n<td colspan=\"2\">\n<h4>13.6\u00a0m\/s\u00b2<\/h4>\n<\/td>\n<\/tr>\n<tr class=\"\">\n<td class=\"h\">\n<h4>Vibra\u00e7\u00e3o K (ISO-28927-3)<\/h4>\n<\/td>\n<td colspan=\"2\">\n<h4>4.3\u00a0m\/s\u00b2<\/h4>\n<\/td>\n<\/tr>\n<tr class=\"\">\n<td class=\"h\">\n<h4>Consumo m\u00e9dio de ar<\/h4>\n<\/td>\n<td>\n<h4>3.8\u00a0l\/s<\/h4>\n<\/td>\n<td class=\"blurred\">\n<h4>8\u00a0cfm<\/h4>\n<\/td>\n<\/tr>\n<tr class=\"\">\n<td class=\"h\">\n<h4>Consumo m\u00e9dio de ar<\/h4>\n<\/td>\n<td>\n<h4>227\u00a0l\/mn<\/h4>\n<\/td>\n<td class=\"blurred\">\n<h4>8\u00a0cfm<\/h4>\n<\/td>\n<\/tr>\n<tr class=\"\">\n<td class=\"h\">\n<h4>Consumo real de ar<\/h4>\n<\/td>\n<td>\n<h4>7.6\u00a0l\/s<\/h4>\n<\/td>\n<td class=\"blurred\">\n<h4>18\u00a0cfm<\/h4>\n<\/td>\n<\/tr>\n<tr class=\"\">\n<td class=\"h\">\n<h4>Consumo real de ar<\/h4>\n<\/td>\n<td>\n<h4>453\u00a0l\/mn<\/h4>\n<\/td>\n<td class=\"blurred\">\n<h4>18\u00a0cfm<\/h4>\n<\/td>\n<\/tr>\n<tr class=\"\">\n<td class=\"h\">\n<h4>Consumo de ar em velocidade livre<\/h4>\n<\/td>\n<td>\n<h4>8.5\u00a0l\/s<\/h4>\n<\/td>\n<td class=\"blurred\">\n<h4>18\u00a0cfm<\/h4>\n<\/td>\n<\/tr>\n<tr class=\"\">\n<td class=\"h\">\n<h4>Tamanho min. mangueira<\/h4>\n<\/td>\n<td>\n<h4>10\u00a0mm<\/h4>\n<\/td>\n<td class=\"blurred\">\n<h4>3\/8&#8243;<\/h4>\n<\/td>\n<\/tr>\n<tr class=\"\">\n<td class=\"h\">\n<h4>Tamanho da rosca da entrada de ar<\/h4>\n<\/td>\n<td colspan=\"2\">\n<h4>1\/4<\/h4>\n<\/td>\n<\/tr>\n<\/tbody>\n<\/table>\n","protected":false},"excerpt":{"rendered":"<ul class=\"features_list\">\n<li>\n<h4>Conforto para o operador<\/h4>\n<\/li>\n<li>\n<h4>Excelente para fixa\u00e7\u00e3o e amaciamento, acabamento macio e prepara\u00e7\u00e3o de pr\u00e9-pintura<\/h4>\n<\/li>\n<\/ul>\n","protected":false},"featured_media":3426,"template":"","meta":{"_links_to":"","_links_to_target":""},"product_cat":[32],"product_tag":[],"_links":{"self":[{"href":"https:\/\/www.leus.com.br\/index.php?rest_route=\/wp\/v2\/product\/1324"}],"collection":[{"href":"https:\/\/www.leus.com.br\/index.php?rest_route=\/wp\/v2\/product"}],"about":[{"href":"https:\/\/www.leus.com.br\/index.php?rest_route=\/wp\/v2\/types\/product"}],"wp:featuredmedia":[{"embeddable":true,"href":"https:\/\/www.leus.com.br\/index.php?rest_route=\/wp\/v2\/media\/3426"}],"wp:attachment":[{"href":"https:\/\/www.leus.com.br\/index.php?rest_route=%2Fwp%2Fv2%2Fmedia&parent=1324"}],"wp:term":[{"taxonomy":"product_cat","embeddable":true,"href":"https:\/\/www.leus.com.br\/index.php?rest_route=%2Fwp%2Fv2%2Fproduct_cat&post=1324"},{"taxonomy":"product_tag","embeddable":true,"href":"https:\/\/www.leus.com.br\/index.php?rest_route=%2Fwp%2Fv2%2Fproduct_tag&post=1324"}],"curies":[{"name":"wp","href":"https:\/\/api.w.org\/{rel}","templated":true}]}}