{"id":1344,"date":"2015-11-16T18:43:12","date_gmt":"2015-11-16T18:43:12","guid":{"rendered":"http:\/\/leus.com.br\/site\/?post_type=product&#038;p=1344"},"modified":"2016-11-25T19:51:55","modified_gmt":"2016-11-25T19:51:55","slug":"cp7202d-lixadeira-orbital-3","status":"publish","type":"product","link":"https:\/\/www.leus.com.br\/?product=cp7202d-lixadeira-orbital-3","title":{"rendered":"CP7202D &#8211; LIXADEIRA ORBITAL 3&#8243;"},"content":{"rendered":"<h4><\/h4>\n<p><strong>Caracter\u00edsticas<\/strong><\/p>\n<ul class=\"features_list\">\n<li>\n<h4>Lixadeira de disco mini pistola com bloco Roloc de 3&#8243; (75 mm)<\/h4>\n<\/li>\n<li>\n<h4>Apoio da pistola moldado em borracha<\/h4>\n<\/li>\n<li>\n<h4>Regulador de pot\u00eancia ajust\u00e1vel<\/h4>\n<\/li>\n<li>\n<h4>Acelerador progressivo para 2 dedos<\/h4>\n<\/li>\n<li>\n<h4>Exaust\u00e3o silenciosa na empunhadura<\/h4>\n<\/li>\n<li>\n<h4>Inclui: (1) 3&#8243; (75 mm) bloco de apoio<\/h4>\n<\/li>\n<li>\n<h4>(10) discos de lixa de areia de 3&#8243; (75 mm) 80, 100 e 120<\/h4>\n<\/li>\n<li>\n<h4>(1) disco de prepara\u00e7\u00e3o superf\u00edcie fina, m\u00e9dia e \u00e1spera de 3&#8243; (75 mm) e chave de eixo em caixa port\u00e1til resistente<\/h4>\n<\/li>\n<\/ul>\n<h4>Part number 8941172021<br \/>\nModel CP7202D<br \/>\nPad diameter 75 mm 3&#8243;<br \/>\nPad type Hook &amp; Loop yes<br \/>\nPad type PSA no<br \/>\nPad type H&amp;L<br \/>\nPaper size 75 mm 3&#8243;<br \/>\nFree speed 15000 rpm<br \/>\nPower 150 W 0.2 hp<br \/>\nPad holes number 0<br \/>\nSpindle thread 1\/4&#8243;-20 UNC<br \/>\nLength 120 mm 4.72&#8243;<br \/>\nNet weight 0.68 kg 1 1\/2 lb<br \/>\nNoise level 84.8 db(A)<br \/>\nSound Power 95.8 db(A)<br \/>\nVibration (ISO-8662-8) 3.1 m\/s\u00b2<br \/>\nVibration \u03b1 (ISO-28927-3) Average air consumption 5 l\/s 10.5 cfm<br \/>\nAverage air consumption 297 l\/mn 10.5 cfm<br \/>\nActual air consumption 9.9 l\/s 21 cfm<br \/>\nActual air consumption 595 l\/mn 21 cfm<br \/>\nFree speed air consumption 9.9 l\/s 21 cfm<br \/>\nMin. hose size 10 mm<\/h4>\n","protected":false},"excerpt":{"rendered":"<ul class=\"features_list\">\n<li>\n<h4>Compacta e leve<\/h4>\n<\/li>\n<li>\n<h4>Maximize o controle do operador e ergonomia, menor fadiga<\/h4>\n<\/li>\n<li>\n<h4>Trabalho realizado de forma mais r\u00e1pida e f\u00e1cil<\/h4>\n<\/li>\n<li>\n<h4>Excelente para reparos em pequenas \u00e1reas<\/h4>\n<\/li>\n<\/ul>\n","protected":false},"featured_media":3363,"template":"","meta":{"_links_to":"","_links_to_target":""},"product_cat":[32],"product_tag":[],"_links":{"self":[{"href":"https:\/\/www.leus.com.br\/index.php?rest_route=\/wp\/v2\/product\/1344"}],"collection":[{"href":"https:\/\/www.leus.com.br\/index.php?rest_route=\/wp\/v2\/product"}],"about":[{"href":"https:\/\/www.leus.com.br\/index.php?rest_route=\/wp\/v2\/types\/product"}],"wp:featuredmedia":[{"embeddable":true,"href":"https:\/\/www.leus.com.br\/index.php?rest_route=\/wp\/v2\/media\/3363"}],"wp:attachment":[{"href":"https:\/\/www.leus.com.br\/index.php?rest_route=%2Fwp%2Fv2%2Fmedia&parent=1344"}],"wp:term":[{"taxonomy":"product_cat","embeddable":true,"href":"https:\/\/www.leus.com.br\/index.php?rest_route=%2Fwp%2Fv2%2Fproduct_cat&post=1344"},{"taxonomy":"product_tag","embeddable":true,"href":"https:\/\/www.leus.com.br\/index.php?rest_route=%2Fwp%2Fv2%2Fproduct_tag&post=1344"}],"curies":[{"name":"wp","href":"https:\/\/api.w.org\/{rel}","templated":true}]}}