{"id":1348,"date":"2015-11-16T18:44:47","date_gmt":"2015-11-16T18:44:47","guid":{"rendered":"http:\/\/leus.com.br\/site\/?post_type=product&#038;p=1348"},"modified":"2016-11-28T13:11:51","modified_gmt":"2016-11-28T13:11:51","slug":"cp858-lixadeira-cinta","status":"publish","type":"product","link":"https:\/\/www.leus.com.br\/?product=cp858-lixadeira-cinta","title":{"rendered":"CP858 &#8211; LIXADEIRA CINTA"},"content":{"rendered":"<p>&nbsp;<\/p>\n<p><strong>Caracter\u00edsticas<\/strong><\/p>\n<ul class=\"features_list\">\n<li>\n<h4>Lixadeira de correia de 3\/8&#8243; (10 mm) de capacidade<\/h4>\n<\/li>\n<li>\n<h4>Substitui\u00e7\u00e3o r\u00e1pida da correia<\/h4>\n<\/li>\n<li>\n<h4>Bra\u00e7o de lixamento ajust\u00e1vel<\/h4>\n<\/li>\n<li>\n<h4>Exaust\u00e3o na empunhadura<\/h4>\n<\/li>\n<\/ul>\n<table class=\"data sort_header\">\n<thead>\n<tr class=\"\">\n<th colspan=\"3\"><\/th>\n<\/tr>\n<\/thead>\n<tbody>\n<tr class=\"\">\n<td class=\"h\">\n<h4>N\u00famero da pe\u00e7a<\/h4>\n<\/td>\n<td colspan=\"2\">\n<h4>T025179<\/h4>\n<\/td>\n<\/tr>\n<tr class=\"\">\n<td class=\"h\">\n<h4>Modelo<\/h4>\n<\/td>\n<td colspan=\"2\">\n<h4>CP858<\/h4>\n<\/td>\n<\/tr>\n<tr class=\"\">\n<td class=\"h\">\n<h4>Di\u00e2metro da base<\/h4>\n<\/td>\n<td>\n<h4>10&#215;330<\/h4>\n<\/td>\n<td class=\"blurred\">\n<h4>3\/8&#215;13<\/h4>\n<\/td>\n<\/tr>\n<tr class=\"\">\n<td class=\"h\">\n<h4>Tamanho do papel<\/h4>\n<\/td>\n<td>\n<h4>10&#215;330<\/h4>\n<\/td>\n<td class=\"blurred\">\n<h4>3\/8&#215;13<\/h4>\n<\/td>\n<\/tr>\n<tr class=\"\">\n<td class=\"h\">\n<h4>Velocidade livre<\/h4>\n<\/td>\n<td colspan=\"2\">\n<h4>18000\u00a0rpm<\/h4>\n<\/td>\n<\/tr>\n<tr class=\"\">\n<td class=\"h\">\n<h4>Energia<\/h4>\n<\/td>\n<td>\n<h4>300\u00a0W<\/h4>\n<\/td>\n<td class=\"blurred\">\n<h4>0.4\u00a0hp<\/h4>\n<\/td>\n<\/tr>\n<tr class=\"\">\n<td class=\"h\">\n<h4>Comprimento<\/h4>\n<\/td>\n<td>\n<h4>275\u00a0mm<\/h4>\n<\/td>\n<td class=\"blurred\">\n<h4>10.8&#8243;<\/h4>\n<\/td>\n<\/tr>\n<tr class=\"\">\n<td class=\"h\">\n<h4>Peso l\u00edquido<\/h4>\n<\/td>\n<td>\n<h4>0.85\u00a0kg<\/h4>\n<\/td>\n<td class=\"blurred\">\n<h4>1.88\u00a0lb<\/h4>\n<\/td>\n<\/tr>\n<tr class=\"\">\n<td class=\"h\">\n<h4>N\u00edvel de ru\u00eddo<\/h4>\n<\/td>\n<td colspan=\"2\">\n<h4>92.8\u00a0db(A)<\/h4>\n<\/td>\n<\/tr>\n<tr class=\"\">\n<td class=\"h\">\n<h4>Pot\u00eancia de som<\/h4>\n<\/td>\n<td colspan=\"2\">\n<h4>103.8\u00a0db(A)<\/h4>\n<\/td>\n<\/tr>\n<tr class=\"\">\n<td class=\"h\">\n<h4>Vibra\u00e7\u00e3o (ISO-8662-8)<\/h4>\n<\/td>\n<td colspan=\"2\">\n<h4>&lt;2.5\u00a0m\/s\u00b2<\/h4>\n<\/td>\n<\/tr>\n<tr class=\"\">\n<td class=\"h\">\n<h4>Vibra\u00e7\u00e3o \u03b1 (ISO-28927-3)<\/h4>\n<\/td>\n<td colspan=\"2\">\n<h4>&lt;2.5\u00a0m\/s\u00b2<\/h4>\n<\/td>\n<\/tr>\n<tr class=\"over\">\n<td class=\"h\">\n<h4>Consumo m\u00e9dio de ar<\/h4>\n<\/td>\n<td>\n<h4>5.2\u00a0l\/s<\/h4>\n<\/td>\n<td class=\"blurred\">\n<h4>11\u00a0cfm<\/h4>\n<\/td>\n<\/tr>\n<tr class=\"\">\n<td class=\"h\">\n<h4>Consumo m\u00e9dio de ar<\/h4>\n<\/td>\n<td>\n<h4>311\u00a0l\/mn<\/h4>\n<\/td>\n<td class=\"blurred\">\n<h4>11\u00a0cfm<\/h4>\n<\/td>\n<\/tr>\n<tr class=\"\">\n<td class=\"h\">\n<h4>Consumo real de ar<\/h4>\n<\/td>\n<td>\n<h4>10.4\u00a0l\/s<\/h4>\n<\/td>\n<td class=\"blurred\">\n<h4>22\u00a0cfm<\/h4>\n<\/td>\n<\/tr>\n<tr class=\"\">\n<td class=\"h\">\n<h4>Consumo real de ar<\/h4>\n<\/td>\n<td>\n<h4>623\u00a0l\/mn<\/h4>\n<\/td>\n<td class=\"blurred\">\n<h4>22\u00a0cfm<\/h4>\n<\/td>\n<\/tr>\n<tr class=\"\">\n<td class=\"h\">\n<h4>Consumo de ar em velocidade livre<\/h4>\n<\/td>\n<td>\n<h4>10.4\u00a0l\/s<\/h4>\n<\/td>\n<td class=\"blurred\">\n<h4>22\u00a0cfm<\/h4>\n<\/td>\n<\/tr>\n<tr class=\"\">\n<td class=\"h\">\n<h4>Tamanho min. mangueira<\/h4>\n<\/td>\n<td>\n<h4>10\u00a0mm<\/h4>\n<\/td>\n<td class=\"blurred\">\n<h4>3\/8&#8243;<\/h4>\n<\/td>\n<\/tr>\n<tr class=\"\">\n<td class=\"h\">\n<h4>Tamanho da rosca da entrada de ar<\/h4>\n<\/td>\n<td colspan=\"2\">\n<h4>0.25\u00a0&#8220;<\/h4>\n<\/td>\n<\/tr>\n<\/tbody>\n<\/table>\n","protected":false},"excerpt":{"rendered":"<ul class=\"features_list\">\n<li>\n<h4>Excelente para remo\u00e7\u00e3o de pinturas, lixamento de solda, amaciamento e remo\u00e7\u00e3o de ferrugem em \u00e1reas apertadas<\/h4>\n<\/li>\n<\/ul>\n","protected":false},"featured_media":3425,"template":"","meta":{"_links_to":"","_links_to_target":""},"product_cat":[32],"product_tag":[],"_links":{"self":[{"href":"https:\/\/www.leus.com.br\/index.php?rest_route=\/wp\/v2\/product\/1348"}],"collection":[{"href":"https:\/\/www.leus.com.br\/index.php?rest_route=\/wp\/v2\/product"}],"about":[{"href":"https:\/\/www.leus.com.br\/index.php?rest_route=\/wp\/v2\/types\/product"}],"wp:featuredmedia":[{"embeddable":true,"href":"https:\/\/www.leus.com.br\/index.php?rest_route=\/wp\/v2\/media\/3425"}],"wp:attachment":[{"href":"https:\/\/www.leus.com.br\/index.php?rest_route=%2Fwp%2Fv2%2Fmedia&parent=1348"}],"wp:term":[{"taxonomy":"product_cat","embeddable":true,"href":"https:\/\/www.leus.com.br\/index.php?rest_route=%2Fwp%2Fv2%2Fproduct_cat&post=1348"},{"taxonomy":"product_tag","embeddable":true,"href":"https:\/\/www.leus.com.br\/index.php?rest_route=%2Fwp%2Fv2%2Fproduct_tag&post=1348"}],"curies":[{"name":"wp","href":"https:\/\/api.w.org\/{rel}","templated":true}]}}