{"id":1370,"date":"2015-11-16T18:57:56","date_gmt":"2015-11-16T18:57:56","guid":{"rendered":"http:\/\/leus.com.br\/site\/?post_type=product&#038;p=1370"},"modified":"2016-11-28T12:39:12","modified_gmt":"2016-11-28T12:39:12","slug":"cp7265s-lixadeira-vertical","status":"publish","type":"product","link":"https:\/\/www.leus.com.br\/?product=cp7265s-lixadeira-vertical","title":{"rendered":"CP7265S &#8211; LIXADEIRA VERTICAL"},"content":{"rendered":"<p>&nbsp;<\/p>\n<p><strong>Caracter\u00edsticas<\/strong><\/p>\n<ul class=\"features_list\">\n<li>\n<h4>Lixadeira vertical resistente<\/h4>\n<\/li>\n<li>\n<h4>Motor robusto de 1 hp (750 W)<\/h4>\n<\/li>\n<li>\n<h4>Exaust\u00e3o escondida na empunhadura para ventila\u00e7\u00e3o do ar longe da superf\u00edcie de trabalho<\/h4>\n<\/li>\n<li>\n<h4>Fornecida com bloco de 7&#8243; (178 mm) bloco<\/h4>\n<\/li>\n<li>\n<h4>Chave de controle de velocidade<\/h4>\n<\/li>\n<\/ul>\n<table class=\"data sort_header\">\n<tbody>\n<tr class=\"\">\n<td class=\"h\">\n<h4>N\u00famero da pe\u00e7a<\/h4>\n<\/td>\n<td colspan=\"2\">\n<h4>8941008650<\/h4>\n<\/td>\n<\/tr>\n<tr class=\"\">\n<td class=\"h\">\n<h4>Modelo<\/h4>\n<\/td>\n<td colspan=\"2\">\n<h4>CP7265S<\/h4>\n<\/td>\n<\/tr>\n<tr class=\"\">\n<td class=\"h\">\n<h4>Di\u00e2metro da base<\/h4>\n<\/td>\n<td>\n<h4>180\u00a0mm<\/h4>\n<\/td>\n<td class=\"blurred\">\n<h4>7&#8243;<\/h4>\n<\/td>\n<\/tr>\n<tr class=\"\">\n<td class=\"h\">\n<h4>Energia<\/h4>\n<\/td>\n<td>\n<h4>500\u00a0W<\/h4>\n<\/td>\n<td class=\"blurred\">\n<h4>0.7\u00a0hp<\/h4>\n<\/td>\n<\/tr>\n<tr class=\"\">\n<td class=\"h\">\n<h4>Nenhum v\u00e1cuo<\/h4>\n<\/td>\n<td colspan=\"2\">\n<h4>200<\/h4>\n<\/td>\n<\/tr>\n<tr class=\"\">\n<td class=\"h\">\n<h4>Auto aspira\u00e7\u00e3o<\/h4>\n<\/td>\n<td colspan=\"2\">\n<h4>7.8<\/h4>\n<\/td>\n<\/tr>\n<tr class=\"\">\n<td class=\"h\">\n<h4>Aspira\u00e7\u00e3o central<\/h4>\n<\/td>\n<td colspan=\"2\">\n<h4>300<\/h4>\n<\/td>\n<\/tr>\n<tr class=\"\">\n<td class=\"h\">\n<h4>V\u00e1cuo externo<\/h4>\n<\/td>\n<td colspan=\"2\">\n<h4>11,8<\/h4>\n<\/td>\n<\/tr>\n<tr class=\"over\">\n<td class=\"h\">\n<h4>V\u00e1cuo<\/h4>\n<\/td>\n<td colspan=\"2\">\n<h4>2.2<\/h4>\n<\/td>\n<\/tr>\n<tr class=\"\">\n<td class=\"h\">\n<h4>N\u00famero de furos na base<\/h4>\n<\/td>\n<td colspan=\"2\">\n<h4>4.9<\/h4>\n<\/td>\n<\/tr>\n<tr class=\"\">\n<td class=\"h\">\n<h4>Comprimento<\/h4>\n<\/td>\n<td>\n<h4>300\u00a0mm<\/h4>\n<\/td>\n<td class=\"blurred\">\n<h4>15.1&#8243;<\/h4>\n<\/td>\n<\/tr>\n<tr class=\"\">\n<td class=\"h\">\n<h4>Peso l\u00edquido<\/h4>\n<\/td>\n<td>\n<h4>2.2\u00a0kg<\/h4>\n<\/td>\n<td class=\"blurred\">\n<h4>32\u00a0lb<\/h4>\n<\/td>\n<\/tr>\n<tr class=\"\">\n<td class=\"h\">\n<h4>N\u00edvel de ru\u00eddo<\/h4>\n<\/td>\n<td colspan=\"2\">\n<h4>80\u00a0db(A)<\/h4>\n<\/td>\n<\/tr>\n<tr class=\"\">\n<td class=\"h\">\n<h4>Pot\u00eancia de som<\/h4>\n<\/td>\n<td colspan=\"2\">\n<h4>91\u00a0db(A)<\/h4>\n<\/td>\n<\/tr>\n<tr class=\"\">\n<td class=\"h\">\n<h4>Vibra\u00e7\u00e3o \u03b1 (ISO-28927-3)<\/h4>\n<\/td>\n<td colspan=\"2\">\n<h4>&lt;2.6\u00a0m\/s\u00b2<\/h4>\n<\/td>\n<\/tr>\n<tr class=\"\">\n<td class=\"h\">\n<h4>Consumo m\u00e9dio de ar<\/h4>\n<\/td>\n<td>\n<h4>5.3\u00a0l\/s<\/h4>\n<\/td>\n<td class=\"blurred\">\n<h4>11,2\u00a0cfm<\/h4>\n<\/td>\n<\/tr>\n<tr class=\"\">\n<td class=\"h\">\n<h4>Consumo real de ar<\/h4>\n<\/td>\n<td>\n<h4>15.1\u00a0l\/s<\/h4>\n<\/td>\n<td class=\"blurred\">\n<h4>32\u00a0cfm<\/h4>\n<\/td>\n<\/tr>\n<tr class=\"\">\n<td class=\"h\">\n<h4>Tamanho da rosca da entrada de ar<\/h4>\n<\/td>\n<td colspan=\"2\">\n<h4>0.25\u00a0&#8220;<\/h4>\n<\/td>\n<\/tr>\n<\/tbody>\n<\/table>\n","protected":false},"excerpt":{"rendered":"<ul class=\"features_list\">\n<li>\n<h4>Motor potente para produtividade<\/h4>\n<\/li>\n<li>\n<h4>Maximize o conforto para o operador<\/h4>\n<\/li>\n<li>\n<h4>Perfeita para desbaste em massa pl\u00e1stica, solda, amaciamento de solda, pinturas, remo\u00e7\u00e3o de ferrugem e detritos<\/h4>\n<\/li>\n<\/ul>\n","protected":false},"featured_media":3415,"template":"","meta":{"_links_to":"","_links_to_target":""},"product_cat":[32],"product_tag":[],"_links":{"self":[{"href":"https:\/\/www.leus.com.br\/index.php?rest_route=\/wp\/v2\/product\/1370"}],"collection":[{"href":"https:\/\/www.leus.com.br\/index.php?rest_route=\/wp\/v2\/product"}],"about":[{"href":"https:\/\/www.leus.com.br\/index.php?rest_route=\/wp\/v2\/types\/product"}],"wp:featuredmedia":[{"embeddable":true,"href":"https:\/\/www.leus.com.br\/index.php?rest_route=\/wp\/v2\/media\/3415"}],"wp:attachment":[{"href":"https:\/\/www.leus.com.br\/index.php?rest_route=%2Fwp%2Fv2%2Fmedia&parent=1370"}],"wp:term":[{"taxonomy":"product_cat","embeddable":true,"href":"https:\/\/www.leus.com.br\/index.php?rest_route=%2Fwp%2Fv2%2Fproduct_cat&post=1370"},{"taxonomy":"product_tag","embeddable":true,"href":"https:\/\/www.leus.com.br\/index.php?rest_route=%2Fwp%2Fv2%2Fproduct_tag&post=1370"}],"curies":[{"name":"wp","href":"https:\/\/api.w.org\/{rel}","templated":true}]}}