{"id":1384,"date":"2015-11-16T19:05:40","date_gmt":"2015-11-16T19:05:40","guid":{"rendered":"http:\/\/leus.com.br\/site\/?post_type=product&#038;p=1384"},"modified":"2016-11-22T20:04:54","modified_gmt":"2016-11-22T20:04:54","slug":"cp7300r-kit-metric-furadeira-14","status":"publish","type":"product","link":"https:\/\/www.leus.com.br\/?product=cp7300r-kit-metric-furadeira-14","title":{"rendered":"CP7300R Kit Metric &#8211; FURADEIRA 1\/4&#8243;"},"content":{"rendered":"<p><strong>Benef\u00edcios<\/strong><\/p>\n<ul class=\"features_list\">\n<li>\n<h4>R\u00e1pida, eficiente e \u00f3tima para \u00e1reas limitadas devido ao seu tamanho<\/h4>\n<\/li>\n<li>\n<h4>Precis\u00e3o excelente para permitir inicializa\u00e7\u00e3o lenta e controle atrav\u00e9s do processo de fura\u00e7\u00e3o<\/h4>\n<\/li>\n<li>\n<h4>Excelente para fura\u00e7\u00e3o, amola\u00e7\u00e3o, alargamento e serragem circular<\/h4>\n<\/li>\n<\/ul>\n<p><strong>Caracter\u00edsticas<\/strong><\/p>\n<ul class=\"features_list\">\n<li>\n<h4>Ferramenta compacta revers\u00edvel de 1\/4&#8243; (6 mm)<\/h4>\n<\/li>\n<li>\n<h4>Apoio ergon\u00f4mico e leve com apenas 1,35 lb (0,61 kg)<\/h4>\n<\/li>\n<li>\n<h4>Acelerador progressivo<\/h4>\n<\/li>\n<li>\n<h4>R\u00e1pida a 2700 rpm<\/h4>\n<\/li>\n<li>\n<h4>Engrenagem planet\u00e1ria com revestimento de lat\u00e3o para baixo desgaste e longa vida \u00fatil<\/h4>\n<\/li>\n<li>\n<h4>Exaust\u00e3o ajust\u00e1vel<\/h4>\n<\/li>\n<li>\n<h4>Mandril Jacobs de qualidade industrial<\/h4>\n<\/li>\n<li>\n<h4>O kit inclui 13 brocas: 1.5, 2, 2.5, 3, 3.2, 3.5, 4, 4.5, 4.8, 5, 5.5, 6, 6.5mm<\/h4>\n<\/li>\n<\/ul>\n<table class=\"data sort_header\">\n<thead>\n<tr>\n<th colspan=\"3\">\n<h4><\/h4>\n<\/th>\n<\/tr>\n<\/thead>\n<tbody>\n<tr>\n<td class=\"h\">\n<h4>N\u00famero da pe\u00e7a<\/h4>\n<\/td>\n<td colspan=\"2\">\n<h4>8941073001<\/h4>\n<\/td>\n<\/tr>\n<tr class=\"\">\n<td class=\"h\">\n<h4>Modelo<\/h4>\n<\/td>\n<td colspan=\"2\">\n<h4>CP7300R<\/h4>\n<\/td>\n<\/tr>\n<tr class=\"\">\n<td class=\"h\">\n<h4>Capacidade do mandril<\/h4>\n<\/td>\n<td>\n<h4>6\u00a0mm<\/h4>\n<\/td>\n<td class=\"blurred\">\n<h4>1\/4&#8243;<\/h4>\n<\/td>\n<\/tr>\n<tr class=\"\">\n<td class=\"h\">\n<h4>Velocidade livre<\/h4>\n<\/td>\n<td colspan=\"2\">\n<h4>2700\u00a0rpm<\/h4>\n<\/td>\n<\/tr>\n<tr class=\"\">\n<td class=\"h\">\n<h4>Energia<\/h4>\n<\/td>\n<td colspan=\"2\">\n<h4>200\u00a0W<\/h4>\n<\/td>\n<\/tr>\n<tr class=\"\">\n<td class=\"h\">\n<h4>Torque Stall<\/h4>\n<\/td>\n<td>\n<h4>3\u00a0Nm<\/h4>\n<\/td>\n<td class=\"blurred\">\n<h4>2.2\u00a0p\u00e9s.lbs<\/h4>\n<\/td>\n<\/tr>\n<tr class=\"\">\n<td class=\"h\">\n<h4>Peso l\u00edquido<\/h4>\n<\/td>\n<td>\n<h4>0.61\u00a0kg<\/h4>\n<\/td>\n<td class=\"blurred\">\n<h4>1.4\u00a0lb<\/h4>\n<\/td>\n<\/tr>\n<tr class=\"\">\n<td class=\"h\">\n<h4>Comprimento<\/h4>\n<\/td>\n<td>\n<h4>127\u00a0mm<\/h4>\n<\/td>\n<td class=\"blurred\">\n<h4>5&#8243;<\/h4>\n<\/td>\n<\/tr>\n<tr class=\"\">\n<td class=\"h\">\n<h4>Consumo m\u00e9dio de ar<\/h4>\n<\/td>\n<td>\n<h4>1.9\u00a0l\/s<\/h4>\n<\/td>\n<td class=\"blurred\">\n<h4>4.1\u00a0cfm<\/h4>\n<\/td>\n<\/tr>\n<tr class=\"\">\n<td class=\"h\">\n<h4>Consumo m\u00e9dio de ar<\/h4>\n<\/td>\n<td>\n<h4>116\u00a0l\/mn<\/h4>\n<\/td>\n<td class=\"blurred\">\n<h4>4.1\u00a0cfm<\/h4>\n<\/td>\n<\/tr>\n<tr class=\"\">\n<td class=\"h\">\n<h4>Consumo real de ar<\/h4>\n<\/td>\n<td>\n<h4>8\u00a0l\/s<\/h4>\n<\/td>\n<td class=\"blurred\">\n<h4>16.4\u00a0cfm<\/h4>\n<\/td>\n<\/tr>\n<tr class=\"\">\n<td class=\"h\">\n<h4>Consumo real de ar<\/h4>\n<\/td>\n<td>\n<h4>464\u00a0l\/mn<\/h4>\n<\/td>\n<td class=\"blurred\">\n<h4>16.4\u00a0cfm<\/h4>\n<\/td>\n<\/tr>\n<tr class=\"\">\n<td class=\"h\">\n<h4>Consumo de ar em velocidade livre<\/h4>\n<\/td>\n<td>\n<h4>8.9\u00a0l\/s<\/h4>\n<\/td>\n<td class=\"blurred\">\n<h4>18.8559322033898\u00a0cfm<\/h4>\n<\/td>\n<\/tr>\n<tr class=\"\">\n<td class=\"h\">\n<h4>Tamanho da rosca da entrada de ar<\/h4>\n<\/td>\n<td colspan=\"2\">\n<h4>0.25\u00a0&#8220;<\/h4>\n<\/td>\n<\/tr>\n<tr class=\"\">\n<td class=\"h\">\n<h4>Tamanho min. mangueira<\/h4>\n<\/td>\n<td>\n<h4>10\u00a0mm<\/h4>\n<\/td>\n<td class=\"blurred\">\n<h4>3\/8&#8243;<\/h4>\n<\/td>\n<\/tr>\n<tr class=\"\">\n<td class=\"h\">\n<h4>N\u00edvel de ru\u00eddo<\/h4>\n<\/td>\n<td colspan=\"2\">\n<h4>87\u00a0db(A)<\/h4>\n<\/td>\n<\/tr>\n<tr class=\"\">\n<td class=\"h\">\n<h4>Pot\u00eancia de som<\/h4>\n<\/td>\n<td colspan=\"2\">\n<h4>98\u00a0db(A)<\/h4>\n<\/td>\n<\/tr>\n<tr class=\"\">\n<td class=\"h\">\n<h4>Vibra\u00e7\u00e3o (ISO-8662-6)<\/h4>\n<\/td>\n<td colspan=\"2\">\n<h4>&lt;2.5\u00a0m\/s\u00b2<\/h4>\n<\/td>\n<\/tr>\n<tr class=\"\">\n<td class=\"h\">\n<h4>Vibra\u00e7\u00e3o \u03b1 (ISO-28927-5)<\/h4>\n<\/td>\n<td colspan=\"2\">\n<h4>&lt;2.5\u00a0m\/s\u00b2<\/h4>\n<\/td>\n<\/tr>\n<tr class=\"\">\n<td class=\"h\">\n<h4>Vibra\u00e7\u00e3o K (ISO-28927-5)<\/h4>\n<\/td>\n<td colspan=\"2\">\n<h4>&#8211;\u00a0m\/s\u00b2<\/h4>\n<\/td>\n<\/tr>\n<\/tbody>\n<\/table>\n","protected":false},"excerpt":{"rendered":"<ul class=\"features_list\">\n<li>\n<h4>R\u00e1pida, eficiente e \u00f3tima para \u00e1reas limitadas devido ao seu tamanho<\/h4>\n<\/li>\n<li>\n<h4>Precis\u00e3o excelente para permitir inicializa\u00e7\u00e3o lenta e controle atrav\u00e9s do processo de fura\u00e7\u00e3o<\/h4>\n<\/li>\n<li>\n<h4>Excelente para fura\u00e7\u00e3o, amola\u00e7\u00e3o, alargamento e serragem circular<\/h4>\n<\/li>\n<\/ul>\n","protected":false},"featured_media":3218,"template":"","meta":{"_links_to":"","_links_to_target":""},"product_cat":[30],"product_tag":[],"_links":{"self":[{"href":"https:\/\/www.leus.com.br\/index.php?rest_route=\/wp\/v2\/product\/1384"}],"collection":[{"href":"https:\/\/www.leus.com.br\/index.php?rest_route=\/wp\/v2\/product"}],"about":[{"href":"https:\/\/www.leus.com.br\/index.php?rest_route=\/wp\/v2\/types\/product"}],"wp:featuredmedia":[{"embeddable":true,"href":"https:\/\/www.leus.com.br\/index.php?rest_route=\/wp\/v2\/media\/3218"}],"wp:attachment":[{"href":"https:\/\/www.leus.com.br\/index.php?rest_route=%2Fwp%2Fv2%2Fmedia&parent=1384"}],"wp:term":[{"taxonomy":"product_cat","embeddable":true,"href":"https:\/\/www.leus.com.br\/index.php?rest_route=%2Fwp%2Fv2%2Fproduct_cat&post=1384"},{"taxonomy":"product_tag","embeddable":true,"href":"https:\/\/www.leus.com.br\/index.php?rest_route=%2Fwp%2Fv2%2Fproduct_tag&post=1384"}],"curies":[{"name":"wp","href":"https:\/\/api.w.org\/{rel}","templated":true}]}}