{"id":1555,"date":"2015-11-17T16:25:02","date_gmt":"2015-11-17T16:25:02","guid":{"rendered":"http:\/\/leus.com.br\/site\/?post_type=product&#038;p=1555"},"modified":"2016-11-30T11:55:06","modified_gmt":"2016-11-30T11:55:06","slug":"cp3451-16ser25-esmerilhadeira-reta-estendida","status":"publish","type":"product","link":"https:\/\/www.leus.com.br\/?product=cp3451-16ser25-esmerilhadeira-reta-estendida","title":{"rendered":"CP3451-16SER25 &#8211; ESMERILHADEIRA RETA ESTENDIDA"},"content":{"rendered":"<p>&nbsp;<\/p>\n<table class=\"data sort_header\">\n<thead>\n<tr>\n<th colspan=\"3\"><\/th>\n<\/tr>\n<\/thead>\n<tbody>\n<tr class=\"\">\n<td class=\"h\">\n<h4>N\u00famero da pe\u00e7a<\/h4>\n<\/td>\n<td colspan=\"2\">\n<h4>6151602050<\/h4>\n<\/td>\n<\/tr>\n<tr class=\"\">\n<td class=\"h\">\n<h4>Modelo<\/h4>\n<\/td>\n<td colspan=\"2\">\n<h4>CP3451-16SER25<\/h4>\n<\/td>\n<\/tr>\n<tr>\n<td class=\"h\">\n<h4>Rosca da Haste<\/h4>\n<\/td>\n<td colspan=\"2\">\n<h4>&#8211;<\/h4>\n<\/td>\n<\/tr>\n<tr>\n<td class=\"h\">\n<h4>Tamanho do disco<\/h4>\n<\/td>\n<td>\n<h4>63x13x9.52<\/h4>\n<\/td>\n<td class=\"blurred\">\n<h4>2.5&#215;1\/2&#215;3\/8<\/h4>\n<\/td>\n<\/tr>\n<tr>\n<td class=\"h\">\n<h4>Diam. Rebolo copo<\/h4>\n<\/td>\n<td>\n<h4>&#8211;<\/h4>\n<\/td>\n<td class=\"blurred\">\n<h4>&#8211;<\/h4>\n<\/td>\n<\/tr>\n<tr>\n<td class=\"h\">\n<h4>Velocidade livre<\/h4>\n<\/td>\n<td colspan=\"2\">\n<h4>16000\u00a0rpm<\/h4>\n<\/td>\n<\/tr>\n<tr>\n<td class=\"h\">\n<h4>Energia<\/h4>\n<\/td>\n<td>\n<h4>600\u00a0W<\/h4>\n<\/td>\n<td class=\"blurred\">\n<h4>0.8\u00a0hp<\/h4>\n<\/td>\n<\/tr>\n<tr>\n<td class=\"h\">\n<h4>Comprimento<\/h4>\n<\/td>\n<td>\n<h4>346\u00a0mm<\/h4>\n<\/td>\n<td class=\"blurred\">\n<h4>13.8&#8243;<\/h4>\n<\/td>\n<\/tr>\n<tr>\n<td class=\"h\">\n<h4>Peso l\u00edquido<\/h4>\n<\/td>\n<td>\n<h4>1.5\u00a0kg<\/h4>\n<\/td>\n<td class=\"blurred\">\n<h4>3.3\u00a0lb<\/h4>\n<\/td>\n<\/tr>\n<tr>\n<td class=\"h\">\n<h4>N\u00edvel de ru\u00eddo<\/h4>\n<\/td>\n<td colspan=\"2\">\n<h4>82.3\u00a0db(A)<\/h4>\n<\/td>\n<\/tr>\n<tr class=\"\">\n<td class=\"h\">\n<h4>Pot\u00eancia de som<\/h4>\n<\/td>\n<td colspan=\"2\">\n<h4>93.3\u00a0db(A)<\/h4>\n<\/td>\n<\/tr>\n<tr class=\"\">\n<td class=\"h\">\n<h4>Vibra\u00e7\u00e3o (ISO-8662-13)<\/h4>\n<\/td>\n<td colspan=\"2\">\n<h4>2.7\u00a0m\/s\u00b2<\/h4>\n<\/td>\n<\/tr>\n<tr class=\"\">\n<td class=\"h\">\n<h4>Vibra\u00e7\u00e3o \u03b1 (ISO-28927-12)<\/h4>\n<\/td>\n<td colspan=\"2\">\n<h4>14.1\u00a0m\/s\u00b2<\/h4>\n<\/td>\n<\/tr>\n<tr class=\"\">\n<td class=\"h\">\n<h4>Vibra\u00e7\u00e3o K (ISO-20643)<\/h4>\n<\/td>\n<td colspan=\"2\">\n<h4>4.7\u00a0m\/s\u00b2<\/h4>\n<\/td>\n<\/tr>\n<tr class=\"\">\n<td class=\"h\">\n<h4>Consumo m\u00e9dio de ar<\/h4>\n<\/td>\n<td>\n<h4>6.55\u00a0l\/s<\/h4>\n<\/td>\n<td class=\"blurred\">\n<h4>13.9\u00a0cfm<\/h4>\n<\/td>\n<\/tr>\n<tr class=\"\">\n<td class=\"h\">\n<h4>Consumo m\u00e9dio de ar<\/h4>\n<\/td>\n<td>\n<h4>393\u00a0l\/mn<\/h4>\n<\/td>\n<td class=\"blurred\">\n<h4>13.9\u00a0cfm<\/h4>\n<\/td>\n<\/tr>\n<tr class=\"\">\n<td class=\"h\">\n<h4>Consumo real de ar<\/h4>\n<\/td>\n<td>\n<h4>13.1\u00a0l\/s<\/h4>\n<\/td>\n<td class=\"blurred\">\n<h4>27.772\u00a0cfm<\/h4>\n<\/td>\n<\/tr>\n<tr class=\"\">\n<td class=\"h\">\n<h4>Consumo real de ar<\/h4>\n<\/td>\n<td>\n<h4>786\u00a0l\/mn<\/h4>\n<\/td>\n<td class=\"blurred\">\n<h4>27.772\u00a0cfm<\/h4>\n<\/td>\n<\/tr>\n<tr class=\"\">\n<td class=\"h\">\n<h4>Consumo de ar em velocidade livre<\/h4>\n<\/td>\n<td>\n<h4>13.9\u00a0l\/s<\/h4>\n<\/td>\n<td class=\"blurred\">\n<h4>29.47\u00a0cfm<\/h4>\n<\/td>\n<\/tr>\n<tr class=\"\">\n<td class=\"h\">\n<h4>Tamanho min. mangueira<\/h4>\n<\/td>\n<td>\n<h4>10\u00a0mm<\/h4>\n<\/td>\n<td class=\"blurred\">\n<h4>3\/8&#8243;<\/h4>\n<\/td>\n<\/tr>\n<tr class=\"\">\n<td class=\"h\">\n<h4>Tamanho da rosca da entrada de ar<\/h4>\n<\/td>\n<td colspan=\"2\">\n<h4>0.375\u00a0&#8220;<\/h4>\n<\/td>\n<\/tr>\n<tr class=\"\">\n<td class=\"h\">\n<h4>Dimens\u00f5es da caixa<\/h4>\n<\/td>\n<td>\n<h4>340x148x54<\/h4>\n<\/td>\n<\/tr>\n<\/tbody>\n<\/table>\n<p>&nbsp;<\/p>\n<p>&nbsp;<\/p>\n","protected":false},"excerpt":{"rendered":"<ul>\n<li>V\u00e1lvula rotat\u00f3ria SOMENTE para mercados espec\u00edficos<\/li>\n<li>N\u00c3O est\u00e1 em acordo com os requisitos ANSI e ISO<\/li>\n<\/ul>\n<p>&nbsp;<\/p>\n","protected":false},"featured_media":3731,"template":"","meta":{"_links_to":"","_links_to_target":""},"product_cat":[33],"product_tag":[],"_links":{"self":[{"href":"https:\/\/www.leus.com.br\/index.php?rest_route=\/wp\/v2\/product\/1555"}],"collection":[{"href":"https:\/\/www.leus.com.br\/index.php?rest_route=\/wp\/v2\/product"}],"about":[{"href":"https:\/\/www.leus.com.br\/index.php?rest_route=\/wp\/v2\/types\/product"}],"wp:featuredmedia":[{"embeddable":true,"href":"https:\/\/www.leus.com.br\/index.php?rest_route=\/wp\/v2\/media\/3731"}],"wp:attachment":[{"href":"https:\/\/www.leus.com.br\/index.php?rest_route=%2Fwp%2Fv2%2Fmedia&parent=1555"}],"wp:term":[{"taxonomy":"product_cat","embeddable":true,"href":"https:\/\/www.leus.com.br\/index.php?rest_route=%2Fwp%2Fv2%2Fproduct_cat&post=1555"},{"taxonomy":"product_tag","embeddable":true,"href":"https:\/\/www.leus.com.br\/index.php?rest_route=%2Fwp%2Fv2%2Fproduct_tag&post=1555"}],"curies":[{"name":"wp","href":"https:\/\/api.w.org\/{rel}","templated":true}]}}