{"id":1592,"date":"2015-11-17T17:01:54","date_gmt":"2015-11-17T17:01:54","guid":{"rendered":"http:\/\/leus.com.br\/site\/?post_type=product&#038;p=1592"},"modified":"2016-09-08T13:29:33","modified_gmt":"2016-09-08T13:29:33","slug":"cp3450-12acr4-esmerilhadeira-angular","status":"publish","type":"product","link":"https:\/\/www.leus.com.br\/?product=cp3450-12acr4-esmerilhadeira-angular","title":{"rendered":"CP3450-12ACR4 &#8211; ESMERILHADEIRA ANGULAR"},"content":{"rendered":"<p><strong>Caracter\u00edsticas<\/strong><\/p>\n<ul class=\"features_list\">\n<li>V\u00e1lvula rotat\u00f3ria SOMENTE para mercados espec\u00edficos &#8211; N\u00c3O est\u00e1 em acordo com os requisitos ANSI e ISO<\/li>\n<\/ul>\n<p><strong>Part number<\/strong> 6151604020<br \/>\n<strong>Model<\/strong> CP3450-12ACR4<br \/>\n<strong>Spindle thread<\/strong> 3\/8-24<br \/>\n<strong>Wheel size<\/strong> 100 mm 4&#8243;<br \/>\n<strong>Cup wheel Diam.<\/strong> &#8211; &#8211;<br \/>\n<strong>Free speed<\/strong> 12000 rpm<br \/>\n<strong>Power<\/strong> 810 W 1.1 hp<br \/>\n<strong>Length<\/strong> 230.5 mm 9.22&#8243;<br \/>\n<strong>Net weight<\/strong> 1.46 kg 3.21 lb<br \/>\n<strong>Rear exhaust<\/strong> Rear exhaust<br \/>\n<strong>Noise level<\/strong> 93.9 db(A)<br \/>\n<strong>Sound Power<\/strong> 104.9 db(A)<br \/>\n<strong>Vibration (ISO-8662-4)<\/strong> 4.6 m\/s\u00b2<br \/>\n<strong>Vibration \u03b1 (ISO-28927-1)<\/strong> 8.12 m\/s\u00b2<br \/>\n<strong>Vibration K (ISO-28927-1)<\/strong> 2.88 m\/s\u00b2<br \/>\n<strong>Average air consumption<\/strong> 8.5 l\/s 18.02 cfm<br \/>\n<strong>Average air consumption<\/strong> 510 l\/mn 18.02 cfm<br \/>\n<strong>Actual air consumption<\/strong> 17 l\/s 36.04 cfm<br \/>\n<strong>Actual air consumption<\/strong> 1020 l\/mn 36.04 cfm<br \/>\n<strong>Free speed air consumption<\/strong> 20.2 l\/s 42.82 cfm<br \/>\n<strong>Min. hose size<\/strong> 10 mm 3\/8&#8243;<br \/>\n<strong>Box dimensions<\/strong> 250x155x107<\/p>\n","protected":false},"excerpt":{"rendered":"<ul>\n<li>\n<h4>V\u00e1lvula rotat\u00f3ria SOMENTE para mercados espec\u00edficos<\/h4>\n<\/li>\n<li>\n<h4>N\u00c3O est\u00e1 em acordo com os requisitos ANSI e ISO<\/h4>\n<\/li>\n<\/ul>\n<p>&nbsp;<\/p>\n","protected":false},"featured_media":3729,"template":"","meta":{"_links_to":"","_links_to_target":""},"product_cat":[33],"product_tag":[],"_links":{"self":[{"href":"https:\/\/www.leus.com.br\/index.php?rest_route=\/wp\/v2\/product\/1592"}],"collection":[{"href":"https:\/\/www.leus.com.br\/index.php?rest_route=\/wp\/v2\/product"}],"about":[{"href":"https:\/\/www.leus.com.br\/index.php?rest_route=\/wp\/v2\/types\/product"}],"wp:featuredmedia":[{"embeddable":true,"href":"https:\/\/www.leus.com.br\/index.php?rest_route=\/wp\/v2\/media\/3729"}],"wp:attachment":[{"href":"https:\/\/www.leus.com.br\/index.php?rest_route=%2Fwp%2Fv2%2Fmedia&parent=1592"}],"wp:term":[{"taxonomy":"product_cat","embeddable":true,"href":"https:\/\/www.leus.com.br\/index.php?rest_route=%2Fwp%2Fv2%2Fproduct_cat&post=1592"},{"taxonomy":"product_tag","embeddable":true,"href":"https:\/\/www.leus.com.br\/index.php?rest_route=%2Fwp%2Fv2%2Fproduct_tag&post=1592"}],"curies":[{"name":"wp","href":"https:\/\/api.w.org\/{rel}","templated":true}]}}