{"id":1596,"date":"2015-11-17T17:04:03","date_gmt":"2015-11-17T17:04:03","guid":{"rendered":"http:\/\/leus.com.br\/site\/?post_type=product&#038;p=1596"},"modified":"2016-11-30T11:31:19","modified_gmt":"2016-11-30T11:31:19","slug":"cp3349-salavele-esmerilhadeira-angular","status":"publish","type":"product","link":"https:\/\/www.leus.com.br\/?product=cp3349-salavele-esmerilhadeira-angular","title":{"rendered":"CP3349-SALAVELE &#8211; ESMERILHADEIRA ANGULAR"},"content":{"rendered":"<p>&nbsp;<\/p>\n<p><strong>Caracter\u00edsticas<\/strong><\/p>\n<ul class=\"features_list\">\n<li>\n<h4>Capacidade do disco de 9&#8243; (230 mm)<\/h4>\n<\/li>\n<li>\n<h4>Motor com pot\u00eancia de 4 hp (3000 W)<\/h4>\n<\/li>\n<li>\n<h4>Velocidade livre de 6500 rpm<\/h4>\n<\/li>\n<li>\n<h4>Corpo robusto<\/h4>\n<\/li>\n<li>\n<h4>Tanque de lubrifica\u00e7\u00e3o interno<\/h4>\n<\/li>\n<li>\n<h4>Alavanca de seguran\u00e7a de dupla a\u00e7\u00e3o<\/h4>\n<\/li>\n<\/ul>\n<table class=\"data sort_header\">\n<thead>\n<tr class=\"\">\n<th colspan=\"3\"><\/th>\n<\/tr>\n<\/thead>\n<tbody>\n<tr class=\"\">\n<td class=\"h\">\n<h4>N\u00famero da pe\u00e7a<\/h4>\n<\/td>\n<td colspan=\"2\">\n<h4>6151609130<\/h4>\n<\/td>\n<\/tr>\n<tr class=\"over\">\n<td class=\"h\">\n<h4>Modelo<\/h4>\n<\/td>\n<td colspan=\"2\">\n<h4>CP3349-SALAVELE<\/h4>\n<\/td>\n<\/tr>\n<tr class=\"\">\n<td class=\"h\">\n<h4>Rosca da Haste<\/h4>\n<\/td>\n<td colspan=\"2\">\n<h4>5\/8-11<\/h4>\n<\/td>\n<\/tr>\n<tr class=\"\">\n<td class=\"h\">\n<h4>Tamanho do disco<\/h4>\n<\/td>\n<td>\n<h4>230\u00a0mm<\/h4>\n<\/td>\n<td class=\"blurred\">\n<h4>9&#8243;<\/h4>\n<\/td>\n<\/tr>\n<tr class=\"\">\n<td class=\"h\">\n<h4>Diam. Rebolo copo<\/h4>\n<\/td>\n<td>\n<h4>9&#8243;x1\/4&#8243;x7\/8&#8243; \/ 230&#215;6,4&#215;22,2<\/h4>\n<\/td>\n<td class=\"blurred\"><\/td>\n<\/tr>\n<tr class=\"\">\n<td class=\"h\">\n<h4>Tamanho da pin\u00e7a<\/h4>\n<\/td>\n<td>\n<h4>Vertic.<\/h4>\n<\/td>\n<td class=\"blurred\">\n<h4>Vertic.<\/h4>\n<\/td>\n<\/tr>\n<tr class=\"\">\n<td class=\"h\">\n<h4>Velocidade livre<\/h4>\n<\/td>\n<td colspan=\"2\">\n<h4>6500\u00a0rpm<\/h4>\n<\/td>\n<\/tr>\n<tr class=\"\">\n<td class=\"h\">\n<h4>Energia<\/h4>\n<\/td>\n<td>\n<h4>3000\u00a0W<\/h4>\n<\/td>\n<td class=\"blurred\">\n<h4>4.0\u00a0hp<\/h4>\n<\/td>\n<\/tr>\n<tr class=\"\">\n<td class=\"h\">\n<h4>Comprimento<\/h4>\n<\/td>\n<td>\n<h4>280\u00a0mm<\/h4>\n<\/td>\n<td class=\"blurred\">\n<h4>11&#8243;<\/h4>\n<\/td>\n<\/tr>\n<tr class=\"\">\n<td class=\"h\">\n<h4>Peso l\u00edquido<\/h4>\n<\/td>\n<td>\n<h4>4.4\u00a0kg<\/h4>\n<\/td>\n<td class=\"blurred\">\n<h4>9.7\u00a0lb<\/h4>\n<\/td>\n<\/tr>\n<tr class=\"\">\n<td class=\"h\">\n<h4>Lado ao centro<\/h4>\n<\/td>\n<td>\n<h4>x<\/h4>\n<\/td>\n<td class=\"blurred\"><\/td>\n<\/tr>\n<tr class=\"\">\n<td class=\"h\">\n<h4>N\u00edvel de ru\u00eddo<\/h4>\n<\/td>\n<td colspan=\"2\">\n<h4>87\u00a0db(A)<\/h4>\n<\/td>\n<\/tr>\n<tr class=\"\">\n<td class=\"h\">\n<h4>Pot\u00eancia de som<\/h4>\n<\/td>\n<td colspan=\"2\">\n<h4>98\u00a0db(A)<\/h4>\n<\/td>\n<\/tr>\n<tr class=\"\">\n<td class=\"h\">\n<h4>Vibra\u00e7\u00e3o \u03b1 (ISO-28927-1)<\/h4>\n<\/td>\n<td colspan=\"2\">\n<h4>4\u00a0m\/s\u00b2<\/h4>\n<\/td>\n<\/tr>\n<tr class=\"\">\n<td class=\"h\">\n<h4>Vibra\u00e7\u00e3o K (ISO-28927-1)<\/h4>\n<\/td>\n<td colspan=\"2\">\n<h4>NA\u00a0m\/s\u00b2<\/h4>\n<\/td>\n<\/tr>\n<tr class=\"\">\n<td class=\"h\">\n<h4>Consumo m\u00e9dio de ar<\/h4>\n<\/td>\n<td>\n<h4>0<\/h4>\n<\/td>\n<td class=\"blurred\"><\/td>\n<\/tr>\n<tr class=\"\">\n<td class=\"h\">\n<h4>Consumo real de ar<\/h4>\n<\/td>\n<td>\n<h4>44\u00a0l\/s<\/h4>\n<\/td>\n<td class=\"blurred\">\n<h4>93\u00a0cfm<\/h4>\n<\/td>\n<\/tr>\n<tr class=\"\">\n<td class=\"h\">\n<h4>Consumo de ar em velocidade livre<\/h4>\n<\/td>\n<td>\n<h4>13\u00a0l\/s<\/h4>\n<\/td>\n<td class=\"blurred\">\n<h4>27\u00a0cfm<\/h4>\n<\/td>\n<\/tr>\n<tr class=\"\">\n<td class=\"h\">\n<h4>Tamanho min. mangueira<\/h4>\n<\/td>\n<td>\n<h4>15\u00a0mm<\/h4>\n<\/td>\n<td class=\"blurred\">\n<h4>5\/8&#8243;<\/h4>\n<\/td>\n<\/tr>\n<tr class=\"\">\n<td class=\"h\">\n<h4>Tamanho da rosca da entrada de ar<\/h4>\n<\/td>\n<td colspan=\"2\">\n<h4>1\/2<\/h4>\n<\/td>\n<\/tr>\n<tr class=\"\">\n<td class=\"h\">\n<h4>Dimens\u00f5es da caixa<\/h4>\n<\/td>\n<td>\n<h4>312x262x220<\/h4>\n<\/td>\n<\/tr>\n<\/tbody>\n<\/table>\n","protected":false},"excerpt":{"rendered":"<ul>\n<li>\n<h4>A mais alta durabilidade e produtividade<\/h4>\n<\/li>\n<\/ul>\n","protected":false},"featured_media":3723,"template":"","meta":{"_links_to":"","_links_to_target":""},"product_cat":[33],"product_tag":[],"_links":{"self":[{"href":"https:\/\/www.leus.com.br\/index.php?rest_route=\/wp\/v2\/product\/1596"}],"collection":[{"href":"https:\/\/www.leus.com.br\/index.php?rest_route=\/wp\/v2\/product"}],"about":[{"href":"https:\/\/www.leus.com.br\/index.php?rest_route=\/wp\/v2\/types\/product"}],"wp:featuredmedia":[{"embeddable":true,"href":"https:\/\/www.leus.com.br\/index.php?rest_route=\/wp\/v2\/media\/3723"}],"wp:attachment":[{"href":"https:\/\/www.leus.com.br\/index.php?rest_route=%2Fwp%2Fv2%2Fmedia&parent=1596"}],"wp:term":[{"taxonomy":"product_cat","embeddable":true,"href":"https:\/\/www.leus.com.br\/index.php?rest_route=%2Fwp%2Fv2%2Fproduct_cat&post=1596"},{"taxonomy":"product_tag","embeddable":true,"href":"https:\/\/www.leus.com.br\/index.php?rest_route=%2Fwp%2Fv2%2Fproduct_tag&post=1596"}],"curies":[{"name":"wp","href":"https:\/\/api.w.org\/{rel}","templated":true}]}}