{"id":1605,"date":"2015-11-17T17:10:17","date_gmt":"2015-11-17T17:10:17","guid":{"rendered":"http:\/\/leus.com.br\/site\/?post_type=product&#038;p=1605"},"modified":"2016-11-28T15:53:47","modified_gmt":"2016-11-28T15:53:47","slug":"cp875-esmerilhadeira-angular","status":"publish","type":"product","link":"https:\/\/www.leus.com.br\/?product=cp875-esmerilhadeira-angular","title":{"rendered":"CP875 &#8211; ESMERILHADEIRA ANGULAR"},"content":{"rendered":"<p><strong>Caracter\u00edsticas<\/strong><\/p>\n<ul class=\"features_list\">\n<li>\n<h4>Esmerilhadeira compacta angular<\/h4>\n<\/li>\n<li>\n<h4>Pin\u00e7as de 1\/4&#8243; e 6 mm<\/h4>\n<\/li>\n<li>\n<h4>A cabe\u00e7a em \u00e2ngulo de 90\u00b0 permite flexibilidade em \u00e1reas apertadas<\/h4>\n<\/li>\n<li>\n<h4>Regulador de ar interno<\/h4>\n<\/li>\n<\/ul>\n<table class=\"data sort_header\">\n<tbody>\n<tr class=\"over\">\n<td class=\"h\">\n<h4>N\u00famero da pe\u00e7a<\/h4>\n<\/td>\n<td colspan=\"2\">\n<h4>T023995<\/h4>\n<\/td>\n<\/tr>\n<tr class=\"\">\n<td class=\"h\">\n<h4>Modelo<\/h4>\n<\/td>\n<td colspan=\"2\">\n<h4>CP875<\/h4>\n<\/td>\n<\/tr>\n<tr class=\"\">\n<td class=\"h\">\n<h4>Tamanho da pin\u00e7a<\/h4>\n<\/td>\n<td>\n<h4>6\u00a0mm<\/h4>\n<\/td>\n<td class=\"blurred\">\n<h4>1\/4&#8243;<\/h4>\n<\/td>\n<\/tr>\n<tr class=\"\">\n<td class=\"h\">\n<h4>Velocidade livre<\/h4>\n<\/td>\n<td colspan=\"2\">\n<h4>22500\u00a0rpm<\/h4>\n<\/td>\n<\/tr>\n<tr class=\"\">\n<td class=\"h\">\n<h4>Energia<\/h4>\n<\/td>\n<td>\n<h4>220\u00a0W<\/h4>\n<\/td>\n<td class=\"blurred\">\n<h4>0.3\u00a0hp<\/h4>\n<\/td>\n<\/tr>\n<tr class=\"\">\n<td class=\"h\">\n<h4>Exaust\u00e3o traseira<\/h4>\n<\/td>\n<td colspan=\"2\">\n<h4>Exaust\u00e3o traseira<\/h4>\n<\/td>\n<\/tr>\n<tr class=\"\">\n<td class=\"h\">\n<h4>Comprimento<\/h4>\n<\/td>\n<td>\n<h4>124\u00a0mm<\/h4>\n<\/td>\n<td class=\"blurred\">\n<h4>4.88&#8243;<\/h4>\n<\/td>\n<\/tr>\n<tr class=\"\">\n<td class=\"h\">\n<h4>Peso l\u00edquido<\/h4>\n<\/td>\n<td>\n<h4>0.45\u00a0kg<\/h4>\n<\/td>\n<td class=\"blurred\">\n<h4>1\u00a0lb<\/h4>\n<\/td>\n<\/tr>\n<tr class=\"\">\n<td class=\"h\">\n<h4>N\u00edvel de ru\u00eddo<\/h4>\n<\/td>\n<td colspan=\"2\">\n<h4>101.3\u00a0db(A)<\/h4>\n<\/td>\n<\/tr>\n<tr class=\"\">\n<td class=\"h\">\n<h4>Pot\u00eancia de som<\/h4>\n<\/td>\n<td colspan=\"2\">\n<h4>112.3\u00a0db(A)<\/h4>\n<\/td>\n<\/tr>\n<tr class=\"\">\n<td class=\"h\">\n<h4>Vibra\u00e7\u00e3o (ISO-8662-13)<\/h4>\n<\/td>\n<td colspan=\"2\">\n<h4>3\u00a0m\/s\u00b2<\/h4>\n<\/td>\n<\/tr>\n<tr class=\"\">\n<td class=\"h\">\n<h4>Vibra\u00e7\u00e3o \u03b1 (ISO-28927-12)<\/h4>\n<\/td>\n<td colspan=\"2\">\n<h4>4.4\u00a0m\/s\u00b2<\/h4>\n<\/td>\n<\/tr>\n<tr class=\"\">\n<td class=\"h\">\n<h4>Vibra\u00e7\u00e3o K (ISO-20643)<\/h4>\n<\/td>\n<td colspan=\"2\">\n<h4>1.9\u00a0m\/s\u00b2<\/h4>\n<\/td>\n<\/tr>\n<tr class=\"\">\n<td class=\"h\">\n<h4>Consumo m\u00e9dio de ar<\/h4>\n<\/td>\n<td>\n<h4>5.18\u00a0l\/s<\/h4>\n<\/td>\n<td class=\"blurred\">\n<h4>11\u00a0cfm<\/h4>\n<\/td>\n<\/tr>\n<tr class=\"\">\n<td class=\"h\">\n<h4>Consumo m\u00e9dio de ar<\/h4>\n<\/td>\n<td>\n<h4>311\u00a0l\/mn<\/h4>\n<\/td>\n<td class=\"blurred\">\n<h4>11\u00a0cfm<\/h4>\n<\/td>\n<\/tr>\n<tr class=\"\">\n<td class=\"h\">\n<h4>Consumo real de ar<\/h4>\n<\/td>\n<td>\n<h4>10.4\u00a0l\/s<\/h4>\n<\/td>\n<td class=\"blurred\">\n<h4>22.048\u00a0cfm<\/h4>\n<\/td>\n<\/tr>\n<tr class=\"\">\n<td class=\"h\">\n<h4>Consumo real de ar<\/h4>\n<\/td>\n<td>\n<h4>623\u00a0l\/mn<\/h4>\n<\/td>\n<td class=\"blurred\">\n<h4>22.048\u00a0cfm<\/h4>\n<\/td>\n<\/tr>\n<tr class=\"\">\n<td class=\"h\">\n<h4>Consumo de ar em velocidade livre<\/h4>\n<\/td>\n<td>\n<h4>10.4\u00a0l\/s<\/h4>\n<\/td>\n<td class=\"blurred\">\n<h4>22\u00a0cfm<\/h4>\n<\/td>\n<\/tr>\n<tr class=\"\">\n<td class=\"h\">\n<h4>Tamanho min. mangueira<\/h4>\n<\/td>\n<td>\n<h4>10\u00a0mm<\/h4>\n<\/td>\n<td class=\"blurred\">\n<h4>3\/8&#8243;<\/h4>\n<\/td>\n<\/tr>\n<tr class=\"\">\n<td class=\"h\">\n<h4>Tamanho da rosca da entrada de ar<\/h4>\n<\/td>\n<td colspan=\"2\">\n<h4>0.25\u00a0&#8220;<\/h4>\n<\/td>\n<\/tr>\n<\/tbody>\n<\/table>\n<div class='et_post_video'><iframe width=\"1080\" height=\"608\" src=\"https:\/\/www.youtube.com\/embed\/videoseries?list=PL2D064BA4E8CFB072\" frameborder=\"0\" allowfullscreen><\/iframe><\/div>\n","protected":false},"excerpt":{"rendered":"<ul class=\"features_list\">\n<li>\n<h4>Ferramenta compacta e leve projetada para f\u00e1cil maneabilidade<\/h4>\n<\/li>\n<li>\n<h4>Excelente para uni\u00e3o, amaciamento, fixa\u00e7\u00e3o e remo\u00e7\u00e3o de rebarbas de alta velocidade em \u00e1reas confinadas<\/h4>\n<\/li>\n<\/ul>\n","protected":false},"featured_media":3438,"template":"","meta":{"_links_to":"","_links_to_target":""},"product_cat":[34],"product_tag":[],"_links":{"self":[{"href":"https:\/\/www.leus.com.br\/index.php?rest_route=\/wp\/v2\/product\/1605"}],"collection":[{"href":"https:\/\/www.leus.com.br\/index.php?rest_route=\/wp\/v2\/product"}],"about":[{"href":"https:\/\/www.leus.com.br\/index.php?rest_route=\/wp\/v2\/types\/product"}],"wp:featuredmedia":[{"embeddable":true,"href":"https:\/\/www.leus.com.br\/index.php?rest_route=\/wp\/v2\/media\/3438"}],"wp:attachment":[{"href":"https:\/\/www.leus.com.br\/index.php?rest_route=%2Fwp%2Fv2%2Fmedia&parent=1605"}],"wp:term":[{"taxonomy":"product_cat","embeddable":true,"href":"https:\/\/www.leus.com.br\/index.php?rest_route=%2Fwp%2Fv2%2Fproduct_cat&post=1605"},{"taxonomy":"product_tag","embeddable":true,"href":"https:\/\/www.leus.com.br\/index.php?rest_route=%2Fwp%2Fv2%2Fproduct_tag&post=1605"}],"curies":[{"name":"wp","href":"https:\/\/api.w.org\/{rel}","templated":true}]}}