{"id":1612,"date":"2015-11-17T17:13:37","date_gmt":"2015-11-17T17:13:37","guid":{"rendered":"http:\/\/leus.com.br\/site\/?post_type=product&#038;p=1612"},"modified":"2016-11-28T15:58:57","modified_gmt":"2016-11-28T15:58:57","slug":"cp9104q-kit-kit-esmerilhadeira-caneta","status":"publish","type":"product","link":"https:\/\/www.leus.com.br\/?product=cp9104q-kit-kit-esmerilhadeira-caneta","title":{"rendered":"CP9104Q Kit &#8211; KIT ESMERILHADEIRA CANETA"},"content":{"rendered":"<p><strong>Caracter\u00edsticas<\/strong><\/p>\n<ul class=\"features_list\">\n<li>\n<h4>Esmerilhadeira tipo caneta<\/h4>\n<\/li>\n<li>\n<h4>Pin\u00e7as de 3 mm e 1\/8&#8243; inclu\u00eddas<\/h4>\n<\/li>\n<li>\n<h4>N\u00edvel baixo de ru\u00eddo: apenas 71 dB(A)<\/h4>\n<\/li>\n<li>\n<h4>\u00d3tima propor\u00e7\u00e3o de pot\u00eancia\/tamanho<\/h4>\n<\/li>\n<li>\n<h4>Alta velocidade livre: 60000 rpm<\/h4>\n<\/li>\n<li>\n<h4>O kit inclui: 5 pontos montados, 5 fresas de carboneto, pin\u00e7as de 1\/8&#8243; e 3 mm<\/h4>\n<\/li>\n<\/ul>\n<table class=\"data sort_header\">\n<tbody>\n<tr class=\"over\">\n<td class=\"h\">\n<h4>N\u00famero da pe\u00e7a<\/h4>\n<\/td>\n<td colspan=\"2\">\n<h4>6151950104<\/h4>\n<\/td>\n<\/tr>\n<tr class=\"\">\n<td class=\"h\">\n<h4>Modelo<\/h4>\n<\/td>\n<td colspan=\"2\">\n<h4>CP9104Q Kit<\/h4>\n<\/td>\n<\/tr>\n<tr class=\"\">\n<td class=\"h\">\n<h4>Tamanho da pin\u00e7a<\/h4>\n<\/td>\n<td>\n<h4>3\u00a0mm<\/h4>\n<\/td>\n<td class=\"blurred\">\n<h4>1\/8&#8243;<\/h4>\n<\/td>\n<\/tr>\n<tr class=\"\">\n<td class=\"h\">\n<h4>Velocidade livre<\/h4>\n<\/td>\n<td colspan=\"2\">\n<h4>60000\u00a0rpm<\/h4>\n<\/td>\n<\/tr>\n<tr class=\"\">\n<td class=\"h\">\n<h4>Energia<\/h4>\n<\/td>\n<td>\n<h4>40\u00a0W<\/h4>\n<\/td>\n<td class=\"blurred\">\n<h4>0.05\u00a0hp<\/h4>\n<\/td>\n<\/tr>\n<tr class=\"\">\n<td class=\"h\">\n<h4>Exaust\u00e3o traseira<\/h4>\n<\/td>\n<td colspan=\"2\">\n<h4>Exaust\u00e3o traseira<\/h4>\n<\/td>\n<\/tr>\n<tr class=\"\">\n<td class=\"h\">\n<h4>Comprimento<\/h4>\n<\/td>\n<td>\n<h4>133\u00a0mm<\/h4>\n<\/td>\n<td class=\"blurred\">\n<h4>5.2&#8243;<\/h4>\n<\/td>\n<\/tr>\n<tr class=\"\">\n<td class=\"h\">\n<h4>Peso l\u00edquido<\/h4>\n<\/td>\n<td>\n<h4>0.2\u00a0kg<\/h4>\n<\/td>\n<td class=\"blurred\">\n<h4>1\/2\u00a0lb<\/h4>\n<\/td>\n<\/tr>\n<tr class=\"\">\n<td class=\"h\">\n<h4>N\u00edvel de ru\u00eddo<\/h4>\n<\/td>\n<td colspan=\"2\">\n<h4>71\u00a0db(A)<\/h4>\n<\/td>\n<\/tr>\n<tr class=\"\">\n<td class=\"h\">\n<h4>Pot\u00eancia de som<\/h4>\n<\/td>\n<td colspan=\"2\">\n<h4>82\u00a0db(A)<\/h4>\n<\/td>\n<\/tr>\n<tr class=\"\">\n<td class=\"h\">\n<h4>Vibra\u00e7\u00e3o (ISO-8662-13)<\/h4>\n<\/td>\n<td colspan=\"2\">\n<h4>8.3\u00a0m\/s\u00b2<\/h4>\n<\/td>\n<\/tr>\n<tr class=\"\">\n<td class=\"h\">\n<h4>Vibra\u00e7\u00e3o \u03b1 (ISO-28927-12)<\/h4>\n<\/td>\n<td colspan=\"2\">\n<h4>&lt;2.5\u00a0m\/s\u00b2<\/h4>\n<\/td>\n<\/tr>\n<tr class=\"\">\n<td class=\"h\">\n<h4>Consumo m\u00e9dio de ar<\/h4>\n<\/td>\n<td>\n<h4>1. 6<\/h4>\n<\/td>\n<td class=\"blurred\">\n<h4>3.5<\/h4>\n<\/td>\n<\/tr>\n<tr class=\"\">\n<td class=\"h\">\n<h4>Consumo m\u00e9dio de ar<\/h4>\n<\/td>\n<td>\n<h4>96\u00a0l\/mn<\/h4>\n<\/td>\n<td class=\"blurred\">\n<h4>3.5\u00a0cfm<\/h4>\n<\/td>\n<\/tr>\n<tr class=\"\">\n<td class=\"h\">\n<h4>Consumo real de ar<\/h4>\n<\/td>\n<td>\n<h4>NC<\/h4>\n<\/td>\n<td class=\"blurred\"><\/td>\n<\/tr>\n<tr class=\"\">\n<td class=\"h\">\n<h4>Consumo real de ar<\/h4>\n<\/td>\n<td>\n<h4>NC<\/h4>\n<\/td>\n<td class=\"blurred\"><\/td>\n<\/tr>\n<tr class=\"\">\n<td class=\"h\">\n<h4>Consumo de ar em velocidade livre<\/h4>\n<\/td>\n<td>\n<h4>3.3\u00a0l\/s<\/h4>\n<\/td>\n<td class=\"blurred\">\n<h4>7\u00a0cfm<\/h4>\n<\/td>\n<\/tr>\n<tr class=\"\">\n<td class=\"h\">\n<h4>Tamanho min. mangueira<\/h4>\n<\/td>\n<td>\n<h4>10\u00a0mm<\/h4>\n<\/td>\n<td class=\"blurred\">\n<h4>3\/8&#8243;<\/h4>\n<\/td>\n<\/tr>\n<tr class=\"\">\n<td class=\"h\">\n<h4>Tamanho da rosca da entrada de ar<\/h4>\n<\/td>\n<td colspan=\"2\">\n<h4>0.25\u00a0&#8220;<\/h4>\n<\/td>\n<\/tr>\n<\/tbody>\n<\/table>\n<p>&nbsp;<\/p>\n","protected":false},"excerpt":{"rendered":"<ul class=\"features_list\">\n<li>\n<h4>Extremamente f\u00e1cil de manipular<\/h4>\n<\/li>\n<li>\n<h4>Silenciosa e leve<\/h4>\n<\/li>\n<li>\n<h4>Ideal para aplica\u00e7\u00f5es de acesso apertado<\/h4>\n<\/li>\n<\/ul>\n","protected":false},"featured_media":3445,"template":"","meta":{"_links_to":"","_links_to_target":""},"product_cat":[34],"product_tag":[],"_links":{"self":[{"href":"https:\/\/www.leus.com.br\/index.php?rest_route=\/wp\/v2\/product\/1612"}],"collection":[{"href":"https:\/\/www.leus.com.br\/index.php?rest_route=\/wp\/v2\/product"}],"about":[{"href":"https:\/\/www.leus.com.br\/index.php?rest_route=\/wp\/v2\/types\/product"}],"wp:featuredmedia":[{"embeddable":true,"href":"https:\/\/www.leus.com.br\/index.php?rest_route=\/wp\/v2\/media\/3445"}],"wp:attachment":[{"href":"https:\/\/www.leus.com.br\/index.php?rest_route=%2Fwp%2Fv2%2Fmedia&parent=1612"}],"wp:term":[{"taxonomy":"product_cat","embeddable":true,"href":"https:\/\/www.leus.com.br\/index.php?rest_route=%2Fwp%2Fv2%2Fproduct_cat&post=1612"},{"taxonomy":"product_tag","embeddable":true,"href":"https:\/\/www.leus.com.br\/index.php?rest_route=%2Fwp%2Fv2%2Fproduct_tag&post=1612"}],"curies":[{"name":"wp","href":"https:\/\/api.w.org\/{rel}","templated":true}]}}