{"id":1636,"date":"2015-11-17T17:26:03","date_gmt":"2015-11-17T17:26:03","guid":{"rendered":"http:\/\/leus.com.br\/site\/?post_type=product&#038;p=1636"},"modified":"2017-11-13T11:57:26","modified_gmt":"2017-11-13T11:57:26","slug":"cp872-esmerilhadeira-reta","status":"publish","type":"product","link":"https:\/\/www.leus.com.br\/?product=cp872-esmerilhadeira-reta","title":{"rendered":"CP872 &#8211; ESMERILHADEIRA RETA"},"content":{"rendered":"<p>&nbsp;<\/p>\n<p><strong>Caracter\u00edsticas<\/strong><\/p>\n<ul class=\"features_list\">\n<li>\n<h4>Esmerilhadeira de ferramentaria padr\u00e3o<\/h4>\n<\/li>\n<li>\n<h4>Regulador de velocidade ajust\u00e1vel<\/h4>\n<\/li>\n<li>\n<h4>Alavanca de seguran\u00e7a para evitar inicializa\u00e7\u00e3o acidental<\/h4>\n<\/li>\n<li>\n<h4>Inclui pin\u00e7as de 1\/4&#8243; e 6 mm<\/h4>\n<\/li>\n<\/ul>\n<p>&nbsp;<\/p>\n<table width=\"618\">\n<tbody>\n<tr>\n<td><strong>Part number<\/strong><\/td>\n<td colspan=\"2\">T025373<\/td>\n<\/tr>\n<tr>\n<td><strong>Model<\/strong><\/td>\n<td colspan=\"2\">CP872<\/td>\n<\/tr>\n<tr>\n<td><strong>Collet size<\/strong><\/td>\n<td>6\u00a0mm<\/td>\n<td><em>1\/4&#8243;<\/em><\/td>\n<\/tr>\n<tr>\n<td><strong>Free speed<\/strong><\/td>\n<td colspan=\"2\">27000\u00a0rpm<\/td>\n<\/tr>\n<tr>\n<td><strong>Power<\/strong><\/td>\n<td>470\u00a0W<\/td>\n<td><em>0.6\u00a0hp<\/em><\/td>\n<\/tr>\n<tr>\n<td><strong>Rear exhaust<\/strong><\/td>\n<td colspan=\"2\">Rear exhaust<\/td>\n<\/tr>\n<tr>\n<td><strong>Length<\/strong><\/td>\n<td>167\u00a0mm<\/td>\n<td><em>6,6&#8243;<\/em><\/td>\n<\/tr>\n<tr>\n<td><strong>Net weight<\/strong><\/td>\n<td>0,58<\/td>\n<td><em>1,3\u00a0<\/em><\/td>\n<\/tr>\n<tr>\n<td><strong>Side to center<\/strong><\/td>\n<td>40\u00a0mm<\/td>\n<td><em>1.6&#8243;<\/em><\/td>\n<\/tr>\n<tr>\n<td><strong>Sound pressure<\/strong><\/td>\n<td colspan=\"2\">98,5<\/td>\n<\/tr>\n<tr>\n<td><strong>Sound Power<\/strong><\/td>\n<td colspan=\"2\">109.5\u00a0db(A)<\/td>\n<\/tr>\n<tr>\n<td><strong>Vibration \u03b1 (ISO-28927-12)<\/strong><\/td>\n<td colspan=\"2\">2.6\u00a0m\/s\u00b2<\/td>\n<\/tr>\n<tr>\n<td><strong>Vibration K (ISO-20643)<\/strong><\/td>\n<td colspan=\"2\">0.68\u00a0m\/s\u00b2<\/td>\n<\/tr>\n<tr>\n<td><strong>Average air consumption<\/strong><\/td>\n<td>4.8\u00a0l\/mn<\/td>\n<td><em>10\u00a0cfm<\/em><\/td>\n<\/tr>\n<tr>\n<td><strong>Actual air consumption<\/strong><\/td>\n<td>9.55\u00a0l\/s<\/td>\n<td><em>20.246\u00a0cfm<\/em><\/td>\n<\/tr>\n<tr>\n<td><strong>Actual air consumption<\/strong><\/td>\n<td>573\u00a0l\/mn<\/td>\n<td><em>20.246\u00a0cfm<\/em><\/td>\n<\/tr>\n<tr>\n<td><strong>Free speed air consumption<\/strong><\/td>\n<td>16,2<\/td>\n<td><em>34\u00a0<\/em><\/td>\n<\/tr>\n<tr>\n<td><strong>Min. hose size<\/strong><\/td>\n<td>10\u00a0mm<\/td>\n<td><em>3\/8&#8243;<\/em><\/td>\n<\/tr>\n<tr>\n<td><strong>Air inlet thread size<\/strong><\/td>\n<td colspan=\"2\">0.25\u00a0&#8220;<\/td>\n<\/tr>\n<tr>\n<td><strong>Box dimensions<\/strong><\/td>\n<td>180x95x55<\/td>\n<td><\/td>\n<\/tr>\n<\/tbody>\n<\/table>\n","protected":false},"excerpt":{"rendered":"<ul class=\"features_list\">\n<li>\n<h4>Produtividade e controle<\/h4>\n<\/li>\n<li>\n<h4>Ideal para revestimento e limpeza de pneus, molduras e polimento e lixamento de alta velocidade em geral<\/h4>\n<\/li>\n<\/ul>\n","protected":false},"featured_media":4349,"template":"","meta":{"_links_to":"","_links_to_target":""},"product_cat":[34],"product_tag":[],"_links":{"self":[{"href":"https:\/\/www.leus.com.br\/index.php?rest_route=\/wp\/v2\/product\/1636"}],"collection":[{"href":"https:\/\/www.leus.com.br\/index.php?rest_route=\/wp\/v2\/product"}],"about":[{"href":"https:\/\/www.leus.com.br\/index.php?rest_route=\/wp\/v2\/types\/product"}],"wp:featuredmedia":[{"embeddable":true,"href":"https:\/\/www.leus.com.br\/index.php?rest_route=\/wp\/v2\/media\/4349"}],"wp:attachment":[{"href":"https:\/\/www.leus.com.br\/index.php?rest_route=%2Fwp%2Fv2%2Fmedia&parent=1636"}],"wp:term":[{"taxonomy":"product_cat","embeddable":true,"href":"https:\/\/www.leus.com.br\/index.php?rest_route=%2Fwp%2Fv2%2Fproduct_cat&post=1636"},{"taxonomy":"product_tag","embeddable":true,"href":"https:\/\/www.leus.com.br\/index.php?rest_route=%2Fwp%2Fv2%2Fproduct_tag&post=1636"}],"curies":[{"name":"wp","href":"https:\/\/api.w.org\/{rel}","templated":true}]}}