{"id":1644,"date":"2015-11-17T17:30:22","date_gmt":"2015-11-17T17:30:22","guid":{"rendered":"http:\/\/leus.com.br\/site\/?post_type=product&#038;p=1644"},"modified":"2016-11-28T16:26:09","modified_gmt":"2016-11-28T16:26:09","slug":"cp9121br-esmerilhadeira-angular-5","status":"publish","type":"product","link":"https:\/\/www.leus.com.br\/?product=cp9121br-esmerilhadeira-angular-5","title":{"rendered":"CP9121BR &#8211; ESMERILHADEIRA ANGULAR 5&#8243;"},"content":{"rendered":"<p>&nbsp;<\/p>\n<p><strong>Caracter\u00edsticas<\/strong><\/p>\n<ul class=\"features_list\">\n<li>\n<h4>Esmerilhadeira angular de 5&#8243; (125 mm) para trabalho pesado<\/h4>\n<\/li>\n<li>\n<h4>Rosca do eixo de 5\/8&#8243;-11<\/h4>\n<\/li>\n<li>\n<h4>Motor potente de alto desempenho com 0,7 hp (700 W)<\/h4>\n<\/li>\n<li>\n<h4>Prote\u00e7\u00e3o ajust\u00e1vel<\/h4>\n<\/li>\n<li>\n<h4>Corpo da ferramenta produzido com liga de alum\u00ednio<\/h4>\n<\/li>\n<li>\n<h4>Engrenagem chanfrada espiral<\/h4>\n<\/li>\n<li>\n<h4>Empunhadura lateral ergon\u00f4mica<\/h4>\n<\/li>\n<\/ul>\n<table class=\"data sort_header\">\n<tbody>\n<tr class=\"\">\n<td class=\"h\">\n<h4>N\u00famero da pe\u00e7a<\/h4>\n<\/td>\n<td colspan=\"2\">\n<h4>6151957221<\/h4>\n<\/td>\n<\/tr>\n<tr class=\"\">\n<td class=\"h\">\n<h4>Modelo<\/h4>\n<\/td>\n<td colspan=\"2\">\n<h4>CP9121BR<\/h4>\n<\/td>\n<\/tr>\n<tr class=\"\">\n<td class=\"h\">\n<h4>Rosca da Haste<\/h4>\n<\/td>\n<td colspan=\"2\">\n<h4>5\/8-11<\/h4>\n<\/td>\n<\/tr>\n<tr class=\"\">\n<td class=\"h\">\n<h4>Tamanho do disco<\/h4>\n<\/td>\n<td>\n<h4>125\u00a0mm<\/h4>\n<\/td>\n<td class=\"blurred\">\n<h4>5&#8243;<\/h4>\n<\/td>\n<\/tr>\n<tr class=\"\">\n<td class=\"h\">\n<h4>Diam. Rebolo copo<\/h4>\n<\/td>\n<td>\n<h4>&#8211;<\/h4>\n<\/td>\n<td class=\"blurred\">\n<h4>&#8211;<\/h4>\n<\/td>\n<\/tr>\n<tr class=\"\">\n<td class=\"h\">\n<h4>Velocidade livre<\/h4>\n<\/td>\n<td colspan=\"2\">\n<h4>12000\u00a0rpm<\/h4>\n<\/td>\n<\/tr>\n<tr class=\"\">\n<td class=\"h\">\n<h4>Energia<\/h4>\n<\/td>\n<td>\n<h4>600\u00a0W<\/h4>\n<\/td>\n<td class=\"blurred\">\n<h4>0.8\u00a0hp<\/h4>\n<\/td>\n<\/tr>\n<tr class=\"\">\n<td class=\"h\">\n<h4>Comprimento<\/h4>\n<\/td>\n<td>\n<h4>240\u00a0mm<\/h4>\n<\/td>\n<td class=\"blurred\">\n<h4>9.6&#8243;<\/h4>\n<\/td>\n<\/tr>\n<tr class=\"\">\n<td class=\"h\">\n<h4>Peso l\u00edquido<\/h4>\n<\/td>\n<td>\n<h4>2.1\u00a0kg<\/h4>\n<\/td>\n<td class=\"blurred\">\n<h4>4.62\u00a0lb<\/h4>\n<\/td>\n<\/tr>\n<tr class=\"\">\n<td class=\"h\">\n<h4>Exaust\u00e3o frontal<\/h4>\n<\/td>\n<td colspan=\"2\">\n<h4>Exaust\u00e3o frontal<\/h4>\n<\/td>\n<\/tr>\n<tr class=\"\">\n<td class=\"h\">\n<h4>N\u00edvel de ru\u00eddo<\/h4>\n<\/td>\n<td colspan=\"2\">\n<h4>84\u00a0db(A)<\/h4>\n<\/td>\n<\/tr>\n<tr class=\"\">\n<td class=\"h\">\n<h4>Pot\u00eancia de som<\/h4>\n<\/td>\n<td colspan=\"2\">\n<h4>95\u00a0db(A)<\/h4>\n<\/td>\n<\/tr>\n<tr class=\"\">\n<td class=\"h\">\n<h4>Vibra\u00e7\u00e3o (ISO-8662-4)<\/h4>\n<\/td>\n<td colspan=\"2\">\n<h4>2.8\u00a0m\/s\u00b2<\/h4>\n<\/td>\n<\/tr>\n<tr class=\"\">\n<td class=\"h\">\n<h4>Vibra\u00e7\u00e3o \u03b1 (ISO-28927-1)<\/h4>\n<\/td>\n<td colspan=\"2\">\n<h4>8.6\u00a0m\/s\u00b2<\/h4>\n<\/td>\n<\/tr>\n<tr class=\"\">\n<td class=\"h\">\n<h4>Vibra\u00e7\u00e3o K (ISO-28927-1)<\/h4>\n<\/td>\n<td colspan=\"2\">\n<h4>4.6\u00a0m\/s\u00b2<\/h4>\n<\/td>\n<\/tr>\n<tr class=\"\">\n<td class=\"h\">\n<h4>Consumo m\u00e9dio de ar<\/h4>\n<\/td>\n<td>\n<h4>6.5\u00a0l\/s<\/h4>\n<\/td>\n<td class=\"blurred\">\n<h4>13.78\u00a0cfm<\/h4>\n<\/td>\n<\/tr>\n<tr class=\"\">\n<td class=\"h\">\n<h4>Consumo m\u00e9dio de ar<\/h4>\n<\/td>\n<td>\n<h4>390\u00a0l\/mn<\/h4>\n<\/td>\n<td class=\"blurred\">\n<h4>13.78\u00a0cfm<\/h4>\n<\/td>\n<\/tr>\n<tr class=\"\">\n<td class=\"h\">\n<h4>Consumo real de ar<\/h4>\n<\/td>\n<td>\n<h4>13\u00a0l\/s<\/h4>\n<\/td>\n<td class=\"blurred\">\n<h4>27.56\u00a0cfm<\/h4>\n<\/td>\n<\/tr>\n<tr class=\"\">\n<td class=\"h\">\n<h4>Consumo real de ar<\/h4>\n<\/td>\n<td>\n<h4>780\u00a0l\/mn<\/h4>\n<\/td>\n<td class=\"blurred\">\n<h4>27.56\u00a0cfm<\/h4>\n<\/td>\n<\/tr>\n<tr class=\"\">\n<td class=\"h\">\n<h4>Consumo de ar em velocidade livre<\/h4>\n<\/td>\n<td>\n<h4>9.9\u00a0l\/s<\/h4>\n<\/td>\n<td class=\"blurred\">\n<h4>21\u00a0cfm<\/h4>\n<\/td>\n<\/tr>\n<tr class=\"\">\n<td class=\"h\">\n<h4>Tamanho min. mangueira<\/h4>\n<\/td>\n<td>\n<h4>10\u00a0mm<\/h4>\n<\/td>\n<td class=\"blurred\">\n<h4>3\/8&#8243;<\/h4>\n<\/td>\n<\/tr>\n<tr class=\"\">\n<td class=\"h\">\n<h4>Tamanho da rosca da entrada de ar<\/h4>\n<\/td>\n<td colspan=\"2\">\n<h4>1\/4<\/h4>\n<\/td>\n<\/tr>\n<\/tbody>\n<\/table>\n","protected":false},"excerpt":{"rendered":"<ul class=\"features_list\">\n<li>\n<h4>Leve, por\u00e9m com estrutura robusta<\/h4>\n<\/li>\n<li>\n<h4>Durabilidade e desempenho<\/h4>\n<\/li>\n<li>\n<h4>Excelente para prepara\u00e7\u00e3o e alisamento de solda, remo\u00e7\u00e3o de ferrugem, remo\u00e7\u00e3o de rebarbas e fundi\u00e7\u00e3o de a\u00e7o, ferro fundido e alum\u00ednio<\/h4>\n<\/li>\n<\/ul>\n","protected":false},"featured_media":3461,"template":"","meta":{"_links_to":"","_links_to_target":""},"product_cat":[34],"product_tag":[],"_links":{"self":[{"href":"https:\/\/www.leus.com.br\/index.php?rest_route=\/wp\/v2\/product\/1644"}],"collection":[{"href":"https:\/\/www.leus.com.br\/index.php?rest_route=\/wp\/v2\/product"}],"about":[{"href":"https:\/\/www.leus.com.br\/index.php?rest_route=\/wp\/v2\/types\/product"}],"wp:featuredmedia":[{"embeddable":true,"href":"https:\/\/www.leus.com.br\/index.php?rest_route=\/wp\/v2\/media\/3461"}],"wp:attachment":[{"href":"https:\/\/www.leus.com.br\/index.php?rest_route=%2Fwp%2Fv2%2Fmedia&parent=1644"}],"wp:term":[{"taxonomy":"product_cat","embeddable":true,"href":"https:\/\/www.leus.com.br\/index.php?rest_route=%2Fwp%2Fv2%2Fproduct_cat&post=1644"},{"taxonomy":"product_tag","embeddable":true,"href":"https:\/\/www.leus.com.br\/index.php?rest_route=%2Fwp%2Fv2%2Fproduct_tag&post=1644"}],"curies":[{"name":"wp","href":"https:\/\/api.w.org\/{rel}","templated":true}]}}