{"id":1652,"date":"2015-11-17T17:33:53","date_gmt":"2015-11-17T17:33:53","guid":{"rendered":"http:\/\/leus.com.br\/site\/?post_type=product&#038;p=1652"},"modified":"2016-11-28T16:31:18","modified_gmt":"2016-11-28T16:31:18","slug":"cp9123-esmerilhadeira-angular","status":"publish","type":"product","link":"https:\/\/www.leus.com.br\/?product=cp9123-esmerilhadeira-angular","title":{"rendered":"CP9123 &#8211; ESMERILHADEIRA ANGULAR"},"content":{"rendered":"<p><strong>Caracter\u00edsticas<\/strong><\/p>\n<ul class=\"features_list\">\n<li>\n<h4>Esmerilhadeira angular de 7&#8243; (180mm) para trabalho pesado<\/h4>\n<\/li>\n<li>\n<h4>Rosca do eixo de 5\/8&#8243;-11<\/h4>\n<\/li>\n<li>\n<h4>Motor potente de alto desempenho com 1,12 hp (850 W)<\/h4>\n<\/li>\n<li>\n<h4>Corpo da ferramenta produzido com liga de alum\u00ednio<\/h4>\n<\/li>\n<li>\n<h4>Empunhadura lateral direita e esquerda ergon\u00f4mica<\/h4>\n<\/li>\n<li>\n<h4>Apoio de borracha na empunhadura<\/h4>\n<\/li>\n<\/ul>\n<table class=\"data sort_header\">\n<tbody>\n<tr class=\"\">\n<td class=\"h\">\n<h4>N\u00famero da pe\u00e7a<\/h4>\n<\/td>\n<td colspan=\"2\">\n<h4>6151959123<\/h4>\n<\/td>\n<\/tr>\n<tr class=\"\">\n<td class=\"h\">\n<h4>Modelo<\/h4>\n<\/td>\n<td colspan=\"2\">\n<h4>CP9123<\/h4>\n<\/td>\n<\/tr>\n<tr class=\"\">\n<td class=\"h\">\n<h4>Rosca da Haste<\/h4>\n<\/td>\n<td colspan=\"2\">\n<h4>5\/8-11<\/h4>\n<\/td>\n<\/tr>\n<tr class=\"\">\n<td class=\"h\">\n<h4>Tamanho do disco<\/h4>\n<\/td>\n<td>\n<h4>180\u00a0mm<\/h4>\n<\/td>\n<td class=\"blurred\">\n<h4>7&#8243;<\/h4>\n<\/td>\n<\/tr>\n<tr class=\"\">\n<td class=\"h\">\n<h4>Diam. Rebolo copo<\/h4>\n<\/td>\n<td>\n<h4>&#8211;<\/h4>\n<\/td>\n<td class=\"blurred\">\n<h4>&#8211;<\/h4>\n<\/td>\n<\/tr>\n<tr class=\"\">\n<td class=\"h\">\n<h4>Velocidade livre<\/h4>\n<\/td>\n<td colspan=\"2\">\n<h4>7500\u00a0rpm<\/h4>\n<\/td>\n<\/tr>\n<tr class=\"\">\n<td class=\"h\">\n<h4>Energia<\/h4>\n<\/td>\n<td>\n<h4>850\u00a0W<\/h4>\n<\/td>\n<td class=\"blurred\">\n<h4>1.14\u00a0hp<\/h4>\n<\/td>\n<\/tr>\n<tr>\n<td class=\"h\">\n<h4>Comprimento<\/h4>\n<\/td>\n<td>\n<h4>340\u00a0mm<\/h4>\n<\/td>\n<td class=\"blurred\">\n<h4>13.4&#8243;<\/h4>\n<\/td>\n<\/tr>\n<tr>\n<td class=\"h\">\n<h4>Peso l\u00edquido<\/h4>\n<\/td>\n<td>\n<h4>3.4\u00a0kg<\/h4>\n<\/td>\n<td class=\"blurred\">\n<h4>7.48\u00a0lb<\/h4>\n<\/td>\n<\/tr>\n<tr>\n<td class=\"h\">\n<h4>N\u00edvel de ru\u00eddo<\/h4>\n<\/td>\n<td colspan=\"2\">\n<h4>93\u00a0db(A)<\/h4>\n<\/td>\n<\/tr>\n<tr class=\"\">\n<td class=\"h\">\n<h4>Pot\u00eancia de som<\/h4>\n<\/td>\n<td colspan=\"2\">\n<h4>104\u00a0db(A)<\/h4>\n<\/td>\n<\/tr>\n<tr class=\"\">\n<td class=\"h\">\n<h4>Vibra\u00e7\u00e3o (ISO-8662-4)<\/h4>\n<\/td>\n<td colspan=\"2\">\n<h4>&lt;2.5\u00a0m\/s\u00b2<\/h4>\n<\/td>\n<\/tr>\n<tr class=\"\">\n<td class=\"h\">\n<h4>Vibra\u00e7\u00e3o \u03b1 (ISO-28927-1)<\/h4>\n<\/td>\n<td colspan=\"2\">\n<h4>4.3\u00a0m\/s\u00b2<\/h4>\n<\/td>\n<\/tr>\n<tr class=\"\">\n<td class=\"h\">\n<h4>Vibra\u00e7\u00e3o K (ISO-28927-1)<\/h4>\n<\/td>\n<td colspan=\"2\">\n<h4>1.3\u00a0m\/s\u00b2<\/h4>\n<\/td>\n<\/tr>\n<tr class=\"\">\n<td class=\"h\">\n<h4>Consumo m\u00e9dio de ar<\/h4>\n<\/td>\n<td>\n<h4>5.7\u00a0l\/s<\/h4>\n<\/td>\n<td class=\"blurred\">\n<h4>12\u00a0cfm<\/h4>\n<\/td>\n<\/tr>\n<tr class=\"\">\n<td class=\"h\">\n<h4>Consumo m\u00e9dio de ar<\/h4>\n<\/td>\n<td>\n<h4>340\u00a0l\/mn<\/h4>\n<\/td>\n<td class=\"blurred\">\n<h4>12\u00a0cfm<\/h4>\n<\/td>\n<\/tr>\n<tr class=\"\">\n<td class=\"h\">\n<h4>Consumo real de ar<\/h4>\n<\/td>\n<td>\n<h4>11.32\u00a0l\/s<\/h4>\n<\/td>\n<td class=\"blurred\">\n<h4>24\u00a0cfm<\/h4>\n<\/td>\n<\/tr>\n<tr class=\"\">\n<td class=\"h\">\n<h4>Consumo real de ar<\/h4>\n<\/td>\n<td>\n<h4>679\u00a0l\/mn<\/h4>\n<\/td>\n<td class=\"blurred\">\n<h4>24\u00a0cfm<\/h4>\n<\/td>\n<\/tr>\n<tr class=\"\">\n<td class=\"h\">\n<h4>Consumo de ar em velocidade livre<\/h4>\n<\/td>\n<td>\n<h4>18.9\u00a0l\/s<\/h4>\n<\/td>\n<td class=\"blurred\">\n<h4>40\u00a0cfm<\/h4>\n<\/td>\n<\/tr>\n<tr class=\"\">\n<td class=\"h\">\n<h4>Tamanho min. mangueira<\/h4>\n<\/td>\n<td>\n<h4>13\u00a0mm<\/h4>\n<\/td>\n<td class=\"blurred\">\n<h4>1\/2&#8243;<\/h4>\n<\/td>\n<\/tr>\n<tr class=\"\">\n<td class=\"h\">\n<h4>Tamanho da rosca da entrada de ar<\/h4>\n<\/td>\n<td colspan=\"2\">\n<h4>0.375\u00a0&#8220;<\/h4>\n<\/td>\n<\/tr>\n<\/tbody>\n<\/table>\n","protected":false},"excerpt":{"rendered":"<ul class=\"features_list\">\n<li>\n<h4>Leve, por\u00e9m com estrutura robusta<\/h4>\n<\/li>\n<li>\n<h4>Durabilidade e desempenho<\/h4>\n<\/li>\n<li>\n<h4>Excelente para prepara\u00e7\u00e3o e alisamento de solda, remo\u00e7\u00e3o de ferrugem, remo\u00e7\u00e3o de rebarbas e fundi\u00e7\u00e3o de a\u00e7o, ferro fundido e alum\u00ednio<\/h4>\n<\/li>\n<\/ul>\n","protected":false},"featured_media":3465,"template":"","meta":{"_links_to":"","_links_to_target":""},"product_cat":[34],"product_tag":[],"_links":{"self":[{"href":"https:\/\/www.leus.com.br\/index.php?rest_route=\/wp\/v2\/product\/1652"}],"collection":[{"href":"https:\/\/www.leus.com.br\/index.php?rest_route=\/wp\/v2\/product"}],"about":[{"href":"https:\/\/www.leus.com.br\/index.php?rest_route=\/wp\/v2\/types\/product"}],"wp:featuredmedia":[{"embeddable":true,"href":"https:\/\/www.leus.com.br\/index.php?rest_route=\/wp\/v2\/media\/3465"}],"wp:attachment":[{"href":"https:\/\/www.leus.com.br\/index.php?rest_route=%2Fwp%2Fv2%2Fmedia&parent=1652"}],"wp:term":[{"taxonomy":"product_cat","embeddable":true,"href":"https:\/\/www.leus.com.br\/index.php?rest_route=%2Fwp%2Fv2%2Fproduct_cat&post=1652"},{"taxonomy":"product_tag","embeddable":true,"href":"https:\/\/www.leus.com.br\/index.php?rest_route=%2Fwp%2Fv2%2Fproduct_tag&post=1652"}],"curies":[{"name":"wp","href":"https:\/\/api.w.org\/{rel}","templated":true}]}}