{"id":1656,"date":"2015-11-17T17:36:23","date_gmt":"2015-11-17T17:36:23","guid":{"rendered":"http:\/\/leus.com.br\/site\/?post_type=product&#038;p=1656"},"modified":"2016-11-28T16:32:36","modified_gmt":"2016-11-28T16:32:36","slug":"cp7110-kit-martelete","status":"publish","type":"product","link":"https:\/\/www.leus.com.br\/?product=cp7110-kit-martelete","title":{"rendered":"CP7110 Kit &#8211; MARTELETE"},"content":{"rendered":"<p>&nbsp;<\/p>\n<p><strong>Caracter\u00edsticas<\/strong><\/p>\n<ul class=\"features_list\">\n<li>\n<h4>Martelete tipo pistola resistente<\/h4>\n<\/li>\n<li>\n<h4>Haste redonda de 0,401 padr\u00e3o<\/h4>\n<\/li>\n<li>\n<h4>O silenciador interno minimiza o ru\u00eddo de exaust\u00e3o<\/h4>\n<\/li>\n<li>\n<h4>Amortecedor \u00fanico de vibra\u00e7\u00e3o<\/h4>\n<\/li>\n<li>\n<h4>Gatilho vari\u00e1vel para inicializa\u00e7\u00e3o lenta<\/h4>\n<\/li>\n<li>\n<h4>O kit inclui: (4) cinz\u00e9is e (1) retentor de trava de posi\u00e7\u00e3o em uma caixa resistente<\/h4>\n<\/li>\n<\/ul>\n<table class=\"data sort_header\">\n<thead>\n<tr class=\"\">\n<th colspan=\"3\"><\/th>\n<\/tr>\n<\/thead>\n<tbody>\n<tr class=\"\">\n<td class=\"h\">\n<h4>N\u00famero da pe\u00e7a<\/h4>\n<\/td>\n<td colspan=\"2\">\n<h4>8941171101<\/h4>\n<\/td>\n<\/tr>\n<tr class=\"\">\n<td class=\"h\">\n<h4>Modelo<\/h4>\n<\/td>\n<td colspan=\"2\">\n<h4>CP7110 Kit<\/h4>\n<\/td>\n<\/tr>\n<tr class=\"\">\n<td class=\"h\">\n<h4>Energia (Joules)<\/h4>\n<\/td>\n<td colspan=\"2\">\n<h4>7.2\u00a0joule<\/h4>\n<\/td>\n<\/tr>\n<tr class=\"\">\n<td class=\"h\">\n<h4>Sopros por minuto<\/h4>\n<\/td>\n<td colspan=\"2\">\n<h4>3200<\/h4>\n<\/td>\n<\/tr>\n<tr class=\"\">\n<td class=\"h\">\n<h4>Capacidade de rebitagem a frio<\/h4>\n<\/td>\n<td>\n<h4>6.4\u00a0mm<\/h4>\n<\/td>\n<td class=\"blurred\">\n<h4>1\/4&#8243;<\/h4>\n<\/td>\n<\/tr>\n<tr class=\"\">\n<td class=\"h\">\n<h4>Capacidade de rebitagem a frio (a\u00e7o)<\/h4>\n<\/td>\n<td>\n<h4>4.8\u00a0mm<\/h4>\n<\/td>\n<td class=\"blurred\">\n<h4>3\/16&#8243;<\/h4>\n<\/td>\n<\/tr>\n<tr class=\"\">\n<td class=\"h\">\n<h4>Di\u00e2metro interno<\/h4>\n<\/td>\n<td>\n<h4>19\u00a0mm<\/h4>\n<\/td>\n<td class=\"blurred\">\n<h4>3\/4&#8243;<\/h4>\n<\/td>\n<\/tr>\n<tr class=\"\">\n<td class=\"h\">\n<h4>Percurso<\/h4>\n<\/td>\n<td>\n<h4>67\u00a0mm<\/h4>\n<\/td>\n<td class=\"blurred\">\n<h4>2.63&#8243;<\/h4>\n<\/td>\n<\/tr>\n<tr class=\"\">\n<td class=\"h\">\n<h4>Haste do conjunto do estampo do rebitador<\/h4>\n<\/td>\n<td>\n<h4>10.2\u00a0mm<\/h4>\n<\/td>\n<td class=\"blurred\">\n<h4>0.401&#8243;<\/h4>\n<\/td>\n<\/tr>\n<tr class=\"\">\n<td class=\"h\">\n<h4>Capacidade da agulha<\/h4>\n<\/td>\n<td colspan=\"2\">\n<h4>0<\/h4>\n<\/td>\n<\/tr>\n<tr class=\"\">\n<td class=\"h\">\n<h4>Haste<\/h4>\n<\/td>\n<td colspan=\"2\">\n<h4>Round<\/h4>\n<\/td>\n<\/tr>\n<tr class=\"\">\n<td class=\"h\">\n<h4>Peso l\u00edquido<\/h4>\n<\/td>\n<td>\n<h4>1.7\u00a0kg<\/h4>\n<\/td>\n<td class=\"blurred\">\n<h4>4\u00a0lb<\/h4>\n<\/td>\n<\/tr>\n<tr class=\"\">\n<td class=\"h\">\n<h4>Comprimento<\/h4>\n<\/td>\n<td>\n<h4>230\u00a0mm<\/h4>\n<\/td>\n<td class=\"blurred\">\n<h4>9&#8243;<\/h4>\n<\/td>\n<\/tr>\n<tr class=\"over\">\n<td class=\"h\">\n<h4>Consumo m\u00e9dio de ar<\/h4>\n<\/td>\n<td>\n<h4>106\u00a0l\/mn<\/h4>\n<\/td>\n<td class=\"blurred\">\n<h4>4\u00a0cfm<\/h4>\n<\/td>\n<\/tr>\n<tr class=\"\">\n<td class=\"h\">\n<h4>Consumo real de ar<\/h4>\n<\/td>\n<td>\n<h4>6.9\u00a0l\/s<\/h4>\n<\/td>\n<td class=\"blurred\">\n<h4>14.6\u00a0cfm<\/h4>\n<\/td>\n<\/tr>\n<tr class=\"\">\n<td class=\"h\">\n<h4>Consumo real de ar<\/h4>\n<\/td>\n<td>\n<h4>413\u00a0l\/mn<\/h4>\n<\/td>\n<td class=\"blurred\">\n<h4>14.6\u00a0cfm<\/h4>\n<\/td>\n<\/tr>\n<tr class=\"\">\n<td class=\"h\">\n<h4>Tamanho da rosca da entrada de ar<\/h4>\n<\/td>\n<td colspan=\"2\">\n<h4>0.25\u00a0&#8220;<\/h4>\n<\/td>\n<\/tr>\n<tr class=\"\">\n<td class=\"h\">\n<h4>Tamanho min. mangueira<\/h4>\n<\/td>\n<td>\n<h4>10\u00a0mm<\/h4>\n<\/td>\n<td class=\"blurred\">\n<h4>3\/8&#8243;<\/h4>\n<\/td>\n<\/tr>\n<tr class=\"\">\n<td class=\"h\">\n<h4>Press\u00e3o som DBA<\/h4>\n<\/td>\n<td colspan=\"2\">\n<h4>98.3\u00a0db(A)<\/h4>\n<\/td>\n<\/tr>\n<tr class=\"\">\n<td class=\"h\">\n<h4>Vibra\u00e7\u00e3o (ISO-8662-14)<\/h4>\n<\/td>\n<td colspan=\"2\">\n<h4>9\u00a0m\/s\u00b2<\/h4>\n<\/td>\n<\/tr>\n<tr class=\"\">\n<td class=\"h\">\n<h4>Vibra\u00e7\u00e3o \u03b1 (ISO-28927-9)<\/h4>\n<\/td>\n<td colspan=\"2\">\n<h4>13\u00a0m\/s\u00b2<\/h4>\n<\/td>\n<\/tr>\n<tr class=\"\">\n<td class=\"h\">\n<h4>Vibra\u00e7\u00e3o K (ISO-28927-9)<\/h4>\n<\/td>\n<td colspan=\"2\">\n<h4>4\u00a0m\/s\u00b2<\/h4>\n<\/td>\n<\/tr>\n<\/tbody>\n<\/table>\n","protected":false},"excerpt":{"rendered":"<ul class=\"features_list\">\n<li>\n<h4>Maximize o conforto e controle para o operador<\/h4>\n<\/li>\n<li>\n<h4>Opera\u00e7\u00e3o suave<\/h4>\n<\/li>\n<li>\n<h4>Baixa vibra\u00e7\u00e3o para maximizar a produtividade<\/h4>\n<\/li>\n<\/ul>\n","protected":false},"featured_media":3469,"template":"","meta":{"_links_to":"","_links_to_target":""},"product_cat":[35],"product_tag":[],"_links":{"self":[{"href":"https:\/\/www.leus.com.br\/index.php?rest_route=\/wp\/v2\/product\/1656"}],"collection":[{"href":"https:\/\/www.leus.com.br\/index.php?rest_route=\/wp\/v2\/product"}],"about":[{"href":"https:\/\/www.leus.com.br\/index.php?rest_route=\/wp\/v2\/types\/product"}],"wp:featuredmedia":[{"embeddable":true,"href":"https:\/\/www.leus.com.br\/index.php?rest_route=\/wp\/v2\/media\/3469"}],"wp:attachment":[{"href":"https:\/\/www.leus.com.br\/index.php?rest_route=%2Fwp%2Fv2%2Fmedia&parent=1656"}],"wp:term":[{"taxonomy":"product_cat","embeddable":true,"href":"https:\/\/www.leus.com.br\/index.php?rest_route=%2Fwp%2Fv2%2Fproduct_cat&post=1656"},{"taxonomy":"product_tag","embeddable":true,"href":"https:\/\/www.leus.com.br\/index.php?rest_route=%2Fwp%2Fv2%2Fproduct_tag&post=1656"}],"curies":[{"name":"wp","href":"https:\/\/api.w.org\/{rel}","templated":true}]}}