{"id":1658,"date":"2015-11-17T17:37:13","date_gmt":"2015-11-17T17:37:13","guid":{"rendered":"http:\/\/leus.com.br\/site\/?post_type=product&#038;p=1658"},"modified":"2016-11-28T16:34:24","modified_gmt":"2016-11-28T16:34:24","slug":"cp7111-martelete","status":"publish","type":"product","link":"https:\/\/www.leus.com.br\/?product=cp7111-martelete","title":{"rendered":"CP7111 &#8211; MARTELETE"},"content":{"rendered":"<p>&nbsp;<\/p>\n<p><strong>Caracter\u00edsticas<\/strong><\/p>\n<ul class=\"features_list\">\n<li>\n<h4>Haste redonda de 0,401 padr\u00e3o<\/h4>\n<\/li>\n<li>\n<h4>Retentor de troca f\u00e1cil para altera\u00e7\u00e3o r\u00e1pida de acess\u00f3rios<\/h4>\n<\/li>\n<\/ul>\n<table class=\"data sort_header\">\n<tbody>\n<tr class=\"\">\n<td class=\"h\">\n<h4>N\u00famero da pe\u00e7a<\/h4>\n<\/td>\n<td colspan=\"2\">\n<h4>8941071110<\/h4>\n<\/td>\n<\/tr>\n<tr class=\"\">\n<td class=\"h\">\n<h4>Modelo<\/h4>\n<\/td>\n<td colspan=\"2\">\n<h4>CP7111<\/h4>\n<\/td>\n<\/tr>\n<tr>\n<td class=\"h\">\n<h4>Energia (Joules)<\/h4>\n<\/td>\n<td colspan=\"2\">\n<h4>7.2\u00a0joule<\/h4>\n<\/td>\n<\/tr>\n<tr>\n<td class=\"h\">\n<h4>Sopros por minuto<\/h4>\n<\/td>\n<td colspan=\"2\">\n<h4>3000<\/h4>\n<\/td>\n<\/tr>\n<tr>\n<td class=\"h\">\n<h4>Capacidade de rebitagem a frio<\/h4>\n<\/td>\n<td>\n<h4>6.4\u00a0mm<\/h4>\n<\/td>\n<td class=\"blurred\">\n<h4>1\/4&#8243;<\/h4>\n<\/td>\n<\/tr>\n<tr>\n<td class=\"h\">\n<h4>Capacidade de rebitagem a frio (a\u00e7o)<\/h4>\n<\/td>\n<td>\n<h4>4.8\u00a0mm<\/h4>\n<\/td>\n<td class=\"blurred\">\n<h4>3\/16&#8243;<\/h4>\n<\/td>\n<\/tr>\n<tr>\n<td class=\"h\">\n<h4>Di\u00e2metro interno<\/h4>\n<\/td>\n<td>\n<h4>19\u00a0mm<\/h4>\n<\/td>\n<td class=\"blurred\">\n<h4>3\/4&#8243;<\/h4>\n<\/td>\n<\/tr>\n<tr>\n<td class=\"h\">\n<h4>Percurso<\/h4>\n<\/td>\n<td>\n<h4>67\u00a0mm<\/h4>\n<\/td>\n<td class=\"blurred\">\n<h4>2.63&#8243;<\/h4>\n<\/td>\n<\/tr>\n<tr class=\"\">\n<td class=\"h\">\n<h4>Haste do conjunto do estampo do rebitador<\/h4>\n<\/td>\n<td>\n<h4>10.2\u00a0mm<\/h4>\n<\/td>\n<td class=\"blurred\">\n<h4>0.401&#8243;<\/h4>\n<\/td>\n<\/tr>\n<tr class=\"\">\n<td class=\"h\">\n<h4>Haste<\/h4>\n<\/td>\n<td colspan=\"2\">\n<h4>Round<\/h4>\n<\/td>\n<\/tr>\n<tr>\n<td class=\"h\">\n<h4>Peso l\u00edquido<\/h4>\n<\/td>\n<td>\n<h4>1.6\u00a0kg<\/h4>\n<\/td>\n<td class=\"blurred\">\n<h4>3.5\u00a0lb<\/h4>\n<\/td>\n<\/tr>\n<tr>\n<td class=\"h\">\n<h4>Comprimento<\/h4>\n<\/td>\n<td>\n<h4>171\u00a0mm<\/h4>\n<\/td>\n<td class=\"blurred\">\n<h4>6.7&#8243;<\/h4>\n<\/td>\n<\/tr>\n<tr>\n<td class=\"h\">\n<h4>Consumo m\u00e9dio de ar<\/h4>\n<\/td>\n<td>\n<h4>177\u00a0l\/mn<\/h4>\n<\/td>\n<td class=\"blurred\">\n<h4>6.25\u00a0cfm<\/h4>\n<\/td>\n<\/tr>\n<tr>\n<td class=\"h\">\n<h4>Consumo real de ar<\/h4>\n<\/td>\n<td>\n<h4>11.8\u00a0l\/s<\/h4>\n<\/td>\n<td class=\"blurred\">\n<h4>25\u00a0cfm<\/h4>\n<\/td>\n<\/tr>\n<tr>\n<td class=\"h\">\n<h4>Consumo real de ar<\/h4>\n<\/td>\n<td>\n<h4>708\u00a0l\/mn<\/h4>\n<\/td>\n<td class=\"blurred\">\n<h4>25\u00a0cfm<\/h4>\n<\/td>\n<\/tr>\n<tr>\n<td class=\"h\">\n<h4>Tamanho da rosca da entrada de ar<\/h4>\n<\/td>\n<td colspan=\"2\">\n<h4>0.25\u00a0&#8220;<\/h4>\n<\/td>\n<\/tr>\n<tr>\n<td class=\"h\">\n<h4>Tamanho min. mangueira<\/h4>\n<\/td>\n<td>\n<h4>10\u00a0mm<\/h4>\n<\/td>\n<td class=\"blurred\">\n<h4>3\/8&#8243;<\/h4>\n<\/td>\n<\/tr>\n<tr class=\"\">\n<td class=\"h\">\n<h4>Press\u00e3o som DBA<\/h4>\n<\/td>\n<td colspan=\"2\">\n<h4>100\u00a0db(A)<\/h4>\n<\/td>\n<\/tr>\n<tr class=\"\">\n<td class=\"h\">\n<h4>Pot\u00eancia de som<\/h4>\n<\/td>\n<td colspan=\"2\">\n<h4>111\u00a0db(A)<\/h4>\n<\/td>\n<\/tr>\n<tr class=\"\">\n<td class=\"h\">\n<h4>Vibra\u00e7\u00e3o (ISO-8662-14)<\/h4>\n<\/td>\n<td colspan=\"2\">\n<h4>8.9\u00a0m\/s\u00b2<\/h4>\n<\/td>\n<\/tr>\n<tr class=\"\">\n<td class=\"h\">\n<h4>Vibra\u00e7\u00e3o \u03b1 (ISO-28927-9)<\/h4>\n<\/td>\n<td colspan=\"2\">\n<h4>6.3\u00a0m\/s\u00b2<\/h4>\n<\/td>\n<\/tr>\n<tr class=\"\">\n<td class=\"h\">\n<h4>Vibra\u00e7\u00e3o K (ISO-28927-9)<\/h4>\n<\/td>\n<td colspan=\"2\">\n<h4>3.1\u00a0m\/s\u00b2<\/h4>\n<\/td>\n<\/tr>\n<\/tbody>\n<\/table>\n","protected":false},"excerpt":{"rendered":"<ul class=\"features_list\">\n<li>\n<h4>Potente e econ\u00f4mico<\/h4>\n<\/li>\n<li>\n<h4>A\u00e7\u00e3o de corte r\u00e1pido<\/h4>\n<\/li>\n<li>\n<h4>Projetado para todos os trabalhos em geral<\/h4>\n<\/li>\n<li>\n<h4>Cinzel, sem rota\u00e7\u00e3o durante o uso em superf\u00edcies de trabalho<\/h4>\n<\/li>\n<\/ul>\n","protected":false},"featured_media":3470,"template":"","meta":{"_links_to":"","_links_to_target":""},"product_cat":[35],"product_tag":[],"_links":{"self":[{"href":"https:\/\/www.leus.com.br\/index.php?rest_route=\/wp\/v2\/product\/1658"}],"collection":[{"href":"https:\/\/www.leus.com.br\/index.php?rest_route=\/wp\/v2\/product"}],"about":[{"href":"https:\/\/www.leus.com.br\/index.php?rest_route=\/wp\/v2\/types\/product"}],"wp:featuredmedia":[{"embeddable":true,"href":"https:\/\/www.leus.com.br\/index.php?rest_route=\/wp\/v2\/media\/3470"}],"wp:attachment":[{"href":"https:\/\/www.leus.com.br\/index.php?rest_route=%2Fwp%2Fv2%2Fmedia&parent=1658"}],"wp:term":[{"taxonomy":"product_cat","embeddable":true,"href":"https:\/\/www.leus.com.br\/index.php?rest_route=%2Fwp%2Fv2%2Fproduct_cat&post=1658"},{"taxonomy":"product_tag","embeddable":true,"href":"https:\/\/www.leus.com.br\/index.php?rest_route=%2Fwp%2Fv2%2Fproduct_tag&post=1658"}],"curies":[{"name":"wp","href":"https:\/\/api.w.org\/{rel}","templated":true}]}}