{"id":1662,"date":"2015-11-17T17:39:41","date_gmt":"2015-11-17T17:39:41","guid":{"rendered":"http:\/\/leus.com.br\/site\/?post_type=product&#038;p=1662"},"modified":"2016-11-28T16:40:40","modified_gmt":"2016-11-28T16:40:40","slug":"cp714-martelete","status":"publish","type":"product","link":"https:\/\/www.leus.com.br\/?product=cp714-martelete","title":{"rendered":"CP714 &#8211; MARTELETE"},"content":{"rendered":"<p>&nbsp;<\/p>\n<p><strong>Caracter\u00edsticas<\/strong><\/p>\n<ul class=\"features_list\">\n<li>\n<h4>Martelete tipo pistola resistente<\/h4>\n<\/li>\n<li>\n<h4>Gatilho de a\u00e7\u00e3o positiva para controle preciso sobre a faixa de velocidades<\/h4>\n<\/li>\n<li>\n<h4>Regulador de velocidade<\/h4>\n<\/li>\n<li>\n<h4>Empunhadura ergon\u00f4mica orientada<\/h4>\n<\/li>\n<\/ul>\n<table class=\"data sort_header\">\n<tbody>\n<tr class=\"\">\n<td class=\"h\">\n<h4>N\u00famero da pe\u00e7a<\/h4>\n<\/td>\n<td colspan=\"2\">\n<h4>T012735<\/h4>\n<\/td>\n<\/tr>\n<tr class=\"\">\n<td class=\"h\">\n<h4>Modelo<\/h4>\n<\/td>\n<td colspan=\"2\">\n<h4>CP714<\/h4>\n<\/td>\n<\/tr>\n<tr class=\"\">\n<td class=\"h\">\n<h4>Energia (Joules)<\/h4>\n<\/td>\n<td colspan=\"2\">\n<h4>4.7\u00a0joule<\/h4>\n<\/td>\n<\/tr>\n<tr class=\"\">\n<td class=\"h\">\n<h4>Sopros por minuto<\/h4>\n<\/td>\n<td colspan=\"2\">\n<h4>2000<\/h4>\n<\/td>\n<\/tr>\n<tr class=\"\">\n<td class=\"h\">\n<h4>Capacidade de rebitagem a frio<\/h4>\n<\/td>\n<td>\n<h4>6.4\u00a0mm<\/h4>\n<\/td>\n<td class=\"blurred\">\n<h4>1\/4&#8243;<\/h4>\n<\/td>\n<\/tr>\n<tr class=\"\">\n<td class=\"h\">\n<h4>Capacidade de rebitagem a frio (a\u00e7o)<\/h4>\n<\/td>\n<td>\n<h4>4.8\u00a0mm<\/h4>\n<\/td>\n<td class=\"blurred\">\n<h4>3\/16&#8243;<\/h4>\n<\/td>\n<\/tr>\n<tr class=\"\">\n<td class=\"h\">\n<h4>Di\u00e2metro interno<\/h4>\n<\/td>\n<td>\n<h4>14\u00a0mm<\/h4>\n<\/td>\n<td class=\"blurred\">\n<h4>9\/16&#8243;<\/h4>\n<\/td>\n<\/tr>\n<tr class=\"\">\n<td class=\"h\">\n<h4>Percurso<\/h4>\n<\/td>\n<td>\n<h4>80\u00a0mm<\/h4>\n<\/td>\n<td class=\"blurred\">\n<h4>3.5&#8243;<\/h4>\n<\/td>\n<\/tr>\n<tr class=\"\">\n<td class=\"h\">\n<h4>Haste do conjunto do estampo do rebitador<\/h4>\n<\/td>\n<td>\n<h4>10.2\u00a0mm<\/h4>\n<\/td>\n<td class=\"blurred\">\n<h4>0.401&#8243;<\/h4>\n<\/td>\n<\/tr>\n<tr class=\"\">\n<td class=\"h\">\n<h4>Haste<\/h4>\n<\/td>\n<td colspan=\"2\">\n<h4>Round<\/h4>\n<\/td>\n<\/tr>\n<tr class=\"\">\n<td class=\"h\">\n<h4>Peso l\u00edquido<\/h4>\n<\/td>\n<td>\n<h4>1.51\u00a0kg<\/h4>\n<\/td>\n<td class=\"blurred\">\n<h4>3.33\u00a0lb<\/h4>\n<\/td>\n<\/tr>\n<tr class=\"\">\n<td class=\"h\">\n<h4>Comprimento<\/h4>\n<\/td>\n<td>\n<h4>190\u00a0mm<\/h4>\n<\/td>\n<td class=\"blurred\">\n<h4>7.5&#8243;<\/h4>\n<\/td>\n<\/tr>\n<tr class=\"\">\n<td class=\"h\">\n<h4>Consumo m\u00e9dio de ar<\/h4>\n<\/td>\n<td>\n<h4>60\u00a0l\/mn<\/h4>\n<\/td>\n<td class=\"blurred\">\n<h4>2.13\u00a0cfm<\/h4>\n<\/td>\n<\/tr>\n<tr class=\"\">\n<td class=\"h\">\n<h4>Consumo real de ar<\/h4>\n<\/td>\n<td>\n<h4>4\u00a0l\/s<\/h4>\n<\/td>\n<td class=\"blurred\">\n<h4>8.5\u00a0cfm<\/h4>\n<\/td>\n<\/tr>\n<tr class=\"\">\n<td class=\"h\">\n<h4>Consumo real de ar<\/h4>\n<\/td>\n<td>\n<h4>241\u00a0l\/mn<\/h4>\n<\/td>\n<td class=\"blurred\">\n<h4>8.5\u00a0cfm<\/h4>\n<\/td>\n<\/tr>\n<tr class=\"\">\n<td class=\"h\">\n<h4>Tamanho da rosca da entrada de ar<\/h4>\n<\/td>\n<td colspan=\"2\">\n<h4>0.25\u00a0&#8220;<\/h4>\n<\/td>\n<\/tr>\n<tr class=\"\">\n<td class=\"h\">\n<h4>Tamanho min. mangueira<\/h4>\n<\/td>\n<td>\n<h4>10\u00a0mm<\/h4>\n<\/td>\n<td class=\"blurred\">\n<h4>3\/8&#8243;<\/h4>\n<\/td>\n<\/tr>\n<tr class=\"\">\n<td class=\"h\">\n<h4>Press\u00e3o som DBA<\/h4>\n<\/td>\n<td colspan=\"2\">\n<h4>95\u00a0db(A)<\/h4>\n<\/td>\n<\/tr>\n<tr class=\"\">\n<td class=\"h\">\n<h4>Pot\u00eancia de som<\/h4>\n<\/td>\n<td colspan=\"2\">\n<h4>106\u00a0db(A)<\/h4>\n<\/td>\n<\/tr>\n<tr class=\"\">\n<td class=\"h\">\n<h4>Vibra\u00e7\u00e3o (ISO-8662-14)<\/h4>\n<\/td>\n<td colspan=\"2\">\n<h4>7.5\u00a0m\/s\u00b2<\/h4>\n<\/td>\n<\/tr>\n<tr class=\"\">\n<td class=\"h\">\n<h4>Vibra\u00e7\u00e3o \u03b1 (ISO-28927-9)<\/h4>\n<\/td>\n<td colspan=\"2\">\n<h4>13.18\u00a0m\/s\u00b2<\/h4>\n<\/td>\n<\/tr>\n<tr class=\"\">\n<td class=\"h\">\n<h4>Vibra\u00e7\u00e3o K (ISO-28927-9)<\/h4>\n<\/td>\n<td colspan=\"2\">\n<h4>5.81\u00a0m\/s\u00b2<\/h4>\n<\/td>\n<\/tr>\n<\/tbody>\n<\/table>\n","protected":false},"excerpt":{"rendered":"<ul class=\"features_list\">\n<li>\n<h4>Vers\u00e1til, atende a uma vasta gama de aplica\u00e7\u00f5es em oficinas mec\u00e2nicas incluindo parte frontal, exaust\u00e3o, trabalho em estruturas e chassis<\/h4>\n<\/li>\n<li>\n<h4>Conforto para o operador<\/h4>\n<\/li>\n<\/ul>\n","protected":false},"featured_media":3474,"template":"","meta":{"_links_to":"","_links_to_target":""},"product_cat":[35],"product_tag":[],"_links":{"self":[{"href":"https:\/\/www.leus.com.br\/index.php?rest_route=\/wp\/v2\/product\/1662"}],"collection":[{"href":"https:\/\/www.leus.com.br\/index.php?rest_route=\/wp\/v2\/product"}],"about":[{"href":"https:\/\/www.leus.com.br\/index.php?rest_route=\/wp\/v2\/types\/product"}],"wp:featuredmedia":[{"embeddable":true,"href":"https:\/\/www.leus.com.br\/index.php?rest_route=\/wp\/v2\/media\/3474"}],"wp:attachment":[{"href":"https:\/\/www.leus.com.br\/index.php?rest_route=%2Fwp%2Fv2%2Fmedia&parent=1662"}],"wp:term":[{"taxonomy":"product_cat","embeddable":true,"href":"https:\/\/www.leus.com.br\/index.php?rest_route=%2Fwp%2Fv2%2Fproduct_cat&post=1662"},{"taxonomy":"product_tag","embeddable":true,"href":"https:\/\/www.leus.com.br\/index.php?rest_route=%2Fwp%2Fv2%2Fproduct_tag&post=1662"}],"curies":[{"name":"wp","href":"https:\/\/api.w.org\/{rel}","templated":true}]}}