{"id":1670,"date":"2015-11-17T17:43:12","date_gmt":"2015-11-17T17:43:12","guid":{"rendered":"http:\/\/leus.com.br\/site\/?post_type=product&#038;p=1670"},"modified":"2016-11-28T16:39:42","modified_gmt":"2016-11-28T16:39:42","slug":"cp7120-martelete-e-desincrustador","status":"publish","type":"product","link":"https:\/\/www.leus.com.br\/?product=cp7120-martelete-e-desincrustador","title":{"rendered":"CP7120 &#8211; MARTELETE E DESINCRUSTADOR"},"content":{"rendered":"<p><strong>Caracter\u00edsticas<\/strong><\/p>\n<ul class=\"features_list\">\n<li>\n<h4>Desincrustador de agulha de uso geral<\/h4>\n<\/li>\n<li>\n<h4>Martelete burilador de fluxo de solda<\/h4>\n<\/li>\n<li>\n<h4>Retentor de cinzel de troca r\u00e1pida<\/h4>\n<\/li>\n<li>\n<h4>Luva ajust\u00e1vel, agulhas de a\u00e7o de 1\/8&#8243; (19 x 3 mm) e cinzel de largura 1,37&#8243; (35 mm) com alta resist\u00eancia ao desgaste<\/h4>\n<\/li>\n<\/ul>\n<table class=\"data sort_header\">\n<tbody>\n<tr class=\"over\">\n<td class=\"h\">\n<h4>N\u00famero da pe\u00e7a<\/h4>\n<\/td>\n<td colspan=\"2\">\n<h4>8941071200<\/h4>\n<\/td>\n<\/tr>\n<tr class=\"\">\n<td class=\"h\">\n<h4>Modelo<\/h4>\n<\/td>\n<td colspan=\"2\">\n<h4>CP7120<\/h4>\n<\/td>\n<\/tr>\n<tr class=\"\">\n<td class=\"h\">\n<h4>Energia (Joules)<\/h4>\n<\/td>\n<td colspan=\"2\">\n<h4>5.3\u00a0joule<\/h4>\n<\/td>\n<\/tr>\n<tr class=\"\">\n<td class=\"h\">\n<h4>Sopros por minuto<\/h4>\n<\/td>\n<td colspan=\"2\">\n<h4>4800<\/h4>\n<\/td>\n<\/tr>\n<tr class=\"\">\n<td class=\"h\">\n<h4>Di\u00e2metro interno<\/h4>\n<\/td>\n<td>\n<h4>25\u00a0mm<\/h4>\n<\/td>\n<td class=\"blurred\">\n<h4>1&#8243;<\/h4>\n<\/td>\n<\/tr>\n<tr class=\"\">\n<td class=\"h\">\n<h4>Percurso<\/h4>\n<\/td>\n<td>\n<h4>28.35\u00a0mm<\/h4>\n<\/td>\n<td class=\"blurred\">\n<h4>1.18&#8243;<\/h4>\n<\/td>\n<\/tr>\n<tr class=\"\">\n<td class=\"h\">\n<h4>Haste do conjunto do estampo do rebitador<\/h4>\n<\/td>\n<td>\n<h4>12.7\u00a0mm<\/h4>\n<\/td>\n<td class=\"blurred\">\n<h4>1\/2&#8243;<\/h4>\n<\/td>\n<\/tr>\n<tr class=\"\">\n<td class=\"h\">\n<h4>Capacidade da agulha<\/h4>\n<\/td>\n<td colspan=\"2\">\n<h4>19 x 1\/8 (3)<\/h4>\n<\/td>\n<\/tr>\n<tr class=\"\">\n<td class=\"h\">\n<h4>Haste<\/h4>\n<\/td>\n<td colspan=\"2\">\n<h4>Square<\/h4>\n<\/td>\n<\/tr>\n<tr class=\"\">\n<td class=\"h\">\n<h4>Peso l\u00edquido<\/h4>\n<\/td>\n<td>\n<h4>2.8\u00a0kg<\/h4>\n<\/td>\n<td class=\"blurred\">\n<h4>6.2\u00a0lb<\/h4>\n<\/td>\n<\/tr>\n<tr class=\"\">\n<td class=\"h\">\n<h4>Comprimento<\/h4>\n<\/td>\n<td>\n<h4>457\u00a0mm<\/h4>\n<\/td>\n<td class=\"blurred\">\n<h4>18&#8243;<\/h4>\n<\/td>\n<\/tr>\n<tr class=\"\">\n<td class=\"h\">\n<h4>Consumo real de ar<\/h4>\n<\/td>\n<td>\n<h4>7.4\u00a0l\/s<\/h4>\n<\/td>\n<td class=\"blurred\">\n<h4>15,5\u00a0cfm<\/h4>\n<\/td>\n<\/tr>\n<tr class=\"\">\n<td class=\"h\">\n<h4>Consumo real de ar<\/h4>\n<\/td>\n<td>\n<h4>444\u00a0l\/mn<\/h4>\n<\/td>\n<td class=\"blurred\">\n<h4>15,5\u00a0cfm<\/h4>\n<\/td>\n<\/tr>\n<tr class=\"\">\n<td class=\"h\">\n<h4>Tamanho da rosca da entrada de ar<\/h4>\n<\/td>\n<td colspan=\"2\">\n<h4>0.25\u00a0&#8220;<\/h4>\n<\/td>\n<\/tr>\n<tr class=\"\">\n<td class=\"h\">\n<h4>Tamanho min. mangueira<\/h4>\n<\/td>\n<td>\n<h4>10\u00a0mm<\/h4>\n<\/td>\n<td class=\"blurred\">\n<h4>3\/8&#8243;<\/h4>\n<\/td>\n<\/tr>\n<tr class=\"\">\n<td class=\"h\">\n<h4>Press\u00e3o som DBA<\/h4>\n<\/td>\n<td colspan=\"2\">\n<h4>99\u00a0db(A)<\/h4>\n<\/td>\n<\/tr>\n<tr class=\"\">\n<td class=\"h\">\n<h4>Pot\u00eancia de som<\/h4>\n<\/td>\n<td colspan=\"2\">\n<h4>110\u00a0db(A)<\/h4>\n<\/td>\n<\/tr>\n<tr class=\"\">\n<td class=\"h\">\n<h4>Vibra\u00e7\u00e3o (ISO-8662-14)<\/h4>\n<\/td>\n<td colspan=\"2\">\n<h4>9.7 (15.6 w\/chisel adapter)\u00a0m\/s\u00b2<\/h4>\n<\/td>\n<\/tr>\n<tr class=\"\">\n<td class=\"h\">\n<h4>Vibra\u00e7\u00e3o \u03b1 (ISO-28927-9)<\/h4>\n<\/td>\n<td colspan=\"2\">\n<h4>11.41\u00a0m\/s\u00b2<\/h4>\n<\/td>\n<\/tr>\n<tr class=\"\">\n<td class=\"h\">\n<h4>Vibra\u00e7\u00e3o K (ISO-28927-9)<\/h4>\n<\/td>\n<td colspan=\"2\">\n<h4>3.44\u00a0m\/s\u00b2<\/h4>\n<\/td>\n<\/tr>\n<\/tbody>\n<\/table>\n","protected":false},"excerpt":{"rendered":"<ul class=\"features_list\">\n<li>\n<h4>Converte-se facilmente em um martelete burilador<\/h4>\n<\/li>\n<li>\n<h4>Solu\u00e7\u00e3o dur\u00e1vel e econ\u00f4mica<\/h4>\n<\/li>\n<li>\n<h4>Ideal para trabalho de prepara\u00e7\u00e3o de superf\u00edcies<\/h4>\n<\/li>\n<\/ul>\n","protected":false},"featured_media":3473,"template":"","meta":{"_links_to":"","_links_to_target":""},"product_cat":[35],"product_tag":[],"_links":{"self":[{"href":"https:\/\/www.leus.com.br\/index.php?rest_route=\/wp\/v2\/product\/1670"}],"collection":[{"href":"https:\/\/www.leus.com.br\/index.php?rest_route=\/wp\/v2\/product"}],"about":[{"href":"https:\/\/www.leus.com.br\/index.php?rest_route=\/wp\/v2\/types\/product"}],"wp:featuredmedia":[{"embeddable":true,"href":"https:\/\/www.leus.com.br\/index.php?rest_route=\/wp\/v2\/media\/3473"}],"wp:attachment":[{"href":"https:\/\/www.leus.com.br\/index.php?rest_route=%2Fwp%2Fv2%2Fmedia&parent=1670"}],"wp:term":[{"taxonomy":"product_cat","embeddable":true,"href":"https:\/\/www.leus.com.br\/index.php?rest_route=%2Fwp%2Fv2%2Fproduct_cat&post=1670"},{"taxonomy":"product_tag","embeddable":true,"href":"https:\/\/www.leus.com.br\/index.php?rest_route=%2Fwp%2Fv2%2Fproduct_tag&post=1670"}],"curies":[{"name":"wp","href":"https:\/\/api.w.org\/{rel}","templated":true}]}}