{"id":1717,"date":"2015-11-17T18:09:27","date_gmt":"2015-11-17T18:09:27","guid":{"rendered":"http:\/\/leus.com.br\/site\/?post_type=product&#038;p=1717"},"modified":"2016-11-28T16:56:39","modified_gmt":"2016-11-28T16:56:39","slug":"cp7901-serra","status":"publish","type":"product","link":"https:\/\/www.leus.com.br\/?product=cp7901-serra","title":{"rendered":"CP7901 &#8211; SERRA"},"content":{"rendered":"<p>&nbsp;<\/p>\n<p><strong>Caracter\u00edsticas<\/strong><\/p>\n<ul>\n<li>\n<h4>Serra pneum\u00e1tica rec\u00edproca<\/h4>\n<\/li>\n<li>\n<h4>Baixa vibra\u00e7\u00e3o<\/h4>\n<\/li>\n<li>\n<h4>Comprimento de curso de 10 mm<\/h4>\n<\/li>\n<li>\n<h4>\u00d3tima pot\u00eancia e velocidade de 10000 rota\u00e7\u00f5es por minuto<\/h4>\n<\/li>\n<li>\n<h4>Entrada de ar com rota\u00e7\u00e3o 360\u00ba<\/h4>\n<\/li>\n<\/ul>\n<table class=\"data sort_header\">\n<thead>\n<tr>\n<th colspan=\"3\"><\/th>\n<\/tr>\n<\/thead>\n<tbody>\n<tr class=\"over\">\n<td class=\"h\">\n<h4>N\u00famero da pe\u00e7a<\/h4>\n<\/td>\n<td colspan=\"2\">\n<h4>8941079011<\/h4>\n<\/td>\n<\/tr>\n<tr class=\"\">\n<td class=\"h\">\n<h4>Modelo<\/h4>\n<\/td>\n<td colspan=\"2\">\n<h4>CP7901<\/h4>\n<\/td>\n<\/tr>\n<tr class=\"\">\n<td class=\"h\">\n<h4>Percursos por minuto<\/h4>\n<\/td>\n<td colspan=\"2\">\n<h4>10000<\/h4>\n<\/td>\n<\/tr>\n<tr class=\"\">\n<td class=\"h\">\n<h4>Percurso<\/h4>\n<\/td>\n<td>\n<h4>10\u00a0mm<\/h4>\n<\/td>\n<td class=\"blurred\">\n<h4>3\/8&#8243;<\/h4>\n<\/td>\n<\/tr>\n<tr class=\"\">\n<td class=\"h\">\n<h4>Peso l\u00edquido<\/h4>\n<\/td>\n<td>\n<h4>0.86\u00a0kg<\/h4>\n<\/td>\n<td class=\"blurred\">\n<h4>1.9\u00a0lb<\/h4>\n<\/td>\n<\/tr>\n<tr class=\"\">\n<td class=\"h\">\n<h4>Comprimento<\/h4>\n<\/td>\n<td>\n<h4>229\u00a0mm<\/h4>\n<\/td>\n<td class=\"blurred\">\n<h4>9&#8243;<\/h4>\n<\/td>\n<\/tr>\n<tr class=\"\">\n<td class=\"h\">\n<h4>Consumo m\u00e9dio de ar<\/h4>\n<\/td>\n<td>\n<h4>0.6\u00a0l\/s<\/h4>\n<\/td>\n<td class=\"blurred\">\n<h4>1, 4\u00a0cfm<\/h4>\n<\/td>\n<\/tr>\n<tr class=\"\">\n<td class=\"h\">\n<h4>Consumo real de ar<\/h4>\n<\/td>\n<td>\n<h4>2.6\u00a0l\/s<\/h4>\n<\/td>\n<td class=\"blurred\">\n<h4>5 1\/2\u00a0cfm<\/h4>\n<\/td>\n<\/tr>\n<tr class=\"\">\n<td class=\"h\">\n<h4>Consumo real de ar<\/h4>\n<\/td>\n<td>\n<h4>156\u00a0l\/mn<\/h4>\n<\/td>\n<td class=\"blurred\">\n<h4>5 1\/2\u00a0cfm<\/h4>\n<\/td>\n<\/tr>\n<tr class=\"\">\n<td class=\"h\">\n<h4>Tamanho da rosca da entrada de ar<\/h4>\n<\/td>\n<td colspan=\"2\">\n<h4>0.25\u00a0&#8220;<\/h4>\n<\/td>\n<\/tr>\n<tr class=\"\">\n<td class=\"h\">\n<h4>Tamanho min. mangueira<\/h4>\n<\/td>\n<td>\n<h4>10\u00a0mm<\/h4>\n<\/td>\n<td class=\"blurred\">\n<h4>3\/8&#8243;<\/h4>\n<\/td>\n<\/tr>\n<tr class=\"\">\n<td class=\"h\">\n<h4>N\u00edvel de ru\u00eddo<\/h4>\n<\/td>\n<td colspan=\"2\">\n<h4>78\u00a0db(A)<\/h4>\n<\/td>\n<\/tr>\n<tr class=\"\">\n<td class=\"h\">\n<h4>Press\u00e3o som DBA<\/h4>\n<\/td>\n<td colspan=\"2\">\n<h4>89\u00a0db(A)<\/h4>\n<\/td>\n<\/tr>\n<tr class=\"\">\n<td class=\"h\">\n<h4>Vibra\u00e7\u00e3o (ISO-8662-12)<\/h4>\n<\/td>\n<td colspan=\"2\">\n<h4>4\u00a0m\/s\u00b2<\/h4>\n<\/td>\n<\/tr>\n<tr class=\"\">\n<td class=\"h\">\n<h4>Vibra\u00e7\u00e3o \u03b1 (ISO-28927-8)<\/h4>\n<\/td>\n<td colspan=\"2\">\n<h4>&lt;2.5\u00a0m\/s\u00b2<\/h4>\n<\/td>\n<\/tr>\n<\/tbody>\n<\/table>\n","protected":false},"excerpt":{"rendered":"<ul>\n<li>\n<h4>Design ergon\u00f4mico para conforto e f\u00e1cil manuseio<\/h4>\n<\/li>\n<li>\n<h4>Maximize o conforto do operador e a produtividade<\/h4>\n<\/li>\n<li>\n<h4>Ferramenta premium para todas as aplica\u00e7\u00f5es de corte<\/h4>\n<\/li>\n<\/ul>\n","protected":false},"featured_media":3482,"template":"","meta":{"_links_to":"","_links_to_target":""},"product_cat":[37],"product_tag":[],"_links":{"self":[{"href":"https:\/\/www.leus.com.br\/index.php?rest_route=\/wp\/v2\/product\/1717"}],"collection":[{"href":"https:\/\/www.leus.com.br\/index.php?rest_route=\/wp\/v2\/product"}],"about":[{"href":"https:\/\/www.leus.com.br\/index.php?rest_route=\/wp\/v2\/types\/product"}],"wp:featuredmedia":[{"embeddable":true,"href":"https:\/\/www.leus.com.br\/index.php?rest_route=\/wp\/v2\/media\/3482"}],"wp:attachment":[{"href":"https:\/\/www.leus.com.br\/index.php?rest_route=%2Fwp%2Fv2%2Fmedia&parent=1717"}],"wp:term":[{"taxonomy":"product_cat","embeddable":true,"href":"https:\/\/www.leus.com.br\/index.php?rest_route=%2Fwp%2Fv2%2Fproduct_cat&post=1717"},{"taxonomy":"product_tag","embeddable":true,"href":"https:\/\/www.leus.com.br\/index.php?rest_route=%2Fwp%2Fv2%2Fproduct_tag&post=1717"}],"curies":[{"name":"wp","href":"https:\/\/api.w.org\/{rel}","templated":true}]}}