{"id":1731,"date":"2015-11-17T18:14:56","date_gmt":"2015-11-17T18:14:56","guid":{"rendered":"http:\/\/leus.com.br\/site\/?post_type=product&#038;p=1731"},"modified":"2016-11-28T17:05:13","modified_gmt":"2016-11-28T17:05:13","slug":"cp861-cortador","status":"publish","type":"product","link":"https:\/\/www.leus.com.br\/?product=cp861-cortador","title":{"rendered":"CP861 &#8211; CORTADOR"},"content":{"rendered":"<p>&nbsp;<\/p>\n<p><strong>Caracter\u00edsticas<\/strong><\/p>\n<ul class=\"features_list\">\n<li>\n<h4>Cortador de alta velocidade resistente<\/h4>\n<\/li>\n<li>\n<h4>Motor robusto e eficiente de 0,5 hp (370 W)<\/h4>\n<\/li>\n<li>\n<h4>Ferramenta leve: 1,63 lb (0,74kg)<\/h4>\n<\/li>\n<li>\n<h4>Projeto de empunhadura quadrada para apoio positivo<\/h4>\n<\/li>\n<li>\n<h4>Alavanca de seguran\u00e7a para evitar inicializa\u00e7\u00e3o acidental<\/h4>\n<\/li>\n<\/ul>\n<table class=\"data sort_header\">\n<tbody>\n<tr class=\"over\">\n<td class=\"h\">\n<h4>N\u00famero da pe\u00e7a<\/h4>\n<\/td>\n<td colspan=\"2\">\n<h4>T022039<\/h4>\n<\/td>\n<\/tr>\n<tr>\n<td class=\"h\">\n<h4>Modelo<\/h4>\n<\/td>\n<td colspan=\"2\">\n<h4>CP861<\/h4>\n<\/td>\n<\/tr>\n<tr class=\"\">\n<td class=\"h\">\n<h4>Velocidade livre<\/h4>\n<\/td>\n<td colspan=\"2\">\n<h4>20000\u00a0rpm<\/h4>\n<\/td>\n<\/tr>\n<tr class=\"\">\n<td class=\"h\">\n<h4>Energia<\/h4>\n<\/td>\n<td colspan=\"2\">\n<h4>370\u00a0W<\/h4>\n<\/td>\n<\/tr>\n<tr class=\"\">\n<td class=\"h\">\n<h4>Peso l\u00edquido<\/h4>\n<\/td>\n<td>\n<h4>0.74\u00a0kg<\/h4>\n<\/td>\n<td class=\"blurred\">\n<h4>1.63\u00a0lb<\/h4>\n<\/td>\n<\/tr>\n<tr class=\"\">\n<td class=\"h\">\n<h4>Comprimento<\/h4>\n<\/td>\n<td>\n<h4>197\u00a0mm<\/h4>\n<\/td>\n<td class=\"blurred\">\n<h4>7.75&#8243;<\/h4>\n<\/td>\n<\/tr>\n<tr class=\"\">\n<td class=\"h\">\n<h4>Tamanho mandril \/ disco<\/h4>\n<\/td>\n<td>\n<h4>73\u00a0mm<\/h4>\n<\/td>\n<td class=\"blurred\">\n<h4>2 7\/8&#8243;<\/h4>\n<\/td>\n<\/tr>\n<tr class=\"\">\n<td class=\"h\">\n<h4>Consumo m\u00e9dio de ar<\/h4>\n<\/td>\n<td>\n<h4>4.5\u00a0l\/s<\/h4>\n<\/td>\n<td class=\"blurred\">\n<h4>10\u00a0cfm<\/h4>\n<\/td>\n<\/tr>\n<tr class=\"\">\n<td class=\"h\">\n<h4>Consumo real de ar<\/h4>\n<\/td>\n<td>\n<h4>4\u00a0l\/s<\/h4>\n<\/td>\n<td class=\"blurred\">\n<h4>8.5\u00a0cfm<\/h4>\n<\/td>\n<\/tr>\n<tr class=\"\">\n<td class=\"h\">\n<h4>Consumo real de ar<\/h4>\n<\/td>\n<td>\n<h4>241\u00a0l\/mn<\/h4>\n<\/td>\n<td class=\"blurred\">\n<h4>8.5\u00a0cfm<\/h4>\n<\/td>\n<\/tr>\n<tr class=\"\">\n<td class=\"h\">\n<h4>Tamanho da rosca da entrada de ar<\/h4>\n<\/td>\n<td colspan=\"2\">\n<h4>0.25\u00a0&#8220;<\/h4>\n<\/td>\n<\/tr>\n<tr class=\"\">\n<td class=\"h\">\n<h4>Tamanho min. mangueira<\/h4>\n<\/td>\n<td>\n<h4>10\u00a0mm<\/h4>\n<\/td>\n<td class=\"blurred\">\n<h4>3\/8&#8243;<\/h4>\n<\/td>\n<\/tr>\n<tr class=\"\">\n<td class=\"h\">\n<h4>N\u00edvel de ru\u00eddo<\/h4>\n<\/td>\n<td colspan=\"2\">\n<h4>79\u00a0db(A)<\/h4>\n<\/td>\n<\/tr>\n<tr class=\"\">\n<td class=\"h\">\n<h4>Press\u00e3o som DBA<\/h4>\n<\/td>\n<td colspan=\"2\">\n<h4>90\u00a0db(A)<\/h4>\n<\/td>\n<\/tr>\n<tr class=\"\">\n<td class=\"h\">\n<h4>Vibra\u00e7\u00e3o (ISO-8662-12)<\/h4>\n<\/td>\n<td colspan=\"2\">\n<h4>2.8\u00a0m\/s\u00b2<\/h4>\n<\/td>\n<\/tr>\n<tr class=\"\">\n<td class=\"h\">\n<h4>Vibra\u00e7\u00e3o \u03b1 (ISO-28927-8)<\/h4>\n<\/td>\n<td colspan=\"2\">\n<h4>2.8\u00a0m\/s\u00b2<\/h4>\n<\/td>\n<\/tr>\n<tr class=\"\">\n<td class=\"h\">\n<h4>Vibra\u00e7\u00e3o K (ISO-28927-8)<\/h4>\n<\/td>\n<td colspan=\"2\">\n<h4>1\u00a0m\/s\u00b2<\/h4>\n<\/td>\n<\/tr>\n<\/tbody>\n<\/table>\n","protected":false},"excerpt":{"rendered":"<ul class=\"features_list\">\n<li>\n<h4>Pot\u00eancia, durabilidade e produtividade<\/h4>\n<\/li>\n<li>\n<h4>Excelente para corte de compostos, fibra de vidro, metais, parafusos, grampos e presilhas<\/h4>\n<\/li>\n<\/ul>\n","protected":false},"featured_media":3487,"template":"","meta":{"_links_to":"","_links_to_target":""},"product_cat":[37],"product_tag":[],"_links":{"self":[{"href":"https:\/\/www.leus.com.br\/index.php?rest_route=\/wp\/v2\/product\/1731"}],"collection":[{"href":"https:\/\/www.leus.com.br\/index.php?rest_route=\/wp\/v2\/product"}],"about":[{"href":"https:\/\/www.leus.com.br\/index.php?rest_route=\/wp\/v2\/types\/product"}],"wp:featuredmedia":[{"embeddable":true,"href":"https:\/\/www.leus.com.br\/index.php?rest_route=\/wp\/v2\/media\/3487"}],"wp:attachment":[{"href":"https:\/\/www.leus.com.br\/index.php?rest_route=%2Fwp%2Fv2%2Fmedia&parent=1731"}],"wp:term":[{"taxonomy":"product_cat","embeddable":true,"href":"https:\/\/www.leus.com.br\/index.php?rest_route=%2Fwp%2Fv2%2Fproduct_cat&post=1731"},{"taxonomy":"product_tag","embeddable":true,"href":"https:\/\/www.leus.com.br\/index.php?rest_route=%2Fwp%2Fv2%2Fproduct_tag&post=1731"}],"curies":[{"name":"wp","href":"https:\/\/api.w.org\/{rel}","templated":true}]}}