{"id":1735,"date":"2015-11-17T18:16:24","date_gmt":"2015-11-17T18:16:24","guid":{"rendered":"http:\/\/leus.com.br\/site\/?post_type=product&#038;p=1735"},"modified":"2016-11-28T17:04:26","modified_gmt":"2016-11-28T17:04:26","slug":"cp835-desincrustador","status":"publish","type":"product","link":"https:\/\/www.leus.com.br\/?product=cp835-desincrustador","title":{"rendered":"CP835 &#8211; DESINCRUSTADOR"},"content":{"rendered":"<p>&nbsp;<\/p>\n<p><strong>Caracter\u00edsticas<\/strong><\/p>\n<ul class=\"features_list\">\n<li>\n<h4>Desincrustador de agulhas resistente<\/h4>\n<\/li>\n<li>\n<h4>Cabe\u00e7a robusta e perfura\u00e7\u00e3o de di\u00e2metro de 1,77&#8243;; corta a\u00e7o de at\u00e9 0,.060&#8243; (16 gauges) e alum\u00ednio de at\u00e9 0,102 (10 gauges)<\/h4>\n<\/li>\n<li>\n<h4>F\u00e1cil acesso \u00e0 pun\u00e7\u00e3o e disco para substitui\u00e7\u00e3o r\u00e1pida<\/h4>\n<\/li>\n<li>\n<h4>Acelerador de alavanca para inicializa\u00e7\u00e3o a baixa velocidade<\/h4>\n<\/li>\n<li>\n<h4>4 posi\u00e7\u00f5es de corte opcionais<\/h4>\n<\/li>\n<\/ul>\n<table class=\"data sort_header\">\n<tbody>\n<tr class=\"over\">\n<td class=\"h\">\n<h4>N\u00famero da pe\u00e7a<\/h4>\n<\/td>\n<td colspan=\"2\">\n<h4>T022550<\/h4>\n<\/td>\n<\/tr>\n<tr class=\"\">\n<td class=\"h\">\n<h4>Modelo<\/h4>\n<\/td>\n<td colspan=\"2\">\n<h4>CP835<\/h4>\n<\/td>\n<\/tr>\n<tr class=\"\">\n<td class=\"h\">\n<h4>Percursos por minuto<\/h4>\n<\/td>\n<td colspan=\"2\">\n<h4>2750<\/h4>\n<\/td>\n<\/tr>\n<tr class=\"\">\n<td class=\"h\">\n<h4>Peso l\u00edquido<\/h4>\n<\/td>\n<td>\n<h4>0.59\u00a0kg<\/h4>\n<\/td>\n<td class=\"blurred\">\n<h4>2 1\/4\u00a0lb<\/h4>\n<\/td>\n<\/tr>\n<tr>\n<td class=\"h\">\n<h4>Comprimento<\/h4>\n<\/td>\n<td>\n<h4>216\u00a0mm<\/h4>\n<\/td>\n<td class=\"blurred\">\n<h4>7.5&#8243;<\/h4>\n<\/td>\n<\/tr>\n<tr>\n<td class=\"h\">\n<h4>Consumo m\u00e9dio de ar<\/h4>\n<\/td>\n<td>\n<h4>2\u00a0l\/s<\/h4>\n<\/td>\n<td class=\"blurred\">\n<h4>4.2\u00a0cfm<\/h4>\n<\/td>\n<\/tr>\n<tr class=\"\">\n<td class=\"h\">\n<h4>Consumo real de ar<\/h4>\n<\/td>\n<td>\n<h4>8\u00a0l\/s<\/h4>\n<\/td>\n<td class=\"blurred\">\n<h4>17\u00a0cfm<\/h4>\n<\/td>\n<\/tr>\n<tr class=\"\">\n<td class=\"h\">\n<h4>Consumo real de ar<\/h4>\n<\/td>\n<td>\n<h4>481.230769230769\u00a0l\/mn<\/h4>\n<\/td>\n<td class=\"blurred\">\n<h4>17\u00a0cfm<\/h4>\n<\/td>\n<\/tr>\n<tr class=\"\">\n<td class=\"h\">\n<h4>Tamanho da rosca da entrada de ar<\/h4>\n<\/td>\n<td colspan=\"2\">\n<h4>0.25\u00a0&#8220;<\/h4>\n<\/td>\n<\/tr>\n<tr class=\"\">\n<td class=\"h\">\n<h4>Tamanho min. mangueira<\/h4>\n<\/td>\n<td>\n<h4>10\u00a0mm<\/h4>\n<\/td>\n<td class=\"blurred\">\n<h4>3\/8&#8243;<\/h4>\n<\/td>\n<\/tr>\n<tr class=\"\">\n<td class=\"h\">\n<h4>N\u00edvel de ru\u00eddo<\/h4>\n<\/td>\n<td colspan=\"2\">\n<h4>86\u00a0db(A)<\/h4>\n<\/td>\n<\/tr>\n<tr class=\"\">\n<td class=\"h\">\n<h4>Press\u00e3o som DBA<\/h4>\n<\/td>\n<td colspan=\"2\">\n<h4>97\u00a0db(A)<\/h4>\n<\/td>\n<\/tr>\n<tr class=\"\">\n<td class=\"h\">\n<h4>Vibra\u00e7\u00e3o (ISO-8662-12)<\/h4>\n<\/td>\n<td colspan=\"2\">\n<h4>5.4\u00a0m\/s\u00b2<\/h4>\n<\/td>\n<\/tr>\n<tr class=\"\">\n<td class=\"h\">\n<h4>Vibra\u00e7\u00e3o \u03b1 (ISO-28927-8)<\/h4>\n<\/td>\n<td colspan=\"2\">\n<h4>5.4\u00a0m\/s\u00b2<\/h4>\n<\/td>\n<\/tr>\n<tr class=\"\">\n<td class=\"h\">\n<h4>Vibra\u00e7\u00e3o K (ISO-28927-8)<\/h4>\n<\/td>\n<td colspan=\"2\">\n<h4>3\u00a0m\/s\u00b2<\/h4>\n<\/td>\n<\/tr>\n<\/tbody>\n<\/table>\n","protected":false},"excerpt":{"rendered":"<ul class=\"features_list\">\n<li>\n<h4>F\u00e1cil de operar e controlar<\/h4>\n<\/li>\n<li>\n<h4>Perfeita para corte preciso e melhor para cantos apertados e c\u00edrculos<\/h4>\n<\/li>\n<li>\n<h4>Usada para desbastar pl\u00e1stico, lata, alum\u00ednio e outros materiais<\/h4>\n<\/li>\n<\/ul>\n","protected":false},"featured_media":3486,"template":"","meta":{"_links_to":"","_links_to_target":""},"product_cat":[37],"product_tag":[],"_links":{"self":[{"href":"https:\/\/www.leus.com.br\/index.php?rest_route=\/wp\/v2\/product\/1735"}],"collection":[{"href":"https:\/\/www.leus.com.br\/index.php?rest_route=\/wp\/v2\/product"}],"about":[{"href":"https:\/\/www.leus.com.br\/index.php?rest_route=\/wp\/v2\/types\/product"}],"wp:featuredmedia":[{"embeddable":true,"href":"https:\/\/www.leus.com.br\/index.php?rest_route=\/wp\/v2\/media\/3486"}],"wp:attachment":[{"href":"https:\/\/www.leus.com.br\/index.php?rest_route=%2Fwp%2Fv2%2Fmedia&parent=1735"}],"wp:term":[{"taxonomy":"product_cat","embeddable":true,"href":"https:\/\/www.leus.com.br\/index.php?rest_route=%2Fwp%2Fv2%2Fproduct_cat&post=1735"},{"taxonomy":"product_tag","embeddable":true,"href":"https:\/\/www.leus.com.br\/index.php?rest_route=%2Fwp%2Fv2%2Fproduct_tag&post=1735"}],"curies":[{"name":"wp","href":"https:\/\/api.w.org\/{rel}","templated":true}]}}