{"id":1737,"date":"2015-11-17T18:17:14","date_gmt":"2015-11-17T18:17:14","guid":{"rendered":"http:\/\/leus.com.br\/site\/?post_type=product&#038;p=1737"},"modified":"2016-11-28T16:45:44","modified_gmt":"2016-11-28T16:45:44","slug":"cp785s-pistola-de-corte","status":"publish","type":"product","link":"https:\/\/www.leus.com.br\/?product=cp785s-pistola-de-corte","title":{"rendered":"CP785S &#8211; PISTOLA DE CORTE"},"content":{"rendered":"<p>&nbsp;<\/p>\n<p><strong>Caracter\u00edsticas<\/strong><\/p>\n<ul class=\"features_list\">\n<li>\n<h4>Pistola de corte resistente<\/h4>\n<\/li>\n<li>\n<h4>Motor eficiente e potente de 0,5 hp (370 W) para corte de at\u00e9 18-gauge a\u00e7o (1,1 mm &#8211; 0,04&#8221;)<\/h4>\n<\/li>\n<li>\n<h4>Engrenagem planet\u00e1ria intermedi\u00e1ria tripla<\/h4>\n<\/li>\n<li>\n<h4>Design ergon\u00f4mico de empunhadura<\/h4>\n<\/li>\n<\/ul>\n<table class=\"data sort_header\">\n<tbody>\n<tr class=\"\">\n<td class=\"h\">\n<h4>N\u00famero da pe\u00e7a<\/h4>\n<\/td>\n<td colspan=\"2\">\n<h4>T023200<\/h4>\n<\/td>\n<\/tr>\n<tr class=\"\">\n<td class=\"h\">\n<h4>Modelo<\/h4>\n<\/td>\n<td colspan=\"2\">\n<h4>CP785S<\/h4>\n<\/td>\n<\/tr>\n<tr class=\"\">\n<td class=\"h\">\n<h4>Percursos por minuto<\/h4>\n<\/td>\n<td colspan=\"2\">\n<h4>2400<\/h4>\n<\/td>\n<\/tr>\n<tr class=\"\">\n<td class=\"h\">\n<h4>Peso l\u00edquido<\/h4>\n<\/td>\n<td>\n<h4>0.86\u00a0kg<\/h4>\n<\/td>\n<td class=\"blurred\">\n<h4>2 1\/2\u00a0lb<\/h4>\n<\/td>\n<\/tr>\n<tr class=\"\">\n<td class=\"h\">\n<h4>Comprimento<\/h4>\n<\/td>\n<td>\n<h4>229\u00a0mm<\/h4>\n<\/td>\n<td class=\"blurred\">\n<h4>8.25&#8243;<\/h4>\n<\/td>\n<\/tr>\n<tr class=\"\">\n<td class=\"h\">\n<h4>Consumo m\u00e9dio de ar<\/h4>\n<\/td>\n<td>\n<h4>1.8\u00a0l\/s<\/h4>\n<\/td>\n<td class=\"blurred\">\n<h4>3.7\u00a0cfm<\/h4>\n<\/td>\n<\/tr>\n<tr class=\"\">\n<td class=\"h\">\n<h4>Consumo real de ar<\/h4>\n<\/td>\n<td>\n<h4>7.3\u00a0l\/s<\/h4>\n<\/td>\n<td class=\"blurred\">\n<h4>15.5\u00a0cfm<\/h4>\n<\/td>\n<\/tr>\n<tr class=\"\">\n<td class=\"h\">\n<h4>Consumo real de ar<\/h4>\n<\/td>\n<td>\n<h4>438.769230769231\u00a0l\/mn<\/h4>\n<\/td>\n<td class=\"blurred\">\n<h4>15.5\u00a0cfm<\/h4>\n<\/td>\n<\/tr>\n<tr class=\"\">\n<td class=\"h\">\n<h4>Tamanho da rosca da entrada de ar<\/h4>\n<\/td>\n<td colspan=\"2\">\n<h4>0.25\u00a0&#8220;<\/h4>\n<\/td>\n<\/tr>\n<tr class=\"\">\n<td class=\"h\">\n<h4>Tamanho min. mangueira<\/h4>\n<\/td>\n<td>\n<h4>10\u00a0mm<\/h4>\n<\/td>\n<td class=\"blurred\">\n<h4>3\/8&#8243;<\/h4>\n<\/td>\n<\/tr>\n<tr class=\"\">\n<td class=\"h\">\n<h4>N\u00edvel de ru\u00eddo<\/h4>\n<\/td>\n<td colspan=\"2\">\n<h4>84\u00a0db(A)<\/h4>\n<\/td>\n<\/tr>\n<tr class=\"\">\n<td class=\"h\">\n<h4>Press\u00e3o som DBA<\/h4>\n<\/td>\n<td colspan=\"2\">\n<h4>95\u00a0db(A)<\/h4>\n<\/td>\n<\/tr>\n<tr class=\"\">\n<td class=\"h\">\n<h4>Vibra\u00e7\u00e3o (ISO-8662-12)<\/h4>\n<\/td>\n<td colspan=\"2\">\n<h4>3.2\u00a0m\/s\u00b2<\/h4>\n<\/td>\n<\/tr>\n<tr class=\"\">\n<td class=\"h\">\n<h4>Vibra\u00e7\u00e3o \u03b1 (ISO-28927-8)<\/h4>\n<\/td>\n<td colspan=\"2\">\n<h4>3.2\u00a0m\/s\u00b2<\/h4>\n<\/td>\n<\/tr>\n<tr class=\"\">\n<td class=\"h\">\n<h4>Vibra\u00e7\u00e3o K (ISO-28927-8)<\/h4>\n<\/td>\n<td colspan=\"2\">\n<h4>3\u00a0m\/s\u00b2<\/h4>\n<\/td>\n<\/tr>\n<\/tbody>\n<\/table>\n","protected":false},"excerpt":{"rendered":"<ul class=\"features_list\">\n<li>\n<h4>Ferramenta de opera\u00e7\u00e3o suave e de maior vida \u00fatil<\/h4>\n<\/li>\n<li>\n<h4>Conforto para o operador<\/h4>\n<\/li>\n<li>\n<h4>Desempenho de corte confi\u00e1vel<\/h4>\n<\/li>\n<li>\n<h4>Ferramenta excelente para corte quadrado e em \u00e2ngulo de todos os tipos de alum\u00ednio, lata e a\u00e7o<\/h4>\n<\/li>\n<\/ul>\n","protected":false},"featured_media":3480,"template":"","meta":{"_links_to":"","_links_to_target":""},"product_cat":[37],"product_tag":[],"_links":{"self":[{"href":"https:\/\/www.leus.com.br\/index.php?rest_route=\/wp\/v2\/product\/1737"}],"collection":[{"href":"https:\/\/www.leus.com.br\/index.php?rest_route=\/wp\/v2\/product"}],"about":[{"href":"https:\/\/www.leus.com.br\/index.php?rest_route=\/wp\/v2\/types\/product"}],"wp:featuredmedia":[{"embeddable":true,"href":"https:\/\/www.leus.com.br\/index.php?rest_route=\/wp\/v2\/media\/3480"}],"wp:attachment":[{"href":"https:\/\/www.leus.com.br\/index.php?rest_route=%2Fwp%2Fv2%2Fmedia&parent=1737"}],"wp:term":[{"taxonomy":"product_cat","embeddable":true,"href":"https:\/\/www.leus.com.br\/index.php?rest_route=%2Fwp%2Fv2%2Fproduct_cat&post=1737"},{"taxonomy":"product_tag","embeddable":true,"href":"https:\/\/www.leus.com.br\/index.php?rest_route=%2Fwp%2Fv2%2Fproduct_tag&post=1737"}],"curies":[{"name":"wp","href":"https:\/\/api.w.org\/{rel}","templated":true}]}}