{"id":1741,"date":"2015-11-17T18:20:36","date_gmt":"2015-11-17T18:20:36","guid":{"rendered":"http:\/\/leus.com.br\/site\/?post_type=product&#038;p=1741"},"modified":"2016-11-21T15:58:56","modified_gmt":"2016-11-21T15:58:56","slug":"cp9710-lima-pneumatica","status":"publish","type":"product","link":"https:\/\/www.leus.com.br\/?product=cp9710-lima-pneumatica","title":{"rendered":"CP9710 &#8211; LIMA PNEUMATICA"},"content":{"rendered":"<p><strong>Benef\u00edcios<\/strong><\/p>\n<ul class=\"features_list\">\n<li>\n<h4>Ferramenta excelente para uso em \u00e1reas confinadas<\/h4>\n<\/li>\n<li>\n<h4>Ideal para trabalhos precisos<\/h4>\n<\/li>\n<li>\n<h4>Remo\u00e7\u00e3o de rebarbas ou apontamento de chapa de metal, ferro ou pl\u00e1stico<\/h4>\n<\/li>\n<\/ul>\n<p><strong>Caracter\u00edsticas<\/strong><\/p>\n<ul class=\"features_list\">\n<li>\n<h4>Lima pneum\u00e1tica de 0,4&#8243; (10 mm)<\/h4>\n<\/li>\n<li>\n<h4>Alto sopro por minuto e pot\u00eancia<\/h4>\n<\/li>\n<li>\n<h4>Acelerador com trava para evitar inicializa\u00e7\u00e3o acidental<\/h4>\n<\/li>\n<li>\n<h4>Entrada de ar com rota\u00e7\u00e3o 360\u00ba<\/h4>\n<\/li>\n<li>\n<h4>Empunhadura com apoio de borracha<\/h4>\n<\/li>\n<li>\n<h4>Inclui 4 tipos de file: plano, meio c\u00edrculo, circular e triangular<\/h4>\n<\/li>\n<\/ul>\n<table class=\"data sort_header\">\n<thead>\n<tr>\n<th colspan=\"3\"><\/th>\n<\/tr>\n<\/thead>\n<tbody>\n<tr class=\"\">\n<td class=\"h\">\n<h4>N\u00famero da pe\u00e7a<\/h4>\n<\/td>\n<td colspan=\"2\">\n<h4>6151939710<\/h4>\n<\/td>\n<\/tr>\n<tr class=\"\">\n<td class=\"h\">\n<h4>Modelo<\/h4>\n<\/td>\n<td colspan=\"2\">\n<h4>CP9710<\/h4>\n<\/td>\n<\/tr>\n<tr class=\"\">\n<td class=\"h\">\n<h4>Percursos por minuto<\/h4>\n<\/td>\n<td colspan=\"2\">\n<h4>8000<\/h4>\n<\/td>\n<\/tr>\n<tr class=\"\">\n<td class=\"h\">\n<h4>Percurso<\/h4>\n<\/td>\n<td>\n<h4>10\u00a0mm<\/h4>\n<\/td>\n<td class=\"blurred\">\n<h4>0.4&#8243;<\/h4>\n<\/td>\n<\/tr>\n<tr class=\"\">\n<td class=\"h\">\n<h4>Peso l\u00edquido<\/h4>\n<\/td>\n<td>\n<h4>0.59\u00a0kg<\/h4>\n<\/td>\n<td class=\"blurred\">\n<h4>1.3\u00a0lb<\/h4>\n<\/td>\n<\/tr>\n<tr class=\"over\">\n<td class=\"h\">\n<h4>Comprimento<\/h4>\n<\/td>\n<td>\n<h4>250\u00a0mm<\/h4>\n<\/td>\n<td class=\"blurred\">\n<h4>9.84&#8243;<\/h4>\n<\/td>\n<\/tr>\n<tr class=\"\">\n<td class=\"h\">\n<h4>Consumo m\u00e9dio de ar<\/h4>\n<\/td>\n<td>\n<h4>0.7\u00a0l\/s<\/h4>\n<\/td>\n<td class=\"blurred\">\n<h4>1 1\/2\u00a0cfm<\/h4>\n<\/td>\n<\/tr>\n<tr class=\"\">\n<td class=\"h\">\n<h4>Consumo real de ar<\/h4>\n<\/td>\n<td>\n<h4>2.8\u00a0l\/s<\/h4>\n<\/td>\n<td class=\"blurred\">\n<h4>6\u00a0cfm<\/h4>\n<\/td>\n<\/tr>\n<tr class=\"\">\n<td class=\"h\">\n<h4>Consumo real de ar<\/h4>\n<\/td>\n<td>\n<h4>168\u00a0l\/mn<\/h4>\n<\/td>\n<td class=\"blurred\">\n<h4>6\u00a0cfm<\/h4>\n<\/td>\n<\/tr>\n<tr class=\"\">\n<td class=\"h\">\n<h4>Tamanho da rosca da entrada de ar<\/h4>\n<\/td>\n<td colspan=\"2\">\n<h4>0.25\u00a0&#8220;<\/h4>\n<\/td>\n<\/tr>\n<tr class=\"\">\n<td class=\"h\">\n<h4>Tamanho min. mangueira<\/h4>\n<\/td>\n<td>\n<h4>10\u00a0mm<\/h4>\n<\/td>\n<td class=\"blurred\">\n<h4>3\/8&#8243;<\/h4>\n<\/td>\n<\/tr>\n<tr class=\"\">\n<td class=\"h\">\n<h4>N\u00edvel de ru\u00eddo<\/h4>\n<\/td>\n<td colspan=\"2\">\n<h4>63\u00a0db(A)<\/h4>\n<\/td>\n<\/tr>\n<tr class=\"\">\n<td class=\"h\">\n<h4>Press\u00e3o som DBA<\/h4>\n<\/td>\n<td colspan=\"2\">\n<h4>74\u00a0db(A)<\/h4>\n<\/td>\n<\/tr>\n<tr class=\"\">\n<td class=\"h\">\n<h4>Vibra\u00e7\u00e3o (ISO-8662-12)<\/h4>\n<\/td>\n<td colspan=\"2\">\n<h4>5\u00a0m\/s\u00b2<\/h4>\n<\/td>\n<\/tr>\n<tr class=\"\">\n<td class=\"h\">\n<h4>Vibra\u00e7\u00e3o \u03b1 (ISO-28927-8)<\/h4>\n<\/td>\n<td colspan=\"2\">\n<h4>5\u00a0m\/s\u00b2<\/h4>\n<\/td>\n<\/tr>\n<tr class=\"\">\n<td class=\"h\">\n<h4>Vibra\u00e7\u00e3o K (ISO-28927-8)<\/h4>\n<\/td>\n<td colspan=\"2\">\n<h4>3\u00a0m\/s\u00b2<\/h4>\n<\/td>\n<\/tr>\n<\/tbody>\n<\/table>\n","protected":false},"excerpt":{"rendered":"<ul class=\"features_list\">\n<li>\n<h4>Ferramenta excelente para uso em \u00e1reas confinadas<\/h4>\n<\/li>\n<li>\n<h4>Ideal para trabalhos precisos<\/h4>\n<\/li>\n<li>\n<h4>Remo\u00e7\u00e3o de rebarbas ou apontamento de chapa de metal, ferro ou pl\u00e1stico<\/h4>\n<\/li>\n<\/ul>\n","protected":false},"featured_media":3497,"template":"","meta":{"_links_to":"","_links_to_target":""},"product_cat":[37],"product_tag":[],"_links":{"self":[{"href":"https:\/\/www.leus.com.br\/index.php?rest_route=\/wp\/v2\/product\/1741"}],"collection":[{"href":"https:\/\/www.leus.com.br\/index.php?rest_route=\/wp\/v2\/product"}],"about":[{"href":"https:\/\/www.leus.com.br\/index.php?rest_route=\/wp\/v2\/types\/product"}],"wp:featuredmedia":[{"embeddable":true,"href":"https:\/\/www.leus.com.br\/index.php?rest_route=\/wp\/v2\/media\/3497"}],"wp:attachment":[{"href":"https:\/\/www.leus.com.br\/index.php?rest_route=%2Fwp%2Fv2%2Fmedia&parent=1741"}],"wp:term":[{"taxonomy":"product_cat","embeddable":true,"href":"https:\/\/www.leus.com.br\/index.php?rest_route=%2Fwp%2Fv2%2Fproduct_cat&post=1741"},{"taxonomy":"product_tag","embeddable":true,"href":"https:\/\/www.leus.com.br\/index.php?rest_route=%2Fwp%2Fv2%2Fproduct_tag&post=1741"}],"curies":[{"name":"wp","href":"https:\/\/api.w.org\/{rel}","templated":true}]}}