{"id":1743,"date":"2015-11-17T18:21:35","date_gmt":"2015-11-17T18:21:35","guid":{"rendered":"http:\/\/leus.com.br\/site\/?post_type=product&#038;p=1743"},"modified":"2016-11-28T17:25:29","modified_gmt":"2016-11-28T17:25:29","slug":"cp9882-rebitador","status":"publish","type":"product","link":"https:\/\/www.leus.com.br\/?product=cp9882-rebitador","title":{"rendered":"CP9882 &#8211; REBITADOR"},"content":{"rendered":"<p>&nbsp;<\/p>\n<p><strong>Caracter\u00edsticas<\/strong><\/p>\n<ul class=\"features_list\">\n<li>\n<h4>Rebitadora pneum\u00e1tica\/hidr\u00e1ulica<\/h4>\n<\/li>\n<li>\n<h4>Tamanho compacto<\/h4>\n<\/li>\n<li>\n<h4>Capacidade m\u00e1xima de 3\/16&#8243; (4,8 mm)<\/h4>\n<\/li>\n<li>\n<h4>Para rebites em alum\u00ednio, cobre e materiais leves<\/h4>\n<\/li>\n<li>\n<h4>For\u00e7a de tra\u00e7\u00e3o pesada: at\u00e9 2200 lb (1.000 kg)<\/h4>\n<\/li>\n<li>\n<h4>Recipiente transparente com furos para f\u00e1cil libera\u00e7\u00e3o de terminais de rebite<\/h4>\n<\/li>\n<li>\n<h4>Inclui: pe\u00e7as de bico para rebites de 3\/32&#8243;, 1\/8&#8243;, 5\/32&#8243; e 3\/16&#8243; (2.4, 3.2, 4 e 4.8 mm)<\/h4>\n<\/li>\n<\/ul>\n<table class=\"data sort_header\">\n<thead>\n<tr class=\"over\">\n<th colspan=\"3\"><\/th>\n<\/tr>\n<\/thead>\n<tbody>\n<tr class=\"\">\n<td class=\"h\">\n<h4>N\u00famero da pe\u00e7a<\/h4>\n<\/td>\n<td colspan=\"2\">\n<h4>8941098820<\/h4>\n<\/td>\n<\/tr>\n<tr class=\"\">\n<td class=\"h\">\n<h4>Modelo<\/h4>\n<\/td>\n<td colspan=\"2\">\n<h4>CP9882<\/h4>\n<\/td>\n<\/tr>\n<tr class=\"\">\n<td class=\"h\">\n<h4>Carga de tra\u00e7\u00e3o axial max<\/h4>\n<\/td>\n<td>\n<h4>1000\u00a0kg<\/h4>\n<\/td>\n<td class=\"blurred\">\n<h4>2200\u00a0lb<\/h4>\n<\/td>\n<\/tr>\n<tr class=\"\">\n<td class=\"h\">\n<h4>Peso l\u00edquido<\/h4>\n<\/td>\n<td>\n<h4>1.5\u00a0kg<\/h4>\n<\/td>\n<td class=\"blurred\">\n<h4>3.3\u00a0lb<\/h4>\n<\/td>\n<\/tr>\n<tr class=\"\">\n<td class=\"h\">\n<h4>Comprimento<\/h4>\n<\/td>\n<td>\n<h4>225\u00a0mm<\/h4>\n<\/td>\n<td class=\"blurred\">\n<h4>8.9&#8243;<\/h4>\n<\/td>\n<\/tr>\n<tr class=\"\">\n<td class=\"h\">\n<h4>Consumo m\u00e9dio de ar<\/h4>\n<\/td>\n<td>\n<h4>0.4\u00a0l\/s<\/h4>\n<\/td>\n<td class=\"blurred\">\n<h4>1\u00a0cfm<\/h4>\n<\/td>\n<\/tr>\n<tr class=\"\">\n<td class=\"h\">\n<h4>Consumo real de ar<\/h4>\n<\/td>\n<td>\n<h4>1.9\u00a0l\/s<\/h4>\n<\/td>\n<td class=\"blurred\">\n<h4>4\u00a0cfm<\/h4>\n<\/td>\n<\/tr>\n<tr class=\"\">\n<td class=\"h\">\n<h4>Consumo real de ar<\/h4>\n<\/td>\n<td>\n<h4>114\u00a0l\/mn<\/h4>\n<\/td>\n<td class=\"blurred\">\n<h4>4\u00a0cfm<\/h4>\n<\/td>\n<\/tr>\n<tr class=\"\">\n<td class=\"h\">\n<h4>Tamanho da rosca da entrada de ar<\/h4>\n<\/td>\n<td colspan=\"2\">\n<h4>0.25\u00a0&#8220;<\/h4>\n<\/td>\n<\/tr>\n<tr class=\"\">\n<td class=\"h\">\n<h4>Tamanho min. mangueira<\/h4>\n<\/td>\n<td>\n<h4>10\u00a0mm<\/h4>\n<\/td>\n<td class=\"blurred\">\n<h4>3\/8&#8243;<\/h4>\n<\/td>\n<\/tr>\n<tr class=\"\">\n<td class=\"h\">\n<h4>N\u00edvel de ru\u00eddo<\/h4>\n<\/td>\n<td colspan=\"2\">\n<h4>62\u00a0db(A)<\/h4>\n<\/td>\n<\/tr>\n<tr class=\"\">\n<td class=\"h\">\n<h4>Press\u00e3o som DBA<\/h4>\n<\/td>\n<td colspan=\"2\">\n<h4>73\u00a0db(A)<\/h4>\n<\/td>\n<\/tr>\n<tr class=\"\">\n<td class=\"h\">\n<h4>Vibra\u00e7\u00e3o (ISO-8662-12)<\/h4>\n<\/td>\n<td colspan=\"2\">\n<h4>&lt;2.5\u00a0m\/s\u00b2<\/h4>\n<\/td>\n<\/tr>\n<tr class=\"\">\n<td class=\"h\">\n<h4>Vibra\u00e7\u00e3o \u03b1 (ISO-28927-8)<\/h4>\n<\/td>\n<td colspan=\"2\">\n<h4>&lt;2.5\u00a0m\/s\u00b2<\/h4>\n<\/td>\n<\/tr>\n<\/tbody>\n<\/table>\n","protected":false},"excerpt":{"rendered":"<ul class=\"features_list\">\n<li>\n<h4>Constru\u00e7\u00e3o simples para todos os trabalhos de servi\u00e7o em ve\u00edculos<\/h4>\n<\/li>\n<li>\n<h4>\u00d3tima para pain\u00e9is de trailer, placas de n\u00famero e pain\u00e9is de carroceria de ve\u00edculos<\/h4>\n<\/li>\n<\/ul>\n","protected":false},"featured_media":3499,"template":"","meta":{"_links_to":"","_links_to_target":""},"product_cat":[37],"product_tag":[],"_links":{"self":[{"href":"https:\/\/www.leus.com.br\/index.php?rest_route=\/wp\/v2\/product\/1743"}],"collection":[{"href":"https:\/\/www.leus.com.br\/index.php?rest_route=\/wp\/v2\/product"}],"about":[{"href":"https:\/\/www.leus.com.br\/index.php?rest_route=\/wp\/v2\/types\/product"}],"wp:featuredmedia":[{"embeddable":true,"href":"https:\/\/www.leus.com.br\/index.php?rest_route=\/wp\/v2\/media\/3499"}],"wp:attachment":[{"href":"https:\/\/www.leus.com.br\/index.php?rest_route=%2Fwp%2Fv2%2Fmedia&parent=1743"}],"wp:term":[{"taxonomy":"product_cat","embeddable":true,"href":"https:\/\/www.leus.com.br\/index.php?rest_route=%2Fwp%2Fv2%2Fproduct_cat&post=1743"},{"taxonomy":"product_tag","embeddable":true,"href":"https:\/\/www.leus.com.br\/index.php?rest_route=%2Fwp%2Fv2%2Fproduct_tag&post=1743"}],"curies":[{"name":"wp","href":"https:\/\/api.w.org\/{rel}","templated":true}]}}