{"id":1745,"date":"2015-11-17T18:22:21","date_gmt":"2015-11-17T18:22:21","guid":{"rendered":"http:\/\/leus.com.br\/site\/?post_type=product&#038;p=1745"},"modified":"2018-10-05T17:20:22","modified_gmt":"2018-10-05T20:20:22","slug":"cp9883-rebitador","status":"publish","type":"product","link":"https:\/\/www.leus.com.br\/?product=cp9883-rebitador","title":{"rendered":"CP9883 &#8211; REBITADOR"},"content":{"rendered":"<p><strong>Caracter\u00edsticas<\/strong><\/p>\n<ul class=\"features_list\">\n<li>\n<h4>Rebitadora pneum\u00e1tica resistente<\/h4>\n<\/li>\n<li>\n<h4>Tamanho compacto e corpo de composto<\/h4>\n<\/li>\n<li>\n<h4>Capacidade m\u00e1xima de 3\/16&#8243; (4,8 mm)<\/h4>\n<\/li>\n<li>\n<h4>For\u00e7a de tra\u00e7\u00e3o pesada: at\u00e9 1900 lb (865 kg)<\/h4>\n<\/li>\n<li>\n<h4>Vibra\u00e7\u00e3o baixa e baixo n\u00edvel de ru\u00eddo<\/h4>\n<\/li>\n<li>\n<h4>Inclui: pe\u00e7as de bico de 3\/32&#8243;, 1\/8&#8243;, 5\/32&#8243; e 3\/16&#8243; (2.4, 3.2, 4 e 4.8 mm)<\/h4>\n<\/li>\n<li>\n<h4>Impulsor de garra para rebites de 2,4 e 3,2 mm, garras, seringa, chaves de servi\u00e7o e frasco de \u00f3leo<\/h4>\n<\/li>\n<\/ul>\n<table class=\"data sort_header\">\n<tbody>\n<tr class=\"\">\n<td class=\"h\">\n<h4>N\u00famero da pe\u00e7a<\/h4>\n<\/td>\n<td colspan=\"2\">\n<h4>8941098830<\/h4>\n<\/td>\n<\/tr>\n<tr class=\"\">\n<td class=\"h\">\n<h4>Modelo<\/h4>\n<\/td>\n<td colspan=\"2\">\n<h4>CP9883<\/h4>\n<\/td>\n<\/tr>\n<tr class=\"\">\n<td class=\"h\">\n<h4>Carga de tra\u00e7\u00e3o axial max<\/h4>\n<\/td>\n<td>\n<h4>865\u00a0kg<\/h4>\n<\/td>\n<td class=\"blurred\">\n<h4>1900\u00a0lb<\/h4>\n<\/td>\n<\/tr>\n<tr class=\"\">\n<td class=\"h\">\n<h4>Peso l\u00edquido<\/h4>\n<\/td>\n<td>\n<h4>1.46\u00a0kg<\/h4>\n<\/td>\n<td class=\"blurred\">\n<h4>3.2\u00a0lb<\/h4>\n<\/td>\n<\/tr>\n<tr class=\"\">\n<td class=\"h\">\n<h4>Comprimento<\/h4>\n<\/td>\n<td>\n<h4>300\u00a0mm<\/h4>\n<\/td>\n<td class=\"blurred\">\n<h4>11.8&#8243;<\/h4>\n<\/td>\n<\/tr>\n<tr class=\"\">\n<td class=\"h\">\n<h4>Consumo m\u00e9dio de ar<\/h4>\n<\/td>\n<td>\n<h4>0.5\u00a0l\/s<\/h4>\n<\/td>\n<td class=\"blurred\">\n<h4>1.15\u00a0cfm<\/h4>\n<\/td>\n<\/tr>\n<tr class=\"\">\n<td class=\"h\">\n<h4>Consumo real de ar<\/h4>\n<\/td>\n<td>\n<h4>2.1\u00a0l\/s<\/h4>\n<\/td>\n<td class=\"blurred\">\n<h4>4.5\u00a0cfm<\/h4>\n<\/td>\n<\/tr>\n<tr class=\"\">\n<td class=\"h\">\n<h4>Consumo real de ar<\/h4>\n<\/td>\n<td>\n<h4>126\u00a0l\/mn<\/h4>\n<\/td>\n<td class=\"blurred\">\n<h4>4.5\u00a0cfm<\/h4>\n<\/td>\n<\/tr>\n<tr class=\"\">\n<td class=\"h\">\n<h4>Tamanho da rosca da entrada de ar<\/h4>\n<\/td>\n<td colspan=\"2\">\n<h4>0.25\u00a0&#8220;<\/h4>\n<\/td>\n<\/tr>\n<tr class=\"\">\n<td class=\"h\">\n<h4>Tamanho min. mangueira<\/h4>\n<\/td>\n<td>\n<h4>10\u00a0mm<\/h4>\n<\/td>\n<td class=\"blurred\">\n<h4>3\/8&#8243;<\/h4>\n<\/td>\n<\/tr>\n<tr class=\"\">\n<td class=\"h\">\n<h4>N\u00edvel de ru\u00eddo<\/h4>\n<\/td>\n<td colspan=\"2\">\n<h4>55\u00a0db(A)<\/h4>\n<\/td>\n<\/tr>\n<tr class=\"\">\n<td class=\"h\">\n<h4>Press\u00e3o som DBA<\/h4>\n<\/td>\n<td colspan=\"2\">\n<h4>66\u00a0db(A)<\/h4>\n<\/td>\n<\/tr>\n<tr class=\"\">\n<td class=\"h\">\n<h4>Vibra\u00e7\u00e3o (ISO-8662-12)<\/h4>\n<\/td>\n<td colspan=\"2\">\n<h4>&lt;2.5\u00a0m\/s\u00b2<\/h4>\n<\/td>\n<\/tr>\n<tr class=\"\">\n<td class=\"h\">Vibra\u00e7\u00e3o \u03b1 (ISO-28927-8)<\/td>\n<td colspan=\"2\">&lt;2.5\u00a0m\/s\u00b2<\/td>\n<\/tr>\n<\/tbody>\n<\/table>\n","protected":false},"excerpt":{"rendered":"<ul class=\"features_list\">\n<li>\n<h4>Maior n\u00famero de aplica\u00e7\u00f5es<\/h4>\n<\/li>\n<li>\n<h4>Dur\u00e1vel, confi\u00e1vel e f\u00e1cil de usar<\/h4>\n<\/li>\n<li>\n<h4>Maximize o conforto do operador<\/h4>\n<\/li>\n<\/ul>\n","protected":false},"featured_media":3943,"template":"","meta":{"_links_to":"","_links_to_target":""},"product_cat":[37],"product_tag":[],"_links":{"self":[{"href":"https:\/\/www.leus.com.br\/index.php?rest_route=\/wp\/v2\/product\/1745"}],"collection":[{"href":"https:\/\/www.leus.com.br\/index.php?rest_route=\/wp\/v2\/product"}],"about":[{"href":"https:\/\/www.leus.com.br\/index.php?rest_route=\/wp\/v2\/types\/product"}],"wp:featuredmedia":[{"embeddable":true,"href":"https:\/\/www.leus.com.br\/index.php?rest_route=\/wp\/v2\/media\/3943"}],"wp:attachment":[{"href":"https:\/\/www.leus.com.br\/index.php?rest_route=%2Fwp%2Fv2%2Fmedia&parent=1745"}],"wp:term":[{"taxonomy":"product_cat","embeddable":true,"href":"https:\/\/www.leus.com.br\/index.php?rest_route=%2Fwp%2Fv2%2Fproduct_cat&post=1745"},{"taxonomy":"product_tag","embeddable":true,"href":"https:\/\/www.leus.com.br\/index.php?rest_route=%2Fwp%2Fv2%2Fproduct_tag&post=1745"}],"curies":[{"name":"wp","href":"https:\/\/api.w.org\/{rel}","templated":true}]}}