{"id":1774,"date":"2015-11-17T18:46:56","date_gmt":"2015-11-17T18:46:56","guid":{"rendered":"http:\/\/leus.com.br\/site\/?post_type=product&#038;p=1774"},"modified":"2016-11-23T15:52:14","modified_gmt":"2016-11-23T15:52:14","slug":"cp887-furadeira-38","status":"publish","type":"product","link":"https:\/\/www.leus.com.br\/?product=cp887-furadeira-38","title":{"rendered":"CP887 &#8211; FURADEIRA 3\/8&#8243;"},"content":{"rendered":"<p>&nbsp;<\/p>\n<p><strong>Caracter\u00edsticas<\/strong><\/p>\n<ul class=\"features_list\">\n<li>\n<h4>Furadeira reta de 3\/8&#8243; (10 mm).<\/h4>\n<\/li>\n<li>\n<h4>Mandril Jacobs de alto desempenho.<\/h4>\n<\/li>\n<li>\n<h4>Regulador interno para controle eficiente.<\/h4>\n<\/li>\n<\/ul>\n<table class=\"data sort_header\">\n<tbody>\n<tr class=\"over\">\n<td class=\"h\">\n<h4>N\u00famero da pe\u00e7a<\/h4>\n<\/td>\n<td colspan=\"2\">\n<h4>T025376<\/h4>\n<\/td>\n<\/tr>\n<tr class=\"\">\n<td class=\"h\">\n<h4>Modelo<\/h4>\n<\/td>\n<td colspan=\"2\">\n<h4>CP887<\/h4>\n<\/td>\n<\/tr>\n<tr class=\"\">\n<td class=\"h\">\n<h4>Capacidade do mandril<\/h4>\n<\/td>\n<td>\n<h4>10\u00a0mm<\/h4>\n<\/td>\n<td class=\"blurred\">\n<h4>3\/8&#8243;<\/h4>\n<\/td>\n<\/tr>\n<tr class=\"\">\n<td class=\"h\">\n<h4>Velocidade livre<\/h4>\n<\/td>\n<td colspan=\"2\">\n<h4>2800\u00a0rpm<\/h4>\n<\/td>\n<\/tr>\n<tr>\n<td class=\"h\">\n<h4>Energia<\/h4>\n<\/td>\n<td colspan=\"2\">\n<h4>375\u00a0W<\/h4>\n<\/td>\n<\/tr>\n<tr class=\"\">\n<td class=\"h\">\n<h4>Torque Stall<\/h4>\n<\/td>\n<td>\n<h4>5.3\u00a0Nm<\/h4>\n<\/td>\n<td class=\"blurred\">\n<h4>3.9\u00a0p\u00e9s.lbs<\/h4>\n<\/td>\n<\/tr>\n<tr>\n<td class=\"h\">\n<h4>Peso l\u00edquido<\/h4>\n<\/td>\n<td>\n<h4>1.02\u00a0kg<\/h4>\n<\/td>\n<td class=\"blurred\">\n<h4>2.3\u00a0lb<\/h4>\n<\/td>\n<\/tr>\n<tr class=\"\">\n<td class=\"h\">\n<h4>Comprimento<\/h4>\n<\/td>\n<td>\n<h4>203\u00a0mm<\/h4>\n<\/td>\n<td class=\"blurred\">\n<h4>8&#8243;<\/h4>\n<\/td>\n<\/tr>\n<tr class=\"\">\n<td class=\"h\">\n<h4>Consumo m\u00e9dio de ar<\/h4>\n<\/td>\n<td>\n<h4>3.2\u00a0l\/s<\/h4>\n<\/td>\n<td class=\"blurred\">\n<h4>6.8\u00a0cfm<\/h4>\n<\/td>\n<\/tr>\n<tr>\n<td class=\"h\">\n<h4>Consumo m\u00e9dio de ar<\/h4>\n<\/td>\n<td>\n<h4>191\u00a0l\/mn<\/h4>\n<\/td>\n<td class=\"blurred\">\n<h4>6.8\u00a0cfm<\/h4>\n<\/td>\n<\/tr>\n<tr class=\"\">\n<td class=\"h\">\n<h4>Consumo real de ar<\/h4>\n<\/td>\n<td>\n<h4>13\u00a0l\/s<\/h4>\n<\/td>\n<td class=\"blurred\">\n<h4>27\u00a0cfm<\/h4>\n<\/td>\n<\/tr>\n<tr class=\"\">\n<td class=\"h\">\n<h4>Consumo real de ar<\/h4>\n<\/td>\n<td>\n<h4>765\u00a0l\/mn<\/h4>\n<\/td>\n<td class=\"blurred\">\n<h4>27\u00a0cfm<\/h4>\n<\/td>\n<\/tr>\n<tr class=\"\">\n<td class=\"h\">\n<h4>Consumo de ar em velocidade livre<\/h4>\n<\/td>\n<td>\n<h4>12.17\u00a0l\/s<\/h4>\n<\/td>\n<td class=\"blurred\">\n<h4>25.7838983050847\u00a0cfm<\/h4>\n<\/td>\n<\/tr>\n<tr class=\"\">\n<td class=\"h\">\n<h4>Tamanho da rosca da entrada de ar<\/h4>\n<\/td>\n<td colspan=\"2\">\n<h4>0.25\u00a0&#8220;<\/h4>\n<\/td>\n<\/tr>\n<tr class=\"\">\n<td class=\"h\">\n<h4>Tamanho min. mangueira<\/h4>\n<\/td>\n<td>\n<h4>10\u00a0mm<\/h4>\n<\/td>\n<td class=\"blurred\">\n<h4>3\/8&#8243;<\/h4>\n<\/td>\n<\/tr>\n<tr class=\"\">\n<td class=\"h\">\n<h4>N\u00edvel de ru\u00eddo<\/h4>\n<\/td>\n<td colspan=\"2\">\n<h4>99\u00a0db(A)<\/h4>\n<\/td>\n<\/tr>\n<tr class=\"\">\n<td class=\"h\">\n<h4>Pot\u00eancia de som<\/h4>\n<\/td>\n<td colspan=\"2\">\n<h4>110\u00a0db(A)<\/h4>\n<\/td>\n<\/tr>\n<tr class=\"\">\n<td class=\"h\">\n<h4>Vibra\u00e7\u00e3o (ISO-8662-6)<\/h4>\n<\/td>\n<td colspan=\"2\">\n<h4>&lt;2.5\u00a0m\/s\u00b2<\/h4>\n<\/td>\n<\/tr>\n<tr class=\"\">\n<td class=\"h\">\n<h4>Vibra\u00e7\u00e3o \u03b1 (ISO-28927-5)<\/h4>\n<\/td>\n<td colspan=\"2\">\n<h4>&lt;2.5\u00a0m\/s\u00b2<\/h4>\n<\/td>\n<\/tr>\n<tr class=\"\">\n<td class=\"h\">\n<h4>Vibra\u00e7\u00e3o K (ISO-28927-5)<\/h4>\n<\/td>\n<td colspan=\"2\">\n<h4>&#8211;\u00a0m\/s\u00b2<\/h4>\n<\/td>\n<\/tr>\n<\/tbody>\n<\/table>\n","protected":false},"excerpt":{"rendered":"<ul class=\"features_list\">\n<li>\n<h4>Potente e r\u00e1pida.<\/h4>\n<\/li>\n<li>\n<h4>Durabilidade e produtividade.<\/h4>\n<\/li>\n<li>\n<h4>Ferramenta perfeita para fura\u00e7\u00e3o vertical e para alcan\u00e7ar \u00e1reas confinadas.<\/h4>\n<\/li>\n<\/ul>\n","protected":false},"featured_media":3234,"template":"","meta":{"_links_to":"","_links_to_target":""},"product_cat":[30],"product_tag":[],"_links":{"self":[{"href":"https:\/\/www.leus.com.br\/index.php?rest_route=\/wp\/v2\/product\/1774"}],"collection":[{"href":"https:\/\/www.leus.com.br\/index.php?rest_route=\/wp\/v2\/product"}],"about":[{"href":"https:\/\/www.leus.com.br\/index.php?rest_route=\/wp\/v2\/types\/product"}],"wp:featuredmedia":[{"embeddable":true,"href":"https:\/\/www.leus.com.br\/index.php?rest_route=\/wp\/v2\/media\/3234"}],"wp:attachment":[{"href":"https:\/\/www.leus.com.br\/index.php?rest_route=%2Fwp%2Fv2%2Fmedia&parent=1774"}],"wp:term":[{"taxonomy":"product_cat","embeddable":true,"href":"https:\/\/www.leus.com.br\/index.php?rest_route=%2Fwp%2Fv2%2Fproduct_cat&post=1774"},{"taxonomy":"product_tag","embeddable":true,"href":"https:\/\/www.leus.com.br\/index.php?rest_route=%2Fwp%2Fv2%2Fproduct_tag&post=1774"}],"curies":[{"name":"wp","href":"https:\/\/api.w.org\/{rel}","templated":true}]}}