{"id":1795,"date":"2015-11-17T19:03:07","date_gmt":"2015-11-17T19:03:07","guid":{"rendered":"http:\/\/leus.com.br\/site\/?post_type=product&#038;p=1795"},"modified":"2016-11-29T12:05:36","modified_gmt":"2016-11-29T12:05:36","slug":"cp7220sve-lixadeira-orbital-6","status":"publish","type":"product","link":"https:\/\/www.leus.com.br\/?product=cp7220sve-lixadeira-orbital-6","title":{"rendered":"CP7220SVE &#8211; LIXADEIRA ORBITAL 6&#8243;"},"content":{"rendered":"<table class=\"data sort_header\">\n<tbody>\n<tr class=\"\">\n<td class=\"h\">\n<h4>N\u00famero da pe\u00e7a<\/h4>\n<\/td>\n<td colspan=\"2\">\n<h4>8941272202<\/h4>\n<\/td>\n<\/tr>\n<tr class=\"\">\n<td class=\"h\">\n<h4>Modelo<\/h4>\n<\/td>\n<td colspan=\"2\">\n<h4>CP7220SVE<\/h4>\n<\/td>\n<\/tr>\n<tr>\n<td class=\"h\">\n<h4>Di\u00e2metro da base<\/h4>\n<\/td>\n<td>\n<h4>150\u00a0mm<\/h4>\n<\/td>\n<td class=\"blurred\">\n<h4>6&#8243;<\/h4>\n<\/td>\n<\/tr>\n<tr>\n<td class=\"h\">\n<h4>Tipo de base de velcro<\/h4>\n<\/td>\n<td colspan=\"2\">\n<h4>sim<\/h4>\n<\/td>\n<\/tr>\n<tr>\n<td class=\"h\">\n<h4>Tipo de base PSA<\/h4>\n<\/td>\n<td colspan=\"2\">\n<h4>n\u00e3o<\/h4>\n<\/td>\n<\/tr>\n<tr class=\"\">\n<td class=\"h\">\n<h4>Tipo de base<\/h4>\n<\/td>\n<td colspan=\"2\">\n<h4>H&amp;L<\/h4>\n<\/td>\n<\/tr>\n<tr class=\"\">\n<td class=\"h\">\n<h4>Tamanho do papel<\/h4>\n<\/td>\n<td>\n<h4>150\u00a0mm<\/h4>\n<\/td>\n<td class=\"blurred\">\n<h4>6&#8243;<\/h4>\n<\/td>\n<\/tr>\n<tr class=\"\">\n<td class=\"h\">\n<h4>Di\u00e2metro da \u00f3rbita<\/h4>\n<\/td>\n<td>\n<h4>2.5\u00a0mm<\/h4>\n<\/td>\n<td class=\"blurred\">\n<h4>3\/32&#8243;<\/h4>\n<\/td>\n<\/tr>\n<tr class=\"\">\n<td class=\"h\">\n<h4>Velocidade livre<\/h4>\n<\/td>\n<td colspan=\"2\">\n<h4>12000\u00a0rpm<\/h4>\n<\/td>\n<\/tr>\n<tr class=\"\">\n<td class=\"h\">\n<h4>Energia<\/h4>\n<\/td>\n<td>\n<h4>210\u00a0W<\/h4>\n<\/td>\n<td class=\"blurred\">\n<h4>0.3\u00a0hp<\/h4>\n<\/td>\n<\/tr>\n<tr class=\"\">\n<td class=\"h\">\n<h4>Auto aspira\u00e7\u00e3o<\/h4>\n<\/td>\n<td colspan=\"2\">\n<h4>Auto aspira\u00e7\u00e3o<\/h4>\n<\/td>\n<\/tr>\n<tr class=\"\">\n<td class=\"h\">\n<h4>V\u00e1cuo<\/h4>\n<\/td>\n<td colspan=\"2\">\n<h4>Auto aspira\u00e7\u00e3o<\/h4>\n<\/td>\n<\/tr>\n<tr class=\"\">\n<td class=\"h\">\n<h4>N\u00famero de furos na base<\/h4>\n<\/td>\n<td colspan=\"2\">\n<h4>6<\/h4>\n<\/td>\n<\/tr>\n<tr>\n<td class=\"h\">\n<h4>Rosca da Haste<\/h4>\n<\/td>\n<td colspan=\"2\">\n<h4>5\/16-24<\/h4>\n<\/td>\n<\/tr>\n<tr>\n<td class=\"h\">\n<h4>Peso l\u00edquido<\/h4>\n<\/td>\n<td>\n<h4>0.77\u00a0kg<\/h4>\n<\/td>\n<td class=\"blurred\">\n<h4>1.7\u00a0lb<\/h4>\n<\/td>\n<\/tr>\n<tr class=\"\">\n<td class=\"h\">\n<h4>N\u00edvel de ru\u00eddo<\/h4>\n<\/td>\n<td colspan=\"2\">\n<h4>76\u00a0db(A)<\/h4>\n<\/td>\n<\/tr>\n<tr>\n<td class=\"h\">\n<h4>Pot\u00eancia de som<\/h4>\n<\/td>\n<td colspan=\"2\">\n<h4>87\u00a0db(A)<\/h4>\n<\/td>\n<\/tr>\n<tr>\n<td class=\"h\">\n<h4>Vibra\u00e7\u00e3o (ISO-8662-8)<\/h4>\n<\/td>\n<td colspan=\"2\">\n<h4>&lt;2.5\u00a0m\/s\u00b2<\/h4>\n<\/td>\n<\/tr>\n<tr>\n<td class=\"h\">\n<h4>Vibra\u00e7\u00e3o \u03b1 (ISO-28927-3)<\/h4>\n<\/td>\n<td colspan=\"2\">\n<h4>3.2\u00a0m\/s\u00b2<\/h4>\n<\/td>\n<\/tr>\n<tr>\n<td class=\"h\">\n<h4>Vibra\u00e7\u00e3o K (ISO-28927-3)<\/h4>\n<\/td>\n<td colspan=\"2\">\n<h4>1.4\u00a0m\/s\u00b2<\/h4>\n<\/td>\n<\/tr>\n<tr>\n<td class=\"h\">\n<h4>Consumo m\u00e9dio de ar<\/h4>\n<\/td>\n<td>\n<h4>3.8\u00a0l\/s<\/h4>\n<\/td>\n<td class=\"blurred\">\n<h4>8\u00a0cfm<\/h4>\n<\/td>\n<\/tr>\n<tr>\n<td class=\"h\">\n<h4>Consumo m\u00e9dio de ar<\/h4>\n<\/td>\n<td>\n<h4>226.8\u00a0l\/mn<\/h4>\n<\/td>\n<td class=\"blurred\">\n<h4>8\u00a0cfm<\/h4>\n<\/td>\n<\/tr>\n<tr>\n<td class=\"h\">\n<h4>Consumo real de ar<\/h4>\n<\/td>\n<td>\n<h4>7.8\u00a0l\/s<\/h4>\n<\/td>\n<td class=\"blurred\">\n<h4>16.6\u00a0cfm<\/h4>\n<\/td>\n<\/tr>\n<tr class=\"\">\n<td class=\"h\">\n<h4>Consumo real de ar<\/h4>\n<\/td>\n<td>\n<h4>470\u00a0l\/mn<\/h4>\n<\/td>\n<td class=\"blurred\">\n<h4>16.6\u00a0cfm<\/h4>\n<\/td>\n<\/tr>\n<tr class=\"\">\n<td class=\"h\">\n<h4>Consumo de ar em velocidade livre<\/h4>\n<\/td>\n<td>\n<h4>7.8\u00a0l\/s<\/h4>\n<\/td>\n<td class=\"blurred\">\n<h4>16.6\u00a0cfm<\/h4>\n<\/td>\n<\/tr>\n<tr class=\"\">\n<td class=\"h\">\n<h4>Tamanho min. mangueira<\/h4>\n<\/td>\n<td>\n<h4>10\u00a0mm<\/h4>\n<\/td>\n<td class=\"blurred\">\n<h4>3\/8&#8243;<\/h4>\n<\/td>\n<\/tr>\n<tr class=\"\">\n<td class=\"h\">\n<h4>Tamanho da rosca da entrada de ar<\/h4>\n<\/td>\n<td colspan=\"2\">\n<h4>1\/4<\/h4>\n<\/td>\n<\/tr>\n<\/tbody>\n<\/table>\n","protected":false},"excerpt":{"rendered":"<ul class=\"features_list\">\n<li>\n<h4>A lixadeira mais robusta dispon\u00edvel no mercado de 0,3 hp (210 W) para pot\u00eancia de lixamento sem precedentes<\/h4>\n<\/li>\n<li>\n<h4>Opera\u00e7\u00e3o livre de \u00f3leo para manter contaminantes longe do processo de lixamento<\/h4>\n<\/li>\n<li>\n<h4>Modelo de v\u00e1cuo autom\u00e1tico (Venturi) dispon\u00edvel em blocos de PSA e velcro<\/h4>\n<\/li>\n<li>\n<h4>Usada para lixamento final, acabamento e processos de pr\u00e9-polimento<\/h4>\n<\/li>\n<\/ul>\n","protected":false},"featured_media":3601,"template":"","meta":{"_links_to":"","_links_to_target":""},"product_cat":[73],"product_tag":[],"_links":{"self":[{"href":"https:\/\/www.leus.com.br\/index.php?rest_route=\/wp\/v2\/product\/1795"}],"collection":[{"href":"https:\/\/www.leus.com.br\/index.php?rest_route=\/wp\/v2\/product"}],"about":[{"href":"https:\/\/www.leus.com.br\/index.php?rest_route=\/wp\/v2\/types\/product"}],"wp:featuredmedia":[{"embeddable":true,"href":"https:\/\/www.leus.com.br\/index.php?rest_route=\/wp\/v2\/media\/3601"}],"wp:attachment":[{"href":"https:\/\/www.leus.com.br\/index.php?rest_route=%2Fwp%2Fv2%2Fmedia&parent=1795"}],"wp:term":[{"taxonomy":"product_cat","embeddable":true,"href":"https:\/\/www.leus.com.br\/index.php?rest_route=%2Fwp%2Fv2%2Fproduct_cat&post=1795"},{"taxonomy":"product_tag","embeddable":true,"href":"https:\/\/www.leus.com.br\/index.php?rest_route=%2Fwp%2Fv2%2Fproduct_tag&post=1795"}],"curies":[{"name":"wp","href":"https:\/\/api.w.org\/{rel}","templated":true}]}}