{"id":207,"date":"2015-09-24T19:46:41","date_gmt":"2015-09-24T19:46:41","guid":{"rendered":"http:\/\/leus.com.br\/site\/?post_type=product&#038;p=207"},"modified":"2019-03-28T08:49:26","modified_gmt":"2019-03-28T11:49:26","slug":"ab-80-spray-lubrificante","status":"publish","type":"product","link":"https:\/\/www.leus.com.br\/?product=ab-80-spray-lubrificante","title":{"rendered":"Abro &#8211; AB-80 &#8211;  283gr"},"content":{"rendered":"<h4>\u00a0Protege contra a corros\u00e3o atrav\u00e9s de forma\u00e7\u00e3o de uma pel\u00edcula ultra fina formando um revestimento da superf\u00edcie e preenchendo os micro poros do metal facilitando a libera\u00e7\u00e3o de porcas e parafusos enferrujados.<\/h4>\n<h4><a href=\"http:\/\/leus.com.br\/site\/wp-content\/uploads\/2015\/09\/AB-80-Ficha-de-Informa\u00e7\u00e3o-de-Seguran\u00e7a.pdf\">AB 80 &#8211; Ficha de Informa\u00e7\u00e3o de Seguran\u00e7a<\/a><\/h4>\n<h4>Un: 283gr<\/h4>\n<div class='et_post_video'><iframe width=\"1080\" height=\"608\" src=\"https:\/\/www.youtube.com\/embed\/-mmBetHs_WQ?feature=oembed\" frameborder=\"0\" allow=\"accelerometer; autoplay; encrypted-media; gyroscope; picture-in-picture\" allowfullscreen><\/iframe><\/div>\n","protected":false},"excerpt":{"rendered":"<h4><\/h4>\n<h4>O desengripante\u00a0 AB &#8211; 80 da Abro cont\u00e9m uma mistura complexa de produtos petrol\u00edferos leves com\u00a0 teflon.<\/h4>\n<h4>Protege contra a corros\u00e3o entrando nas microp\u00f3ros do metal. Este lubrificante \u00e9 projetado para v\u00e1rios trabalhos de manuten\u00e7\u00e3o preventiva e pode ser utilizado nas mais diversas atividades.<\/h4>\n<h4>&#8211; Remove qualquer tipo de rangido.<\/h4>\n<h4>&#8211; Lubrifica e protege contra a corros\u00e3o.<\/h4>\n<h4>&#8211; Repele\u00a0 a umidade.<\/h4>\n<h4>Cont\u00e9m 300ml\/ 283 gramas de produto.<\/h4>\n<p><b>Caixa com 12 unidades.<\/b><\/p>\n<h4><span style=\"color: #ff0000;\">Para saber o valor por caixa, por gentileza entre em contato conosco.<\/span><\/h4>\n<h4>Un: 283gr<\/h4>\n<h4><\/h4>\n<h4><\/h4>\n","protected":false},"featured_media":5299,"template":"","meta":{"_links_to":"","_links_to_target":""},"product_cat":[11],"product_tag":[],"_links":{"self":[{"href":"https:\/\/www.leus.com.br\/index.php?rest_route=\/wp\/v2\/product\/207"}],"collection":[{"href":"https:\/\/www.leus.com.br\/index.php?rest_route=\/wp\/v2\/product"}],"about":[{"href":"https:\/\/www.leus.com.br\/index.php?rest_route=\/wp\/v2\/types\/product"}],"wp:featuredmedia":[{"embeddable":true,"href":"https:\/\/www.leus.com.br\/index.php?rest_route=\/wp\/v2\/media\/5299"}],"wp:attachment":[{"href":"https:\/\/www.leus.com.br\/index.php?rest_route=%2Fwp%2Fv2%2Fmedia&parent=207"}],"wp:term":[{"taxonomy":"product_cat","embeddable":true,"href":"https:\/\/www.leus.com.br\/index.php?rest_route=%2Fwp%2Fv2%2Fproduct_cat&post=207"},{"taxonomy":"product_tag","embeddable":true,"href":"https:\/\/www.leus.com.br\/index.php?rest_route=%2Fwp%2Fv2%2Fproduct_tag&post=207"}],"curies":[{"name":"wp","href":"https:\/\/api.w.org\/{rel}","templated":true}]}}