{"id":2168,"date":"2015-11-26T10:32:38","date_gmt":"2015-11-26T10:32:38","guid":{"rendered":"http:\/\/leus.com.br\/site\/?post_type=product&#038;p=2168"},"modified":"2020-06-02T13:16:24","modified_gmt":"2020-06-02T16:16:24","slug":"ec-503-engine-coolant","status":"publish","type":"product","link":"https:\/\/www.leus.com.br\/?product=ec-503-engine-coolant","title":{"rendered":"Engine Coolant Verde &#8211; EC 503 &#8211;  946ml"},"content":{"rendered":"<div class=\"tw-swapa\">\n<h4><em>MODO DE USO<\/em><\/h4>\n<h4><\/h4>\n<h4>Siga recomenda\u00e7\u00f5es dos fabricantes na propor\u00e7\u00e3o ideal para cada veiculo. Aplicar diretamente no reservat\u00f3rio do radiador para completar o n\u00edvel ou para trocar total. N\u00c3O REMOVER A TAMPA DO RADIADOR OU DO RESERVAT\u00d3RIO COM O MOTOR QUENTE.<\/h4>\n<p><a href=\"http:\/\/leus.com.br\/site\/wp-content\/uploads\/2015\/11\/EC-503-32-FISPQ-2.pdf\">EC 503 32 &#8211; FISPQ 2<\/a><\/p>\n<h4>MANTER FORA DO ALCANCE DAS CRIAN\u00c7AS!<\/h4>\n<h4><\/h4>\n<h4>Un: 946ml<\/h4>\n<h4><\/h4>\n<\/div>\n","protected":false},"excerpt":{"rendered":"<div class=\"tw-swapa\">\n<h4 id=\"tw-target-text-container\" class=\"tw-ta-container tw-nfl\">Produto com base (dilu\u00edda) em etilenoglicol com resist\u00eancia t\u00e9rmica tanto no ver\u00e3o quanto no inverno prevenindo contra ferrugem tanto no ver\u00e3o quanto no inverno.<\/h4>\n<h4 class=\"tw-ta-container tw-nfl\">Protege a Bomba da \u00c1gua.<\/h4>\n<\/div>\n<h4 class=\"tw-ta-container tw-nfl\"><span style=\"color: #ff0000;\">\u00a0Para saber o valor por caixa, por gentileza entre em contato conosco.<\/span><\/h4>\n","protected":false},"featured_media":5184,"template":"","meta":{"_links_to":"","_links_to_target":""},"product_cat":[15],"product_tag":[],"_links":{"self":[{"href":"https:\/\/www.leus.com.br\/index.php?rest_route=\/wp\/v2\/product\/2168"}],"collection":[{"href":"https:\/\/www.leus.com.br\/index.php?rest_route=\/wp\/v2\/product"}],"about":[{"href":"https:\/\/www.leus.com.br\/index.php?rest_route=\/wp\/v2\/types\/product"}],"wp:featuredmedia":[{"embeddable":true,"href":"https:\/\/www.leus.com.br\/index.php?rest_route=\/wp\/v2\/media\/5184"}],"wp:attachment":[{"href":"https:\/\/www.leus.com.br\/index.php?rest_route=%2Fwp%2Fv2%2Fmedia&parent=2168"}],"wp:term":[{"taxonomy":"product_cat","embeddable":true,"href":"https:\/\/www.leus.com.br\/index.php?rest_route=%2Fwp%2Fv2%2Fproduct_cat&post=2168"},{"taxonomy":"product_tag","embeddable":true,"href":"https:\/\/www.leus.com.br\/index.php?rest_route=%2Fwp%2Fv2%2Fproduct_tag&post=2168"}],"curies":[{"name":"wp","href":"https:\/\/api.w.org\/{rel}","templated":true}]}}