{"id":2274,"date":"2015-12-03T12:26:11","date_gmt":"2015-12-03T12:26:11","guid":{"rendered":"http:\/\/leus.com.br\/site\/?post_type=product&#038;p=2274"},"modified":"2019-01-24T14:59:30","modified_gmt":"2019-01-24T16:59:30","slug":"abro-tl-342-blue-threadlok-removable-6ml","status":"publish","type":"product","link":"https:\/\/www.leus.com.br\/?product=abro-tl-342-blue-threadlok-removable-6ml","title":{"rendered":"Blue Threadlok\u2122 Removable &#8211; TL-342 &#8211; 6ml"},"content":{"rendered":"<p>&nbsp;<\/p>\n<div class='et_post_video'><iframe width=\"1080\" height=\"608\" src=\"https:\/\/www.youtube.com\/embed\/TIcamivCinI?feature=oembed\" frameborder=\"0\" allow=\"accelerometer; autoplay; encrypted-media; gyroscope; picture-in-picture\" allowfullscreen><\/iframe><\/div>\n","protected":false},"excerpt":{"rendered":"<ul>\n<li>\n<h4><span id=\"result_box\" class=\"\" lang=\"pt\">Adesivo de f<span class=\"hps\">or\u00e7a<\/span> m<span class=\"hps\">\u00e9dia<\/span> <span class=\"hps\">para<\/span>\u00a0fixadores\u00a0<span class=\"hps\">de 1\/4<\/span> <span class=\"hps atn\">&#8220;<\/span>e acima.<\/span><\/h4>\n<\/li>\n<li>\n<h4><span id=\"result_box\" class=\"short_text\" lang=\"pt\"><span class=\"hps\">Impede<\/span><span class=\"hps\"> afrouxamento pe\u00e7as de<\/span> <span class=\"hps\">devido \u00e0 vibra\u00e7\u00e3o.<\/span><\/span><\/h4>\n<\/li>\n<li>\n<h4><span id=\"result_box\" class=\"short_text\" lang=\"pt\"><span class=\"hps\">Permite a<\/span> <span class=\"hps\">f\u00e1cil desmontagem<\/span> q<span class=\"hps\">uando<\/span> n<span class=\"hps\">ecess\u00e1rio.<\/span><\/span><\/h4>\n<\/li>\n<\/ul>\n<h4>Un: 6ml<\/h4>\n<h4><\/h4>\n<p>&nbsp;<\/p>\n","protected":false},"featured_media":5157,"template":"","meta":{"_links_to":"","_links_to_target":""},"product_cat":[11],"product_tag":[],"_links":{"self":[{"href":"https:\/\/www.leus.com.br\/index.php?rest_route=\/wp\/v2\/product\/2274"}],"collection":[{"href":"https:\/\/www.leus.com.br\/index.php?rest_route=\/wp\/v2\/product"}],"about":[{"href":"https:\/\/www.leus.com.br\/index.php?rest_route=\/wp\/v2\/types\/product"}],"wp:featuredmedia":[{"embeddable":true,"href":"https:\/\/www.leus.com.br\/index.php?rest_route=\/wp\/v2\/media\/5157"}],"wp:attachment":[{"href":"https:\/\/www.leus.com.br\/index.php?rest_route=%2Fwp%2Fv2%2Fmedia&parent=2274"}],"wp:term":[{"taxonomy":"product_cat","embeddable":true,"href":"https:\/\/www.leus.com.br\/index.php?rest_route=%2Fwp%2Fv2%2Fproduct_cat&post=2274"},{"taxonomy":"product_tag","embeddable":true,"href":"https:\/\/www.leus.com.br\/index.php?rest_route=%2Fwp%2Fv2%2Fproduct_tag&post=2274"}],"curies":[{"name":"wp","href":"https:\/\/api.w.org\/{rel}","templated":true}]}}