{"id":2279,"date":"2015-12-03T12:45:29","date_gmt":"2015-12-03T12:45:29","guid":{"rendered":"http:\/\/leus.com.br\/site\/?post_type=product&#038;p=2279"},"modified":"2019-01-24T17:11:59","modified_gmt":"2019-01-24T19:11:59","slug":"abro-tl-571-abrolok-permanent-threadlock-50ml","status":"publish","type":"product","link":"https:\/\/www.leus.com.br\/?product=abro-tl-571-abrolok-permanent-threadlock-50ml","title":{"rendered":"Abrolok\u00ae Permanent Threadlok &#8211; TL-571 &#8211; 50ml"},"content":{"rendered":"<p><b>\u00a0<\/b><\/p>\n<h4>Produto ideal para a fixa\u00e7\u00e3o de uni\u00f5es roscadas que n\u00e3o necessitem de desmontagem frequentemente, resistente a maioria dos produtos qu\u00edmicos . Seca dentro de 20 a 30 minutos.<\/h4>\n<h4>O endurecimento total ocorre durante 24 horas.<\/h4>\n","protected":false},"excerpt":{"rendered":"<p>&nbsp;<\/p>\n<ul>\n<li>\n<h4>F\u00f3rmula de Alta Resist\u00eancia<\/h4>\n<\/li>\n<li>\n<h4><span id=\"result_box\" class=\"\" lang=\"pt\"><span class=\"hps\">A Prova de Vibra\u00e7\u00e3o<\/span><\/span><\/h4>\n<\/li>\n<li>\n<h4><span id=\"result_box\" class=\"\" lang=\"pt\"><span class=\"hps\">Resiste \u00e0<\/span> <span class=\"hps\">maioria dos produtos qu\u00edmicos<\/span><\/span><\/h4>\n<\/li>\n<li>\n<h4>P<span id=\"result_box\" class=\"\" lang=\"pt\"><span class=\"hps\">ara<\/span> <span class=\"hps\">aplica\u00e7\u00f5es<\/span> <span class=\"hps\">que n\u00e3o exigem<\/span> d<span class=\"hps\">esmontagem<\/span> <span class=\"hps\">peri\u00f3dica<\/span><\/span><\/h4>\n<\/li>\n<\/ul>\n<h4><span style=\"color: #ff0000;\">Para saber o valor por caixa, por gentileza entre em contato conosco.<\/span><\/h4>\n<h4>Un: 50ml<\/h4>\n<h4>Cx: 12x50ml<\/h4>\n<h4><\/h4>\n<h4><\/h4>\n","protected":false},"featured_media":5160,"template":"","meta":{"_links_to":"","_links_to_target":""},"product_cat":[11],"product_tag":[],"_links":{"self":[{"href":"https:\/\/www.leus.com.br\/index.php?rest_route=\/wp\/v2\/product\/2279"}],"collection":[{"href":"https:\/\/www.leus.com.br\/index.php?rest_route=\/wp\/v2\/product"}],"about":[{"href":"https:\/\/www.leus.com.br\/index.php?rest_route=\/wp\/v2\/types\/product"}],"wp:featuredmedia":[{"embeddable":true,"href":"https:\/\/www.leus.com.br\/index.php?rest_route=\/wp\/v2\/media\/5160"}],"wp:attachment":[{"href":"https:\/\/www.leus.com.br\/index.php?rest_route=%2Fwp%2Fv2%2Fmedia&parent=2279"}],"wp:term":[{"taxonomy":"product_cat","embeddable":true,"href":"https:\/\/www.leus.com.br\/index.php?rest_route=%2Fwp%2Fv2%2Fproduct_cat&post=2279"},{"taxonomy":"product_tag","embeddable":true,"href":"https:\/\/www.leus.com.br\/index.php?rest_route=%2Fwp%2Fv2%2Fproduct_tag&post=2279"}],"curies":[{"name":"wp","href":"https:\/\/api.w.org\/{rel}","templated":true}]}}